{"id":92,"date":"2016-07-11T12:12:37","date_gmt":"2016-07-11T10:12:37","guid":{"rendered":"http:\/\/uplandschule.de\/?page_id=92"},"modified":"2023-09-06T10:56:31","modified_gmt":"2023-09-06T08:56:31","slug":"wahluntericht","status":"publish","type":"page","link":"https:\/\/uplandschule.de\/?page_id=92","title":{"rendered":"Individuelles Sch\u00fclerportfolio"},"content":{"rendered":"\n<p style=\"text-align: justify;\">Bei der Wahl der weiterf\u00fchrenden Schule spielen neben dem jeweils passenden Schulzweig auch die schulspezifischen Besonderheiten und p\u00e4dagogischen Schwerpunkte eine wichtige Rolle. Die Uplandschule Willingen zeichnet sich dabei durch vielf\u00e4ltige M\u00f6glichkeiten zur individuellen F\u00f6rderung eines jeden Einzelnen aus. Als kooperative Gesamtschule mit gymnasialer Oberstufe k\u00f6nnen hier alle Schulabschl\u00fcsse der Haupt- und Realschule sowie die der gymnasialen Bildungsg\u00e4nge bis hin zum Abitur abgelegt werden. Alle Sch\u00fclerinnen und Sch\u00fcler lernen dadurch gemeinsam unter einem Dach, wobei die individuellen Ausgangslagen und St\u00e4rken bestm\u00f6glich gef\u00f6rdert werden. In diesem Zusammenhang verschreibt sich die UPS in ihrem p\u00e4dagogischem Profil den Leitprinzipien Individualit\u00e4t \u2013 Durchl\u00e4ssigkeit \u2013 Kooperation.<\/p>\n<p style=\"text-align: justify;\">Um diesem Grundgedanken noch st\u00e4rker gerecht zu werden, wurde das Konzept des individuellen Sch\u00fclerportfolios seit dem Schuljahr 2021\/22 \u00fcberarbeitet und ausgeweitet. Das urspr\u00fcnglich aus dem R\u00fcckgang vom G8- zum G9-Modell des Gymnasiums erwachsene Portfolio wurde inzwischen auf alle Schulzweige ausgeweitet. Darin werden alle von den Lernenden freiwillig belegten Arbeitsgemeinschaften und sozialen Klassenprojekte aufgef\u00fchrt. Ziel dieser Ausweitung und Umstrukturierung ist es, die Schwerpunkte des p\u00e4dagogischen Profils der Schule in einer aussagekr\u00e4ftigen Sammlung zu b\u00fcndeln und belegte Kurse, Projekte und Zusatzqualifikationen zum Abschluss der Sekundarstufe I gemeinsam mit dem Zeugnis auszugeben. Dabei stellt das Portfolio eine Sammlung von Bescheinigungen und Zertifikaten dar, die einen \u00dcberblick \u00fcber die individuellen St\u00e4rken und Interessen des Einzelnen geben. Diesem Konzept liegt die \u00dcberzeugung zugrunde, dass ein solches Portfolio eine hohe Aussagekraft \u00fcber Kompetenzen und Qualifikationen eines jungen Menschen besitzt und dadurch eine sinnvolle Erg\u00e4nzung zu den schulischen Zeugnissen und darin abgebildeten Noten darstellt.<\/p>\n<p style=\"text-align: justify;\">Tragende S\u00e4ulen des individuellen Sch\u00fclerportfolios sind die <strong>Module \u201eSoziales Lernen\u201c, \u201eF\u00f6rdern und Fordern\u201c <\/strong>und<strong> \u201eSport\u201c<\/strong>, die je nach individueller Schwerpunktsetzung um Auszeichnungen im Bereich des Sozialen Praktikums, der Berufsorientierung und durch freiwillige Zusatzengagements wie Sprachzertifikate, die Teilnahme an schulischen Wettbewerben oder das Mitwirken in schulischen Gremien und bei Veranstaltungen erg\u00e4nzt werden und das eigene Profil sch\u00e4rfen k\u00f6nnen.<\/p>\n<p style=\"text-align: justify;\">Im Bereich <strong>\u201eSoziales Lernen\u201c<\/strong> werden im Klassenverband jahrgangsbezogene Projekte zur Pers\u00f6nlichkeitsst\u00e4rkung, zum Teamtraining und zur Sucht- und Gewaltpr\u00e4vention durchgef\u00fchrt.<\/p>\n<p style=\"text-align: justify;\">Das <strong>F\u00f6rder- und Forderprogramm<\/strong> der Uplandschule schafft individuelle und differenzierende Lernangebote im Rahmen des Nachmittagsangebots, bietet gezielte Vertiefung in einzelnen F\u00e4chern und erm\u00f6glicht eine st\u00e4rkenorientierte Kompetenzerweiterung in einem kommunikativen Rahmen und kleinen Lerngruppen.<\/p>\n<p style=\"text-align: justify;\">Das Modul <strong>\u201eSport\u201c<\/strong> bildet die umfassende sportliche Schwerpunktsetzung der Uplandschule ab: Neben Angeboten zum Einstieg in die Kernsportarten der UPS als Eliteschule des nordischen Skisports im Skilanglauf, Biathlon und Skisprung und zur Vertiefung dieser stehen weitere allgemeinsportliche AGs zur Auspr\u00e4gung der individuellen Sportbiografie zur Auswahl.<\/p>\n<p style=\"text-align: justify;\">Jede Sch\u00fclerin bzw. jeder Sch\u00fcler muss verbindlich w\u00e4hrend der Sekundarstufe I (Klassen 5-10) im Bereich \u201eSoziales Lernen\u201c pro Jahrgangsstufe ein Modul im Klassenverband belegen und w\u00e4hlt dar\u00fcber hinaus aus den Bereichen \u201eF\u00f6rdern und Fordern\u201c und \u201eSport\u201c <u>mindestens zwei weitere Module<\/u> (ein Schulhalbjahr = ein Modul) individuell aus. Bei Interesse k\u00f6nnen zus\u00e4tzliche Module belegt werden.<\/p>\n<p style=\"text-align: justify;\">Das Modulangebot, welches sich aus dem Ganztagsangebot ergibt, wird zu Beginn eines jeden Halbjahres neu erstellt und den Sch\u00fclerinnen und Sch\u00fclern in Form eines Einwahlzettels vorgelegt. Es wird empfohlen, die Vorgaben zum individuellen Sch\u00fclerportfolio bis zum Ende der Jahrgangsstufe 8 zu erf\u00fcllen, da in den h\u00f6heren Jahrgangsstufen das Modulangebot und die verf\u00fcgbare Zeit f\u00fcr AGs durch Nachmittagsunterricht sp\u00fcrbar abnehmen. Am Ende eines jeden Schuljahres werden die belegten Module durch die Klassenlehrkraft dokumentiert und best\u00e4tigt.<\/p>\n<p style=\"text-align: justify;\">Es k\u00f6nnen nur Module anerkannt werden, die im Unterricht oder im Rahmen des Ganztagsangebots der Uplandschule (Hausaufgabenbetreuung z\u00e4hlt nicht) belegt werden.<\/p>\n<p style=\"text-align: justify;\">Unabh\u00e4ngig vom Schulzweig und der pers\u00f6nlichen Schullaufbahnentwicklung schafft die Uplandschule somit Chancen und M\u00f6glichkeiten zum individuellen, sozialen und gemeinsamen Lernen f\u00fcr alle \u00fcber einen l\u00e4ngeren Zeitraum.<\/p>\n\n\n<p><a href=\"https:\/\/uplandschule.de\/wp-content\/uploads\/2023\/09\/Erlaeuterungen-zum-Schuelerportfolio-Anschreiben.pdf\">Erl\u00e4uterungen zum Sch\u00fclerportfolio\/Anschreiben<\/a><\/p>\n\n\n<div class=\"wp-block-file\"><a id=\"wp-block-file--media-39729589-6b1a-41a7-9e7d-509a6f13066d\" href=\"https:\/\/uplandschule.de\/wp-content\/uploads\/2021\/07\/Schaubild_Portfolio.pdf\" target=\"_blank\" rel=\"noreferrer noopener\">Schaubild_Portfolio<\/a><a href=\"https:\/\/uplandschule.de\/wp-content\/uploads\/2021\/07\/Schaubild_Portfolio.pdf\" class=\"wp-block-file__button\" download aria-describedby=\"wp-block-file--media-39729589-6b1a-41a7-9e7d-509a6f13066d\">Herunterladen<\/a><\/div>\n\n\n\n<p>Ansprechpartnerin:<\/p>\n\n\n\n<p>Frau Pack<br><a href=\"mailto:jennifer.pack@schule.hessen.de\">jennifer.pack@schule.hessen.de<\/a><\/p>\n","protected":false},"excerpt":{"rendered":"<p>Bei der Wahl der weiterf\u00fchrenden Schule spielen neben dem jeweils passenden Schulzweig auch die schulspezifischen Besonderheiten und p\u00e4dagogischen Schwerpunkte eine wichtige Rolle. Die Uplandschule Willingen zeichnet sich dabei durch vielf\u00e4ltige M\u00f6glichkeiten zur individuellen F\u00f6rderung eines jeden Einzelnen aus. Als kooperative Gesamtschule mit gymnasialer Oberstufe k\u00f6nnen hier alle Schulabschl\u00fcsse der Haupt- [&hellip;]<\/p>\n","protected":false},"author":11,"featured_media":0,"parent":0,"menu_order":0,"comment_status":"closed","ping_status":"closed","template":"","meta":{"footnotes":""},"class_list":["post-92","page","type-page","status-publish","hentry"],"_links":{"self":[{"href":"https:\/\/uplandschule.de\/index.php?rest_route=\/wp\/v2\/pages\/92","targetHints":{"allow":["GET"]}}],"collection":[{"href":"https:\/\/uplandschule.de\/index.php?rest_route=\/wp\/v2\/pages"}],"about":[{"href":"https:\/\/uplandschule.de\/index.php?rest_route=\/wp\/v2\/types\/page"}],"author":[{"embeddable":true,"href":"https:\/\/uplandschule.de\/index.php?rest_route=\/wp\/v2\/users\/11"}],"replies":[{"embeddable":true,"href":"https:\/\/uplandschule.de\/index.php?rest_route=%2Fwp%2Fv2%2Fcomments&post=92"}],"version-history":[{"count":13,"href":"https:\/\/uplandschule.de\/index.php?rest_route=\/wp\/v2\/pages\/92\/revisions"}],"predecessor-version":[{"id":22501,"href":"https:\/\/uplandschule.de\/index.php?rest_route=\/wp\/v2\/pages\/92\/revisions\/22501"}],"wp:attachment":[{"href":"https:\/\/uplandschule.de\/index.php?rest_route=%2Fwp%2Fv2%2Fmedia&parent=92"}],"curies":[{"name":"wp","href":"https:\/\/api.w.org\/{rel}","templated":true}]}}