{"id":82,"date":"2016-07-11T11:58:03","date_gmt":"2016-07-11T09:58:03","guid":{"rendered":"http:\/\/uplandschule.de\/?page_id=82"},"modified":"2026-05-05T13:31:24","modified_gmt":"2026-05-05T11:31:24","slug":"impressum","status":"publish","type":"page","link":"https:\/\/uplandschule.de\/?page_id=82","title":{"rendered":"Impressum"},"content":{"rendered":"<table style=\"height: 116px; width: 559px;\">\n<tbody>\n<tr>\n<td style=\"width: 116px; vertical-align: top;\"><strong>Impressum:<\/strong><\/td>\n<td style=\"width: 439px; text-align: left; vertical-align: top;\">Frau Barbara Pavlu, SchulleiterinUplandschule Willingen<br \/>\nKooperative Gesamtschule<br \/>\ndes Landkreises Waldeck-Frankenberg mit Grundschule<br \/>\nund gymnasialer Oberstufe<br \/>\nAuf dem Gehren 5 und 7<br \/>\nD-34508 Willingen (Upland)<br \/>\nTelefon: 0 5632 \u2013 6215 oder 6497<br \/>\nTelefax: 0 56 32 &#8211; 968141 u. 96479<br \/>\nE-Mail: sekretariat@uplandschule.de<\/td>\n<\/tr>\n<tr>\n<td style=\"width: 116px; vertical-align: top;\"><strong>Redaktion:<\/strong><\/td>\n<td style=\"width: 439px; text-align: left; vertical-align: top;\">Herr Dietmar Boie, Frau Daniela Manoury<\/td>\n<\/tr>\n<\/tbody>\n<\/table>\n<p><strong>1. Haftungsbeschr\u00e4nkung<\/strong><br \/>\nDie Inhalte unserer Internetseite werden mit Sorgfalt recherchiert. Dennoch<br \/>\n\u00fcbernehmen wir keine Haftung f\u00fcr die Vollst\u00e4ndigkeit oder Aktualit\u00e4t<br \/>\nder Informationen auf der Internetseite.<br \/>\nExterne Links unterliegen der Haftung des jeweiligen Betreibers. Der Autor erkl\u00e4rt, dass er<br \/>\nkeinerlei Einfluss auf die aktuelle und zuk\u00fcnftige Gestaltung und auf die Inhalte der<br \/>\ngelinkten Seiten hat. Das Setzen externer Links bedeutet nicht, dass wir uns die<br \/>\nInhalte, die hinter den Verweisen liegen, zu Eigen machen. Eine st\u00e4ndige Kontrolle ist<br \/>\nohne Hinweis auf etwaige Rechtsverst\u00f6\u00dfe nicht zumutbar.<\/p>\n<p><strong>2. Urheberrecht<\/strong><br \/>\na) Die auf unserer Webseite ver\u00f6ffentlichen Inhalte sind urheberrechtlich gesch\u00fctzt.<br \/>\nJede Verwendung bedarf der vorherigen Zustimmung, das gilt insbesondere f\u00fcr<br \/>\ndie Vervielf\u00e4ltigung, Bearbeitung, Speicherung oder Wiedergabe. Lediglich das<br \/>\nHerstellen von Kopien oder Downloads f\u00fcr den privaten Gebrauch ist erlaubt.<br \/>\nSollte im Rahmen der Gestaltung der Webseite der Uplandschule ein<br \/>\nUrheberrecht m\u00f6glicherweise verletzt worden sein, so wird die entsprechende<br \/>\nInformation, das Bild, die Grafik, \u2026 in dem Moment entfernt, in dem der<br \/>\nRechteinhaber sein Recht bei der Schulleiterin geltend macht.<\/p>\n<p>b) F\u00fcr alle Bilder von Personen gilt das Kunsturhebergesetz (vergl. \u00a722, 23<br \/>\nKunstUrhG), insbesondere gilt:<br \/>\n&#8211; Einzelportr\u00e4ts erfolgen ab sofort nur mit der Einwilligung der Mitglieder der<br \/>\nSchulgemeinde<br \/>\n&#8211; Bei Gruppenbildern, die auf Veranstaltungen entstanden sind oder zum Zweck<br \/>\nder Ver\u00f6ffentlichung gemacht wurden (Bilder bei Konzerten, w\u00e4hrend<br \/>\nProjekten, bei Sportveranstaltungen, \u2026) geht die Uplandschule solange von<br \/>\neinem durch die Teilnahme an der Veranstaltung erteilten Einverst\u00e4ndnis der<br \/>\nabgebildeten Person aus, bis durch einen Widerspruch der betreffenden<br \/>\nPerson oder eines Erziehungsberechtigten das Gegenteil bekannt wird.<br \/>\nDie Uplandschule beh\u00e4lt sich alle Rechte an den ver\u00f6ffentlichten Bildern vor.<\/p>\n<p><strong>3. Datenschutz<\/strong><br \/>\nDie Betreiber dieser Seiten nehmen den Schutz Ihrer pers\u00f6nlichen Daten sehr ernst.<br \/>\nWir behandeln Ihre personenbezogenen Daten vertraulich und entsprechend der<br \/>\ngesetzlichen Datenschutzvorschriften sowie dieser Datenschutzerkl\u00e4rung.<br \/>\nDie Nutzung unserer Webseite ist in der Regel ohne Angabe personenbezogener<br \/>\nDaten m\u00f6glich. Wir weisen darauf hin, dass die Daten\u00fcbertragung im Internet<br \/>\nSicherheitsl\u00fccken aufweisen kann.<\/p>\n<p>Stand 01.12.2023<\/p>\n","protected":false},"excerpt":{"rendered":"<p>Impressum: Frau Barbara Pavlu, SchulleiterinUplandschule Willingen Kooperative Gesamtschule des Landkreises Waldeck-Frankenberg mit Grundschule und gymnasialer Oberstufe Auf dem Gehren 5 und 7 D-34508 Willingen (Upland) Telefon: 0 5632 \u2013 6215 oder 6497 Telefax: 0 56 32 &#8211; 968141 u. 96479 E-Mail: sekretariat@uplandschule.de Redaktion: Herr Dietmar Boie, Frau Daniela Manoury 1. [&hellip;]<\/p>\n","protected":false},"author":11,"featured_media":0,"parent":0,"menu_order":0,"comment_status":"closed","ping_status":"closed","template":"","meta":{"footnotes":""},"class_list":["post-82","page","type-page","status-publish","hentry"],"_links":{"self":[{"href":"https:\/\/uplandschule.de\/index.php?rest_route=\/wp\/v2\/pages\/82","targetHints":{"allow":["GET"]}}],"collection":[{"href":"https:\/\/uplandschule.de\/index.php?rest_route=\/wp\/v2\/pages"}],"about":[{"href":"https:\/\/uplandschule.de\/index.php?rest_route=\/wp\/v2\/types\/page"}],"author":[{"embeddable":true,"href":"https:\/\/uplandschule.de\/index.php?rest_route=\/wp\/v2\/users\/11"}],"replies":[{"embeddable":true,"href":"https:\/\/uplandschule.de\/index.php?rest_route=%2Fwp%2Fv2%2Fcomments&post=82"}],"version-history":[{"count":15,"href":"https:\/\/uplandschule.de\/index.php?rest_route=\/wp\/v2\/pages\/82\/revisions"}],"predecessor-version":[{"id":25796,"href":"https:\/\/uplandschule.de\/index.php?rest_route=\/wp\/v2\/pages\/82\/revisions\/25796"}],"wp:attachment":[{"href":"https:\/\/uplandschule.de\/index.php?rest_route=%2Fwp%2Fv2%2Fmedia&parent=82"}],"curies":[{"name":"wp","href":"https:\/\/api.w.org\/{rel}","templated":true}]}}