{"id":59,"date":"2016-07-11T11:48:42","date_gmt":"2016-07-11T09:48:42","guid":{"rendered":"http:\/\/uplandschule.de\/?page_id=59"},"modified":"2025-11-17T18:06:05","modified_gmt":"2025-11-17T17:06:05","slug":"cafeteria","status":"publish","type":"page","link":"https:\/\/uplandschule.de\/?page_id=59","title":{"rendered":"Cafeteria"},"content":{"rendered":"<p><img loading=\"lazy\" decoding=\"async\" src=\"https:\/\/uplandschule.de\/wp-content\/uploads\/2025\/11\/cafeteria_2020_0003-300x225.jpg\" alt=\"\" width=\"300\" height=\"225\" class=\"size-medium wp-image-25422 alignleft\" srcset=\"https:\/\/uplandschule.de\/wp-content\/uploads\/2025\/11\/cafeteria_2020_0003-300x225.jpg 300w, https:\/\/uplandschule.de\/wp-content\/uploads\/2025\/11\/cafeteria_2020_0003-150x113.jpg 150w, https:\/\/uplandschule.de\/wp-content\/uploads\/2025\/11\/cafeteria_2020_0003-768x576.jpg 768w, https:\/\/uplandschule.de\/wp-content\/uploads\/2025\/11\/cafeteria_2020_0003.jpg 800w\" sizes=\"auto, (max-width: 300px) 100vw, 300px\" \/>Unsere ger\u00e4umige und modern gestaltete Cafeteria ist von Montag bis Freitag ge\u00f6ffnet und wird mit viel Engagement von unserer Mitarbeiterin Frau Friedrichs gef\u00fchrt. <span>Von\u00a0<\/span><span>9:30\u00a0<\/span><span>bis 14 Uhr k\u00f6nnen unsere Sch\u00fclerinnen und Sch\u00fcler<\/span> hier liebevoll zubereitete Br\u00f6tchen, Kleingeb\u00e4ck, gesunde Snacks und Getr\u00e4nke kaufen.<\/p>\n<p>Durch die Anschaffung eines Wasserspenders durch den F\u00f6rderverein der Schule, k\u00f6nnen sich unsere Sch\u00fcler*innen hier jederzeit kostenlos frisch aufbereitetes Wasser in ihre Flaschen abf\u00fcllen.<\/p>\n<p>In der Zeit von 12:30 bis 14 Uhr wird unsere Cafeteria f\u00fcr den Mittagstisch genutzt. Die Landfleischerei Knorr aus Eppe beliefert uns von Montag bis Freitag mit frisch gekochtem Essen. Unseren Speiseplan sowie die Anmeldungsmodalit\u00e4ten zum Mittagessen finde Sie <a href=\"https:\/\/uplandschule.de\/?page_id=16115\">hier<\/a>.<\/p>\n\n\n<figure class=\"wp-block-image\"><img loading=\"lazy\" decoding=\"async\" width=\"450\" height=\"600\" src=\"https:\/\/uplandschule.de\/wp-content\/uploads\/2020\/10\/cafeteria_2020_0005.jpg\" alt=\"\" class=\"wp-image-16113\" srcset=\"https:\/\/uplandschule.de\/wp-content\/uploads\/2020\/10\/cafeteria_2020_0005.jpg 450w, https:\/\/uplandschule.de\/wp-content\/uploads\/2020\/10\/cafeteria_2020_0005-113x150.jpg 113w, https:\/\/uplandschule.de\/wp-content\/uploads\/2020\/10\/cafeteria_2020_0005-225x300.jpg 225w\" sizes=\"auto, (max-width: 450px) 100vw, 450px\" \/><\/figure>\n","protected":false},"excerpt":{"rendered":"<p>Unsere ger\u00e4umige und modern gestaltete Cafeteria ist von Montag bis Freitag ge\u00f6ffnet und wird mit viel Engagement von unserer Mitarbeiterin Frau Friedrichs gef\u00fchrt. Von\u00a09:30\u00a0bis 14 Uhr k\u00f6nnen unsere Sch\u00fclerinnen und Sch\u00fcler hier liebevoll zubereitete Br\u00f6tchen, Kleingeb\u00e4ck, gesunde Snacks und Getr\u00e4nke kaufen. Durch die Anschaffung eines Wasserspenders durch den F\u00f6rderverein der [&hellip;]<\/p>\n","protected":false},"author":11,"featured_media":0,"parent":20,"menu_order":0,"comment_status":"closed","ping_status":"closed","template":"","meta":{"footnotes":""},"class_list":["post-59","page","type-page","status-publish","hentry"],"_links":{"self":[{"href":"https:\/\/uplandschule.de\/index.php?rest_route=\/wp\/v2\/pages\/59","targetHints":{"allow":["GET"]}}],"collection":[{"href":"https:\/\/uplandschule.de\/index.php?rest_route=\/wp\/v2\/pages"}],"about":[{"href":"https:\/\/uplandschule.de\/index.php?rest_route=\/wp\/v2\/types\/page"}],"author":[{"embeddable":true,"href":"https:\/\/uplandschule.de\/index.php?rest_route=\/wp\/v2\/users\/11"}],"replies":[{"embeddable":true,"href":"https:\/\/uplandschule.de\/index.php?rest_route=%2Fwp%2Fv2%2Fcomments&post=59"}],"version-history":[{"count":16,"href":"https:\/\/uplandschule.de\/index.php?rest_route=\/wp\/v2\/pages\/59\/revisions"}],"predecessor-version":[{"id":25424,"href":"https:\/\/uplandschule.de\/index.php?rest_route=\/wp\/v2\/pages\/59\/revisions\/25424"}],"up":[{"embeddable":true,"href":"https:\/\/uplandschule.de\/index.php?rest_route=\/wp\/v2\/pages\/20"}],"wp:attachment":[{"href":"https:\/\/uplandschule.de\/index.php?rest_route=%2Fwp%2Fv2%2Fmedia&parent=59"}],"curies":[{"name":"wp","href":"https:\/\/api.w.org\/{rel}","templated":true}]}}