{"id":47,"date":"2016-07-11T11:46:35","date_gmt":"2016-07-11T09:46:35","guid":{"rendered":"http:\/\/uplandschule.de\/?page_id=47"},"modified":"2024-10-14T21:07:45","modified_gmt":"2024-10-14T19:07:45","slug":"schulleitung","status":"publish","type":"page","link":"https:\/\/uplandschule.de\/?page_id=47","title":{"rendered":"Schulleitung"},"content":{"rendered":"\n<div class=\"wp-block-columns has-4-columns is-layout-flex wp-container-core-columns-is-layout-28f84493 wp-block-columns-is-layout-flex\">\n<div class=\"wp-block-column is-layout-flow wp-block-column-is-layout-flow\">\n<figure class=\"wp-block-image is-resized\"><img loading=\"lazy\" decoding=\"async\" src=\"https:\/\/uplandschule.de\/wp-content\/uploads\/2019\/02\/BP-2.png\" alt=\"\" class=\"wp-image-14136\" width=\"105\" height=\"150\"\/><figcaption><strong>Barbara Pavlu<\/strong><br>Schulleiterin<\/figcaption><\/figure>\n<\/div>\n\n\n\n<div class=\"wp-block-column is-layout-flow wp-block-column-is-layout-flow\">\n<figure class=\"wp-block-image is-resized\"><img loading=\"lazy\" decoding=\"async\" src=\"http:\/\/uplandschule.de\/wp-content\/uploads\/2019\/12\/BoieWeb.jpg\" alt=\"\" class=\"wp-image-14774\" width=\"108\" height=\"150\" srcset=\"https:\/\/uplandschule.de\/wp-content\/uploads\/2019\/12\/BoieWeb.jpg 591w, https:\/\/uplandschule.de\/wp-content\/uploads\/2019\/12\/BoieWeb-107x150.jpg 107w, https:\/\/uplandschule.de\/wp-content\/uploads\/2019\/12\/BoieWeb-214x300.jpg 214w\" sizes=\"auto, (max-width: 108px) 100vw, 108px\" \/><figcaption><strong>Dietmar Boie<\/strong><br>stellvertretender Schulleiter<\/figcaption><\/figure>\n<\/div>\n\n\n\n<div class=\"wp-block-column is-layout-flow wp-block-column-is-layout-flow\">\n<figure class=\"wp-block-image is-resized\"><img loading=\"lazy\" decoding=\"async\" src=\"https:\/\/uplandschule.de\/wp-content\/uploads\/2019\/02\/Wi.png\" alt=\"\" class=\"wp-image-14145\" width=\"104\" height=\"150\"\/><figcaption><strong>Carmen Wilke <\/strong>Studienleiterin<\/figcaption><\/figure>\n<\/div>\n\n\n\n<div class=\"wp-block-column is-layout-flow wp-block-column-is-layout-flow\">\n<figure class=\"wp-block-image is-resized\"><img loading=\"lazy\" decoding=\"async\" src=\"https:\/\/uplandschule.de\/wp-content\/uploads\/2019\/02\/Kd.png\" alt=\"\" class=\"wp-image-14146\" width=\"108\" height=\"150\"\/><figcaption><strong>Olivia Keindl<\/strong> Rektorin<br>f\u00fcr den Haupt-\/<br>Realschulzweig<\/figcaption><\/figure>\n<\/div>\n<\/div>\n\n\n\n<div class=\"wp-block-columns has-4-columns is-layout-flex wp-container-core-columns-is-layout-28f84493 wp-block-columns-is-layout-flex\">\n<div class=\"wp-block-column is-layout-flow wp-block-column-is-layout-flow\">\n<p class=\"has-text-align-center has-small-font-size\"><strong>J\u00f6rg&nbsp;Fuchs<\/strong><br><br>Rektor<br>f\u00fcr den Grundschulzweig<\/p>\n<\/div>\n\n\n\n<div class=\"wp-block-column is-layout-flow wp-block-column-is-layout-flow\">\n<p class=\"has-text-align-center has-small-font-size\"><strong>Birgit Sch\u00fctz<\/strong><br><br>Fachbereich I<br>(sprachl.-literar.-k\u00fcnstl. Aufgabenfeld)<\/p>\n<\/div>\n\n\n\n<div class=\"wp-block-column is-layout-flow wp-block-column-is-layout-flow\">\n<p class=\"has-text-align-center has-small-font-size\"><strong>Gabriele Englberger<\/strong><br><br>Fachbereich II<br>(gesellschaftswiss. Aufgabenfeld)<\/p>\n<\/div>\n\n\n\n<div class=\"wp-block-column is-layout-flow wp-block-column-is-layout-flow\">\n<p class=\"has-text-align-center has-small-font-size\"><strong>Oliver Blinn<br><\/strong><br>Fachbereich III<br>(math.-naturwiss. Aufgabenfeld) <\/p>\n<\/div>\n<\/div>\n\n\n\n<p><\/p>\n","protected":false},"excerpt":{"rendered":"<p>J\u00f6rg&nbsp;Fuchs Rektorf\u00fcr den Grundschulzweig Birgit Sch\u00fctz Fachbereich I(sprachl.-literar.-k\u00fcnstl. Aufgabenfeld) Gabriele Englberger Fachbereich II(gesellschaftswiss. Aufgabenfeld) Oliver BlinnFachbereich III(math.-naturwiss. Aufgabenfeld)<\/p>\n","protected":false},"author":11,"featured_media":0,"parent":20,"menu_order":0,"comment_status":"closed","ping_status":"closed","template":"","meta":{"footnotes":""},"class_list":["post-47","page","type-page","status-publish","hentry"],"_links":{"self":[{"href":"https:\/\/uplandschule.de\/index.php?rest_route=\/wp\/v2\/pages\/47","targetHints":{"allow":["GET"]}}],"collection":[{"href":"https:\/\/uplandschule.de\/index.php?rest_route=\/wp\/v2\/pages"}],"about":[{"href":"https:\/\/uplandschule.de\/index.php?rest_route=\/wp\/v2\/types\/page"}],"author":[{"embeddable":true,"href":"https:\/\/uplandschule.de\/index.php?rest_route=\/wp\/v2\/users\/11"}],"replies":[{"embeddable":true,"href":"https:\/\/uplandschule.de\/index.php?rest_route=%2Fwp%2Fv2%2Fcomments&post=47"}],"version-history":[{"count":94,"href":"https:\/\/uplandschule.de\/index.php?rest_route=\/wp\/v2\/pages\/47\/revisions"}],"predecessor-version":[{"id":24530,"href":"https:\/\/uplandschule.de\/index.php?rest_route=\/wp\/v2\/pages\/47\/revisions\/24530"}],"up":[{"embeddable":true,"href":"https:\/\/uplandschule.de\/index.php?rest_route=\/wp\/v2\/pages\/20"}],"wp:attachment":[{"href":"https:\/\/uplandschule.de\/index.php?rest_route=%2Fwp%2Fv2%2Fmedia&parent=47"}],"curies":[{"name":"wp","href":"https:\/\/api.w.org\/{rel}","templated":true}]}}