{"id":35,"date":"2016-07-11T11:42:48","date_gmt":"2016-07-11T09:42:48","guid":{"rendered":"http:\/\/uplandschule.de\/?page_id=35"},"modified":"2016-10-08T13:42:50","modified_gmt":"2016-10-08T11:42:50","slug":"gymnasium","status":"publish","type":"page","link":"https:\/\/uplandschule.de\/?page_id=35","title":{"rendered":"Gymnasium"},"content":{"rendered":"<p>Durch die R\u00fcckkehr der UPS zu G9 haben die Sch\u00fclerinnen und Sch\u00fcler ein <strong>Mehr an Zeit<\/strong> f\u00fcr bessere Lernerfolgsaussichten in der gymnasialen Mittelstufe und eine optimale Vorbereitung auf die Anforderungen der gymnasialen Oberstufe.<\/p>\n<p>Drei Schwerpunkte sind im p\u00e4dagogischen Profil verankert.<\/p>\n<h3>1.\u00a0Soziales Lernen<\/h3>\n<p>Die Uplandschule f\u00f6rdert gezielt soziale Kompetenzen, um die Pers\u00f6nlichkeit der Sch\u00fclerinnen und Sch\u00fcler zu st\u00e4rken. Verschiedene Schwerpunkte in den Jahrgangsstufen dienen dazu, sich der eigenen F\u00e4higkeiten bewusst zu werden und mit wachsender Eigenverantwortung andere davon profitieren zu lassen. Das verantwortungsvolle Engagement f\u00fcr andere und die Best\u00e4tigung, die die Sch\u00fclerinnen und Sch\u00fcler auf diese Weise erfahren, st\u00e4rken Selbstvertrauen und Selbstwertgef\u00fchl.<\/p>\n<h3>2.\u00a0F\u00f6rdern und Fordern<\/h3>\n<p>Im Rahmen des Programms \u201eF\u00f6rdern und Fordern\u201c bietet die Uplandschule ihren Sch\u00fclerinnen und Sch\u00fclern die Vorbereitung auf die weltweit bekannten und anerkannten Sprachzertifikate der \u201aCambridge University\u2018 und die \u201aDELF-Zertifikate\u2018 in Franz\u00f6sisch an. In den letzten Jahren haben die Teilnehmer aus unterschiedlichen Jahrgangsstufen ausnahmslos erfolgreich an den Vorbereitungskursen und den zentral abgehaltenen Pr\u00fcfungen teilgenommen.<\/p>\n<p>Au\u00dferdem soll das F\u00f6rder-Konzept diejenigen Sch\u00fclerinnen und Sch\u00fcler ansprechen, die in verschiedenen F\u00e4chern \u00fcber den regul\u00e4ren Unterricht hinaus Unterst\u00fctzung brauchen, welche \u00fcber die blo\u00dfe Hausaufgabenbetreuung hinausgeht. Es geht hierbei nicht darum, das im Unterricht Behandelte zu wiederholen, sondern es sinnvoll zu erweitern und in einem kommunikativen Kontext kompetenzorientiert zum Einsatz zu bringen.<\/p>\n<h3>3.\u00a0Sport<\/h3>\n<p>Im G9-Konzept an der Uplandschule wird interessierten Sch\u00fclerinnen und Sch\u00fclern von Beginn der Jahrgangsstufe 5 an die M\u00f6glichkeit gegeben, sich an vielf\u00e4ltigen Sportangeboten am Nachmittag zu beteiligen. Dabei soll jeder aufeinander aufbauende Kurse belegen k\u00f6nnen, um sich in der favorisierten Sportart zu festigen und in Verbindung mit au\u00dferschulischem Sport im Verein oder in der Freizeit eine eigene \u201eSportbiographie\u201c entwickeln zu k\u00f6nnen.<\/p>\n<h2>Gymnasiale Oberstufe<\/h2>\n<p>Die Oberstufe umfasst drei Jahrg\u00e4nge: die Einf\u00fchrungsphase und die daran anschlie\u00dfende zweij\u00e4hrige Qualifikationsphase, die mit der allgemeinen Hochschulreife (Abitur) abgeschlossen wird.<\/p>\n<p>Das Aush\u00e4ngeschild der Uplandschule sind die \u00fcberschaubaren Jahrgangsgr\u00f6\u00dfen (in der Regel 30 \u2013 45 Sch\u00fclerinnen und Sch\u00fcler), die eine intensive und individuelle F\u00f6rderung erm\u00f6glichen. In der Qualifikationsphase werden die F\u00e4cher in Grund- und Leistungskursen unterrichtet, die Kursgr\u00f6\u00dfe umfasst in der Regel 10 \u2013 20 Sch\u00fclerinnen und Sch\u00fcler.<\/p>\n<p>Es werden sechs Leistungskurse angeboten: Englisch, Mathematik, Biologie, Deutsch, Politik und Wirtschaft und Sport.<\/p>\n<p>Die Uplandschule ist eine Eliteschule des Sports. Deshalb bietet sie den Leistungssportlerinnen und -sportlern auch in der Oberstufe zahlreiche M\u00f6glichkeiten f\u00fcr eine optimale schulische Unterst\u00fctzung. Dazu geh\u00f6ren Kompensations- und Nachf\u00fchrunterricht, schulische Begleitung bei Lehrg\u00e4ngen und auch das Modell der Schulzeitstreckung (Oberstufe in 4 Jahren).<\/p>\n<p>Ein umfassendes Konzept zur Studien- und Berufsorientierung mit einem zweiw\u00f6chigen Praktikum in der Q2, ein Wirtschaftsplanspiel und zahlreiche au\u00dferschulische Lernorte (Exkursionen, Theaterbesuche, etc\u2026) runden das umfassende Lernangebot der Uplandschule ab.<\/p>\n<p>&nbsp;<\/p>\n","protected":false},"excerpt":{"rendered":"<p>Durch die R\u00fcckkehr der UPS zu G9 haben die Sch\u00fclerinnen und Sch\u00fcler ein Mehr an Zeit f\u00fcr bessere Lernerfolgsaussichten in der gymnasialen Mittelstufe und eine optimale Vorbereitung auf die Anforderungen der gymnasialen Oberstufe. Drei Schwerpunkte sind im p\u00e4dagogischen Profil verankert. 1.\u00a0Soziales Lernen Die Uplandschule f\u00f6rdert gezielt soziale Kompetenzen, um die [&hellip;]<\/p>\n","protected":false},"author":11,"featured_media":0,"parent":28,"menu_order":0,"comment_status":"closed","ping_status":"closed","template":"","meta":{"footnotes":""},"class_list":["post-35","page","type-page","status-publish","hentry"],"_links":{"self":[{"href":"https:\/\/uplandschule.de\/index.php?rest_route=\/wp\/v2\/pages\/35","targetHints":{"allow":["GET"]}}],"collection":[{"href":"https:\/\/uplandschule.de\/index.php?rest_route=\/wp\/v2\/pages"}],"about":[{"href":"https:\/\/uplandschule.de\/index.php?rest_route=\/wp\/v2\/types\/page"}],"author":[{"embeddable":true,"href":"https:\/\/uplandschule.de\/index.php?rest_route=\/wp\/v2\/users\/11"}],"replies":[{"embeddable":true,"href":"https:\/\/uplandschule.de\/index.php?rest_route=%2Fwp%2Fv2%2Fcomments&post=35"}],"version-history":[{"count":17,"href":"https:\/\/uplandschule.de\/index.php?rest_route=\/wp\/v2\/pages\/35\/revisions"}],"predecessor-version":[{"id":11751,"href":"https:\/\/uplandschule.de\/index.php?rest_route=\/wp\/v2\/pages\/35\/revisions\/11751"}],"up":[{"embeddable":true,"href":"https:\/\/uplandschule.de\/index.php?rest_route=\/wp\/v2\/pages\/28"}],"wp:attachment":[{"href":"https:\/\/uplandschule.de\/index.php?rest_route=%2Fwp%2Fv2%2Fmedia&parent=35"}],"curies":[{"name":"wp","href":"https:\/\/api.w.org\/{rel}","templated":true}]}}