{"id":31,"date":"2016-07-11T11:42:08","date_gmt":"2016-07-11T09:42:08","guid":{"rendered":"http:\/\/uplandschule.de\/?page_id=31"},"modified":"2022-07-14T13:19:38","modified_gmt":"2022-07-14T11:19:38","slug":"grundschule","status":"publish","type":"page","link":"https:\/\/uplandschule.de\/?page_id=31","title":{"rendered":"Betreuungsangebot an der Uplandschule"},"content":{"rendered":"<div id=\"c1986\" class=\"csc-default\"><\/div>\n<div id=\"c1987\" class=\"csc-default\"><\/div>\n<div id=\"c1985\" class=\"csc-default\">\n<div class=\"csc-textpic csc-textpic-center csc-textpic-above\">\n<div class=\"csc-textpic-imagewrap csc-textpic-single-image\"><img loading=\"lazy\" decoding=\"async\" class=\"alignnone\" src=\"http:\/\/uplandschule.de\/wp-content\/uploads\/2016\/07\/66d93eecb5.jpg\" width=\"396\" height=\"529\" border=\"0\" \/><\/div>\n<\/div>\n<div class=\"csc-textpic-clear\"><\/div>\n<\/div>\n<div id=\"c1977\" class=\"csc-default\">\n<div class=\"csc-header csc-header-n4\">\n<h3><strong>Betreuungszeiten\u00a0 \u00a0\u00a0\u00a0\u00a0\u00a0\u00a0\u00a0\u00a0\u00a0\u00a0\u00a0\u00a0\u00a0\u00a0\u00a0<\/strong><\/h3>\n<p><strong>Montag &#8211; Donnerstag<br \/><\/strong>7.30 \u2013\u00a0 8.45 Uhr und 12.25 \u2013 15.45 Uhr\u00a0\u00a0\u00a0\u00a0\u00a0\u00a0\u00a0\u00a0\u00a0\u00a0\u00a0\u00a0\u00a0<\/p>\n<p><strong>Freitag<br \/><\/strong>7.30 \u2013\u00a0 8.45 Uhr und 12.25 \u2013 15.45 Uhr\u00a0\u00a0\u00a0\u00a0\u00a0\u00a0\u00a0\u00a0\u00a0\u00a0\u00a0\u00a0\u00a0\u00a0\u00a0\u00a0\u00a0\u00a0\u00a0\u00a0\u00a0\u00a0\u00a0\u00a0\u00a0\u00a0\u00a0\u00a0\u00a0\u00a0\u00a0\u00a0\u00a0<\/p>\n<p>Die Betreuungszeiten k\u00f6nnen zudem auch individuell mit dem Betreuungspersonal abgesprochen werden.<\/p>\n<\/div>\n<\/div>\n<p>In der \u201e Betreuenden Grundschule\u201c werden Kinder der Jahrg\u00e4nge 1 bis 4 vor und nach dem Unterricht betreut. So haben Eltern die Gewissheit, dass ihre Kinder in einem verl\u00e4sslichen Zeitraum von ausgebildeten p\u00e4dagogischen Fachkr\u00e4ften beaufsichtigt und sinnvoll besch\u00e4ftigt werden.<br \/>Kinder, die am Nachmittagsangebot teilnehmen und in der Mittagspause nicht nach Hause fahren k\u00f6nnen <strong>m\u00fcssen<\/strong> in der Betreuung angemeldet sein. Dadurch ist die Aufsicht in der Zeit\u00a0 nach dem Unterricht bis zum Beginn der AG gew\u00e4hrleistet.<br \/>Tr\u00e4ger des Betreuungsangebotes ist grunds\u00e4tzlich der Landkreis Waldeck\u2013 Frankenberg. Die An- und Abmeldung erfolgt \u00fcber das Schulsekretariat. Anmeldungsformulare und Richtlinien sind dort oder beim Betreuungspersonal erh\u00e4ltlich.<br \/>Die Anmeldung sollte im Regelfall bis sp\u00e4testens in der Woche vor Beginn der Sommerferien erfolgen. Eine sp\u00e4tere Anmeldung ist im Ausnahmefall noch m\u00f6glich.<\/p>\n<h2><\/h2>\n<h3><strong>Kosten<\/strong><\/h3>\n<p>Der Kostenbeitrag f\u00fcr die Betreuung betr\u00e4gt monatlich f\u00fcr das erste Kind 36,00 \u20ac und f\u00fcr das zweite 27,00 \u20ac. Hinzu kommen \u2013 falls gew\u00fcnscht \u2013 die Kosten f\u00fcr das Mittagessen von 3,50 \u20ac.\u00a0 Besuchen drei oder mehr Kinder einer Familie das Betreuungsangebot, wird f\u00fcr das dritte und jedes weitere Kind kein Beitrag erhoben.<br \/>Antr\u00e4ge auf Kostenbefreiung k\u00f6nnen \u00fcber die Schule beim Landkreis gestellt werden.<\/p>\n<p><\/p>\n\n\n<figure class=\"wp-block-image size-full is-resized\"><img loading=\"lazy\" decoding=\"async\" src=\"https:\/\/uplandschule.de\/wp-content\/uploads\/2022\/07\/rutsch.jpg\" alt=\"\" class=\"wp-image-20153\" width=\"401\" height=\"301\" srcset=\"https:\/\/uplandschule.de\/wp-content\/uploads\/2022\/07\/rutsch.jpg 712w, https:\/\/uplandschule.de\/wp-content\/uploads\/2022\/07\/rutsch-300x225.jpg 300w, https:\/\/uplandschule.de\/wp-content\/uploads\/2022\/07\/rutsch-150x113.jpg 150w\" sizes=\"auto, (max-width: 401px) 100vw, 401px\" \/><\/figure>\n\n\n\n<p><\/p>\n\n\n\n<p><\/p>\n\n\n\n<h3 class=\"wp-block-heading\"><strong>Tanja Tannh\u00e4user und Vera Gro\u00df<\/strong><\/h3>\n\n\n\n<p>\u2026 stehen als erfahrene p\u00e4dagogische Mitarbeiterinnen zur Verf\u00fcgung. W\u00e4hrend der Betreuungszeiten machen sie vielf\u00e4ltige Spiel- und kreative Angebote, durch die die Kinder ihre individuellen, emotionalen, sozialen, kreativen und motorischen F\u00e4higkeiten entwickeln und st\u00e4rken k\u00f6nnen.<\/p>\n\n\n\n<figure class=\"wp-block-image size-full is-resized\"><img loading=\"lazy\" decoding=\"async\" src=\"https:\/\/uplandschule.de\/wp-content\/uploads\/2022\/07\/tannhaeuser.png\" alt=\"\" class=\"wp-image-20154\" width=\"403\" height=\"269\" srcset=\"https:\/\/uplandschule.de\/wp-content\/uploads\/2022\/07\/tannhaeuser.png 712w, https:\/\/uplandschule.de\/wp-content\/uploads\/2022\/07\/tannhaeuser-300x200.png 300w, https:\/\/uplandschule.de\/wp-content\/uploads\/2022\/07\/tannhaeuser-150x100.png 150w, https:\/\/uplandschule.de\/wp-content\/uploads\/2022\/07\/tannhaeuser-360x240.png 360w\" sizes=\"auto, (max-width: 403px) 100vw, 403px\" \/><figcaption><em>Tanja Tannh\u00e4user und Vera Gro\u00df (Handy: 0171 1786268)<\/em><\/figcaption><\/figure>\n\n\n\n<p>Individuelle Bed\u00fcrfnisse und&nbsp; Lebenssituationen der Kinder werden ber\u00fccksichtigt.<br>Freies Spielen, Malen und Werken, Backen, Lesen und Erz\u00e4hlen, allein oder mit anderen Kindern, drau\u00dfen spielen, mit Spielger\u00e4ten auf dem Schulhof toben oder beim Bepflanzen des Kr\u00e4utergartens helfen, sind Ausgleich zum&nbsp; Schulvormittag und eine sinnvolle Erg\u00e4nzung und Weiterf\u00fchrung der im Unterricht erworbenen F\u00e4higkeiten. Es gibt auch die M\u00f6glichkeit, nach dem Unterrichtsende Hausaufgaben zu machen. Das Betreuungsangebot versteht sich aber ausdr\u00fccklich nicht als Hausaufgabenhilfe bzw. Nachhilfe, was nicht bedeutet, dass Kinder bei kleineren Hausaufgabenproblemen nicht&nbsp; auch Unterst\u00fctzung erhalten.<\/p>\n\n\n\n<figure class=\"wp-block-gallery has-nested-images columns-default is-cropped wp-block-gallery-1 is-layout-flex wp-block-gallery-is-layout-flex\">\n<figure class=\"wp-block-image size-large\"><img loading=\"lazy\" decoding=\"async\" width=\"712\" height=\"534\" data-id=\"20155\" src=\"https:\/\/uplandschule.de\/wp-content\/uploads\/2022\/07\/schnippeln.jpg\" alt=\"\" class=\"wp-image-20155\" srcset=\"https:\/\/uplandschule.de\/wp-content\/uploads\/2022\/07\/schnippeln.jpg 712w, https:\/\/uplandschule.de\/wp-content\/uploads\/2022\/07\/schnippeln-300x225.jpg 300w, https:\/\/uplandschule.de\/wp-content\/uploads\/2022\/07\/schnippeln-150x113.jpg 150w\" sizes=\"auto, (max-width: 712px) 100vw, 712px\" \/><\/figure>\n\n\n\n<figure class=\"wp-block-image size-large\"><img loading=\"lazy\" decoding=\"async\" width=\"712\" height=\"534\" data-id=\"20156\" src=\"https:\/\/uplandschule.de\/wp-content\/uploads\/2022\/07\/kochen.jpg\" alt=\"\" class=\"wp-image-20156\" srcset=\"https:\/\/uplandschule.de\/wp-content\/uploads\/2022\/07\/kochen.jpg 712w, https:\/\/uplandschule.de\/wp-content\/uploads\/2022\/07\/kochen-300x225.jpg 300w, https:\/\/uplandschule.de\/wp-content\/uploads\/2022\/07\/kochen-150x113.jpg 150w\" sizes=\"auto, (max-width: 712px) 100vw, 712px\" \/><\/figure>\n<\/figure>\n\n\n\n<div class=\"wp-block-file\"><a id=\"wp-block-file--media-66d4effd-bb70-43aa-9a7f-195ae8a43953\" href=\"https:\/\/uplandschule.de\/wp-content\/uploads\/2022\/07\/flyer_betreuung.pdf\" target=\"_blank\" rel=\"noreferrer noopener\">flyer_betreuung<\/a><a href=\"https:\/\/uplandschule.de\/wp-content\/uploads\/2022\/07\/flyer_betreuung.pdf\" class=\"wp-block-file__button\" download aria-describedby=\"wp-block-file--media-66d4effd-bb70-43aa-9a7f-195ae8a43953\">Herunterladen<\/a><\/div>\n","protected":false},"excerpt":{"rendered":"<p>Betreuungszeiten\u00a0 \u00a0\u00a0\u00a0\u00a0\u00a0\u00a0\u00a0\u00a0\u00a0\u00a0\u00a0\u00a0\u00a0\u00a0\u00a0 Montag &#8211; Donnerstag7.30 \u2013\u00a0 8.45 Uhr und 12.25 \u2013 15.45 Uhr\u00a0\u00a0\u00a0\u00a0\u00a0\u00a0\u00a0\u00a0\u00a0\u00a0\u00a0\u00a0\u00a0 Freitag7.30 \u2013\u00a0 8.45 Uhr und 12.25 \u2013 15.45 Uhr\u00a0\u00a0\u00a0\u00a0\u00a0\u00a0\u00a0\u00a0\u00a0\u00a0\u00a0\u00a0\u00a0\u00a0\u00a0\u00a0\u00a0\u00a0\u00a0\u00a0\u00a0\u00a0\u00a0\u00a0\u00a0\u00a0\u00a0\u00a0\u00a0\u00a0\u00a0\u00a0\u00a0 Die Betreuungszeiten k\u00f6nnen zudem auch individuell mit dem Betreuungspersonal abgesprochen werden. In der \u201e Betreuenden Grundschule\u201c werden Kinder der Jahrg\u00e4nge 1 bis 4 vor und nach dem Unterricht [&hellip;]<\/p>\n","protected":false},"author":11,"featured_media":0,"parent":28,"menu_order":0,"comment_status":"closed","ping_status":"closed","template":"","meta":{"footnotes":""},"class_list":["post-31","page","type-page","status-publish","hentry"],"_links":{"self":[{"href":"https:\/\/uplandschule.de\/index.php?rest_route=\/wp\/v2\/pages\/31","targetHints":{"allow":["GET"]}}],"collection":[{"href":"https:\/\/uplandschule.de\/index.php?rest_route=\/wp\/v2\/pages"}],"about":[{"href":"https:\/\/uplandschule.de\/index.php?rest_route=\/wp\/v2\/types\/page"}],"author":[{"embeddable":true,"href":"https:\/\/uplandschule.de\/index.php?rest_route=\/wp\/v2\/users\/11"}],"replies":[{"embeddable":true,"href":"https:\/\/uplandschule.de\/index.php?rest_route=%2Fwp%2Fv2%2Fcomments&post=31"}],"version-history":[{"count":9,"href":"https:\/\/uplandschule.de\/index.php?rest_route=\/wp\/v2\/pages\/31\/revisions"}],"predecessor-version":[{"id":20159,"href":"https:\/\/uplandschule.de\/index.php?rest_route=\/wp\/v2\/pages\/31\/revisions\/20159"}],"up":[{"embeddable":true,"href":"https:\/\/uplandschule.de\/index.php?rest_route=\/wp\/v2\/pages\/28"}],"wp:attachment":[{"href":"https:\/\/uplandschule.de\/index.php?rest_route=%2Fwp%2Fv2%2Fmedia&parent=31"}],"curies":[{"name":"wp","href":"https:\/\/api.w.org\/{rel}","templated":true}]}}