{"id":23911,"date":"2024-07-11T11:10:18","date_gmt":"2024-07-11T09:10:18","guid":{"rendered":"https:\/\/uplandschule.de\/?page_id=23911"},"modified":"2024-07-11T11:15:52","modified_gmt":"2024-07-11T09:15:52","slug":"sporthelferausbildung-an-der-uplandschule-willingen","status":"publish","type":"page","link":"https:\/\/uplandschule.de\/?page_id=23911","title":{"rendered":"Sporthelferausbildung an der Uplandschule Willingen"},"content":{"rendered":"\n<figure class=\"wp-block-image size-large is-resized\"><img loading=\"lazy\" decoding=\"async\" src=\"https:\/\/uplandschule.de\/wp-content\/uploads\/2024\/06\/IMG_5691-1024x768.jpg\" alt=\"\" class=\"wp-image-23912\" width=\"563\" height=\"422\" srcset=\"https:\/\/uplandschule.de\/wp-content\/uploads\/2024\/06\/IMG_5691-1024x768.jpg 1024w, https:\/\/uplandschule.de\/wp-content\/uploads\/2024\/06\/IMG_5691-300x225.jpg 300w, https:\/\/uplandschule.de\/wp-content\/uploads\/2024\/06\/IMG_5691-150x113.jpg 150w, https:\/\/uplandschule.de\/wp-content\/uploads\/2024\/06\/IMG_5691-768x576.jpg 768w, https:\/\/uplandschule.de\/wp-content\/uploads\/2024\/06\/IMG_5691-1536x1152.jpg 1536w, https:\/\/uplandschule.de\/wp-content\/uploads\/2024\/06\/IMG_5691-2048x1536.jpg 2048w\" sizes=\"auto, (max-width: 563px) 100vw, 563px\" \/><\/figure>\n\n\n\n<p style=\"text-align: justify;\">Die Sporthelferausbildung ist eine Qualifizierungsma\u00dfnahme f\u00fcr sportlich interessierte und engagierte Sch\u00fclerinnen und Sch\u00fcler, die an der Uplandschule Willingen seit dem Schuljahr 2021\/22 durchgef\u00fchrt wird. Damit geh\u00f6rt die UPS hessenweit zu einer der ersten Schulen, die Sporthelferinnen und Sporthelfer ausbildet. \u201eDie Sportjugend Hessen hat gemeinsam mit dem Hessischen Kultusministerium und der Zentralstelle f\u00fcr Schulsport und Bewegungsf\u00f6rderung (ZFS) das Sporthelfer-Programm als Weiterentwicklung des Landesprogramms ,Schule und Verein` in Hessen eingef\u00fchrt.\u201c Als Grundlage und Vorbild gilt das seit dem Jahr 2001 in Nordrhein-Westfalen existierende Sporthelfer-Programm. Die erstmalige Qualifizierung von Sportlehrkr\u00e4ften zur Sporthelferausbildungst\u00e4tigkeit erfolgte bis Herbst 2021. Seit dem Schuljahr 2021\/22 werden j\u00e4hrlich neue Sporthelferinnen und Sporthelfer an der Uplandschule ausgebildet.<br \/>Dies sind speziell ausgebildete Sch\u00fclerinnen und Sch\u00fcler, die Bewegungs-, Spiel- und Sportangebote f\u00fcr Kinder und Jugendliche in Schule und Sportverein gestalten und durchf\u00fchren. Sie unterst\u00fctzen Lehrpersonen im Schulalltag und Kinder und Jugendliche in ihrer sportlichen, pers\u00f6nlichen und psychosozialen Entwicklung. Ziel ist es, den Kindern und Jugendlichen vielf\u00e4ltige Wahrnehmungs-, K\u00f6rper- und Bewegungserfahrungen zu erm\u00f6glichen und das Bewegungsangebot der Schule zu erweitern. In dem Programm erhalten Sch\u00fclerinnen und Sch\u00fcler im Alter von 13 bis 17 Jahren an ihrer Schule eine sportart\u00fcbergreifende Ausbildung durch ihre Sportlehrkr\u00e4fte. \u00d6rtliche, mit der Schule kooperierende Sportvereine werden einbezogen.<br \/>Die Vielfalt von Handlungs- und Einsatzfeldern f\u00fcr Sporthelferinnen und Sporthelfer (SH) in Schule und Verein ist gro\u00df. Damit bietet das Programm Jugendlichen im Teenager-Alter die Chance einer echten Partizipation und erm\u00f6glicht gleichzeitig das Sammeln von wichtigen Erfahrungen zur Pers\u00f6nlichkeitsentwicklung. <br \/>Seit der Einf\u00fchrung der Sporthelferausbildung an der Uplandschule wird diese im Rahmen des Wahlunterrichts der 9. Gymnasialklassen angeboten, weitere Ausbildungsm\u00f6glichkeiten auch f\u00fcr unsere Sch\u00fclerinnen und Sch\u00fcler anderer Bildungsg\u00e4nge werden angestrebt. <br \/>Ausf\u00fchrliche Darstellungen sind der <a href=\"https:\/\/uplandschule.de\/wp-content\/uploads\/2024\/06\/Konzeption-zur-Sporthelferausbildung_Variante-Homepage.pdf\">Konzeption zur Sporthelferausbildung an der UPS<\/a>\u00a0zu entnehmen.<\/p>\n<p style=\"text-align: justify;\"><br \/>F\u00fcr die Ausbildung relevante Downloads finden sich hier:\u00a0<\/p>\n<ul>\n<li><a href=\"https:\/\/uplandschule.de\/wp-content\/uploads\/2024\/06\/Ausbildungsvereinbarung.pdf\">Ausbildungsvereinbarung<\/a><\/li>\n<li><a href=\"https:\/\/uplandschule.de\/wp-content\/uploads\/2024\/06\/Sporthelferausbildung_Datenschutzerklaerung.pdf\">Datenschutzerkl\u00e4rung<\/a><\/li>\n<li><a href=\"https:\/\/uplandschule.de\/wp-content\/uploads\/2024\/06\/Hospitationsbescheinigung-SchuleVerein.pdf\">Hospitationsbescheinigungen<\/a><\/li>\n<li><a href=\"https:\/\/uplandschule.de\/wp-content\/uploads\/2024\/06\/Hospitationsbogen-1.pdf\">Hospitationsbogen<\/a><\/li>\n<\/ul>\n<p style=\"text-align: justify;\"><br \/><strong>Ansprechpartnerinnen und Kontakt:<\/strong><br \/>Frau Mota nina.mota@schule.hessen.de<br \/>Frau Pack jennifer.pack@schule.hessen.de<\/p>\n<p><strong>Unsere aktuellen Sporthelferinnen und Sporthelfer:<\/strong><br \/>Lissy Biederbick, Marco Bielau, Lena Burgart, Petra Costea, Nele Klingelh\u00f6fer, Philip Klo\u00df, Mariella Sauer, Anna Wilke, Lydia Witte, Frieda Behle, Radu Borca, Thea Cullotta, Felicia Dressler, Lars Engelbracht, Lina-Marie J\u00e4ger, Marieke Trachte, Lynn Willeke, Pia Bornemann, Thore Frank, Ahmed Kayali, Marie Keudel, Lara Saure, Klara Schlenger, Pascal Trachte, Mika Wagner, Silas Wagner, Pia Behle, Marit G\u00f6bel, Nina Linden, Orelda Rexhepaj, Lilli Saure, Amy Scharnhorst, Nicolas Br\u00fcne, Ole Frank, Oscar M\u00fcller, Jessica Reitz, Lena Schulze, Rika Schulze<\/p>\n<p><\/p>\n<p>Die nachfolgend aufgef\u00fchrten Berichte bieten einen Einblick in die vielf\u00e4ltigen T\u00e4tigkeitsfelder der Sporthelfer an der UPS:<br \/><a href=\"https:\/\/uplandschule.de\/?p=22421\">Wander-, Erlebnis- und Sporttage an der UPS<\/a>\u00a0<br \/><a href=\"https:\/\/uplandschule.de\/?p=20523\">Ehrung f\u00fcr Sporthelfer \u2013 erster Durchgang erfolgreich\u00a0<\/a><br \/><a href=\"https:\/\/uplandschule.de\/?p=19963\">Startschuss f\u00fcr den Pausensport in der Grundschule \u2013 Sporthelfer leiten Angebote an\u00a0<\/a><br \/><a href=\"https:\/\/uplandschule.de\/?p=18461\">Premiere an der Uplandschule \u2013 Hessenweit erstmalige Ausbildung von Sporthelfern gestartet<\/a>\u00a0<\/p>\n\n\n","protected":false},"excerpt":{"rendered":"<p>Die Sporthelferausbildung ist eine Qualifizierungsma\u00dfnahme f\u00fcr sportlich interessierte und engagierte Sch\u00fclerinnen und Sch\u00fcler, die an der Uplandschule Willingen seit dem Schuljahr 2021\/22 durchgef\u00fchrt wird. Damit geh\u00f6rt die UPS hessenweit zu einer der ersten Schulen, die Sporthelferinnen und Sporthelfer ausbildet. \u201eDie Sportjugend Hessen hat gemeinsam mit dem Hessischen Kultusministerium und der [&hellip;]<\/p>\n","protected":false},"author":15,"featured_media":0,"parent":0,"menu_order":0,"comment_status":"closed","ping_status":"closed","template":"","meta":{"footnotes":""},"class_list":["post-23911","page","type-page","status-publish","hentry"],"_links":{"self":[{"href":"https:\/\/uplandschule.de\/index.php?rest_route=\/wp\/v2\/pages\/23911","targetHints":{"allow":["GET"]}}],"collection":[{"href":"https:\/\/uplandschule.de\/index.php?rest_route=\/wp\/v2\/pages"}],"about":[{"href":"https:\/\/uplandschule.de\/index.php?rest_route=\/wp\/v2\/types\/page"}],"author":[{"embeddable":true,"href":"https:\/\/uplandschule.de\/index.php?rest_route=\/wp\/v2\/users\/15"}],"replies":[{"embeddable":true,"href":"https:\/\/uplandschule.de\/index.php?rest_route=%2Fwp%2Fv2%2Fcomments&post=23911"}],"version-history":[{"count":8,"href":"https:\/\/uplandschule.de\/index.php?rest_route=\/wp\/v2\/pages\/23911\/revisions"}],"predecessor-version":[{"id":24101,"href":"https:\/\/uplandschule.de\/index.php?rest_route=\/wp\/v2\/pages\/23911\/revisions\/24101"}],"wp:attachment":[{"href":"https:\/\/uplandschule.de\/index.php?rest_route=%2Fwp%2Fv2%2Fmedia&parent=23911"}],"curies":[{"name":"wp","href":"https:\/\/api.w.org\/{rel}","templated":true}]}}