{"id":23051,"date":"2023-12-16T20:21:11","date_gmt":"2023-12-16T19:21:11","guid":{"rendered":"https:\/\/uplandschule.de\/?page_id=23051"},"modified":"2023-12-20T15:12:47","modified_gmt":"2023-12-20T14:12:47","slug":"ups-redaktion","status":"publish","type":"page","link":"https:\/\/uplandschule.de\/?page_id=23051","title":{"rendered":"UPS Redaktion"},"content":{"rendered":"\n<h3><em>Junior-Journalist*innen<\/em><\/h3>\n\n\n\n<figure class=\"wp-block-image size-large is-resized\"><img loading=\"lazy\" decoding=\"async\" src=\"https:\/\/uplandschule.de\/wp-content\/uploads\/2023\/12\/PXL_20231212_143031565-1024x771.jpg\" alt=\"\" class=\"wp-image-23059\" width=\"463\" height=\"348\" srcset=\"https:\/\/uplandschule.de\/wp-content\/uploads\/2023\/12\/PXL_20231212_143031565-1024x771.jpg 1024w, https:\/\/uplandschule.de\/wp-content\/uploads\/2023\/12\/PXL_20231212_143031565-300x226.jpg 300w, https:\/\/uplandschule.de\/wp-content\/uploads\/2023\/12\/PXL_20231212_143031565-150x113.jpg 150w, https:\/\/uplandschule.de\/wp-content\/uploads\/2023\/12\/PXL_20231212_143031565-768x578.jpg 768w, https:\/\/uplandschule.de\/wp-content\/uploads\/2023\/12\/PXL_20231212_143031565-1536x1157.jpg 1536w, https:\/\/uplandschule.de\/wp-content\/uploads\/2023\/12\/PXL_20231212_143031565-2048x1542.jpg 2048w\" sizes=\"auto, (max-width: 463px) 100vw, 463px\" \/><figcaption><em>Redaktionssitzung<\/em><\/figcaption><\/figure>\n\n\n\n<p>Die UPS-Redaktion hat es sich zum Ziel gesetzt \u00fcber Aktuelles an der Uplandschule zu berichten. Dabei informiert die Arbeitsgruppe auf der Schulwebsite \u00fcber das Schulleben, Veranstaltungen und Pers\u00f6nlichkeiten unserer Schule. Sie schreiben Berichte \u00fcber Ereignisse, verfassen Artikel, f\u00fchren Interviews.<\/p>\n<p>Gemeinsam mit Frau Manoury werden daf\u00fcr zun\u00e4chst grundliegende Fragen gekl\u00e4rt, wie z.B.: Was macht eigentlich eine Journalistin oder ein Journalist? Wie schreibt man einen Beitrag f\u00fcr die Zeitung oder eine Homepage? Worin besteht der Unterschied zwischen einem Artikel und einem Kommentar? Was ist zu beachten, wenn man ein Interview f\u00fchrt?<\/p>\n<p>Das Erlernte wenden die Sch\u00fcler*innen anschlie\u00dfend an, indem sie allein oder in Kleingruppen unsere Sch\u00fclervertretung, Verbindungslehrkr\u00e4fte sowie andere Pers\u00f6nlichkeiten unserer Schule interviewen und \u00fcber wichtige Ereignisse und Sportveranstaltungen wie beispielsweise die Bundesjugendspiele oder Turniere berichten.<\/p>\n\n\n","protected":false},"excerpt":{"rendered":"<p>Junior-Journalist*innen Die UPS-Redaktion hat es sich zum Ziel gesetzt \u00fcber Aktuelles an der Uplandschule zu berichten. Dabei informiert die Arbeitsgruppe auf der Schulwebsite \u00fcber das Schulleben, Veranstaltungen und Pers\u00f6nlichkeiten unserer Schule. Sie schreiben Berichte \u00fcber Ereignisse, verfassen Artikel, f\u00fchren Interviews. Gemeinsam mit Frau Manoury werden daf\u00fcr zun\u00e4chst grundliegende Fragen gekl\u00e4rt, [&hellip;]<\/p>\n","protected":false},"author":15,"featured_media":0,"parent":0,"menu_order":0,"comment_status":"closed","ping_status":"closed","template":"","meta":{"footnotes":""},"class_list":["post-23051","page","type-page","status-publish","hentry"],"_links":{"self":[{"href":"https:\/\/uplandschule.de\/index.php?rest_route=\/wp\/v2\/pages\/23051","targetHints":{"allow":["GET"]}}],"collection":[{"href":"https:\/\/uplandschule.de\/index.php?rest_route=\/wp\/v2\/pages"}],"about":[{"href":"https:\/\/uplandschule.de\/index.php?rest_route=\/wp\/v2\/types\/page"}],"author":[{"embeddable":true,"href":"https:\/\/uplandschule.de\/index.php?rest_route=\/wp\/v2\/users\/15"}],"replies":[{"embeddable":true,"href":"https:\/\/uplandschule.de\/index.php?rest_route=%2Fwp%2Fv2%2Fcomments&post=23051"}],"version-history":[{"count":4,"href":"https:\/\/uplandschule.de\/index.php?rest_route=\/wp\/v2\/pages\/23051\/revisions"}],"predecessor-version":[{"id":23098,"href":"https:\/\/uplandschule.de\/index.php?rest_route=\/wp\/v2\/pages\/23051\/revisions\/23098"}],"wp:attachment":[{"href":"https:\/\/uplandschule.de\/index.php?rest_route=%2Fwp%2Fv2%2Fmedia&parent=23051"}],"curies":[{"name":"wp","href":"https:\/\/api.w.org\/{rel}","templated":true}]}}