{"id":22173,"date":"2023-06-21T10:37:03","date_gmt":"2023-06-21T08:37:03","guid":{"rendered":"https:\/\/uplandschule.de\/?page_id=22173"},"modified":"2023-06-21T10:41:23","modified_gmt":"2023-06-21T08:41:23","slug":"naeh-ag","status":"publish","type":"page","link":"https:\/\/uplandschule.de\/?page_id=22173","title":{"rendered":"N\u00e4h-AG"},"content":{"rendered":"\n<p style=\"text-align: justify;\">Wer immer noch meint N\u00e4hen w\u00e4re was f\u00fcr Omas, der war noch nicht in der N\u00e4h AG an der Uplandschule.<br \/>Hier erfahrt ihr alles andere als die verstaubte Vorstellung von Handarbeit, Knopf ann\u00e4hen und Stopfen.<br \/><img loading=\"lazy\" decoding=\"async\" src=\"https:\/\/uplandschule.de\/wp-content\/uploads\/2023\/06\/Naeh-AG-3-300x225.jpg\" alt=\"\" width=\"300\" height=\"225\" class=\"size-medium wp-image-22175 alignleft\" srcset=\"https:\/\/uplandschule.de\/wp-content\/uploads\/2023\/06\/Naeh-AG-3-300x225.jpg 300w, https:\/\/uplandschule.de\/wp-content\/uploads\/2023\/06\/Naeh-AG-3-1024x768.jpg 1024w, https:\/\/uplandschule.de\/wp-content\/uploads\/2023\/06\/Naeh-AG-3-150x113.jpg 150w, https:\/\/uplandschule.de\/wp-content\/uploads\/2023\/06\/Naeh-AG-3-768x576.jpg 768w, https:\/\/uplandschule.de\/wp-content\/uploads\/2023\/06\/Naeh-AG-3-1536x1152.jpg 1536w, https:\/\/uplandschule.de\/wp-content\/uploads\/2023\/06\/Naeh-AG-3-rotated.jpg 2016w\" sizes=\"auto, (max-width: 300px) 100vw, 300px\" \/>Mit modernen N\u00e4hmaschinen begeben wir uns nach einer Einf\u00fchrung in die Technik direkt an trendige N\u00e4hprojekte.<br \/>In einem Halbjahr kann da jeder schon eine Menge lernen. Wir schaffen n\u00e4mlich mehrere Projekte in diesere Zeit, so dass nach einem Kurs fundiertes Grundwissen und Sicherheit an der N\u00e4hmaschine garantiert ist.<br \/>Gemeinsam ausgew\u00e4hlte Projekte erm\u00f6glichen es kleine T\u00e4schen, Kissen, Etuis, Kuscheltiere oder Nadelkissen erfolgreich umzusetzen. Dabei schauen wir uns gemeinsam das Schnittmuster an, schneiden den Stoff danach aus und n\u00e4hen alle Teile nach und nach mit der Maschine und den passenden Stichen wieder zusammen.<img loading=\"lazy\" decoding=\"async\" src=\"https:\/\/uplandschule.de\/wp-content\/uploads\/2023\/06\/Naeh-AG-1-300x225.jpg\" alt=\"\" width=\"300\" height=\"225\" class=\"size-medium wp-image-22174 alignright\" srcset=\"https:\/\/uplandschule.de\/wp-content\/uploads\/2023\/06\/Naeh-AG-1-300x225.jpg 300w, https:\/\/uplandschule.de\/wp-content\/uploads\/2023\/06\/Naeh-AG-1-1024x768.jpg 1024w, https:\/\/uplandschule.de\/wp-content\/uploads\/2023\/06\/Naeh-AG-1-150x113.jpg 150w, https:\/\/uplandschule.de\/wp-content\/uploads\/2023\/06\/Naeh-AG-1-768x576.jpg 768w, https:\/\/uplandschule.de\/wp-content\/uploads\/2023\/06\/Naeh-AG-1-1536x1152.jpg 1536w, https:\/\/uplandschule.de\/wp-content\/uploads\/2023\/06\/Naeh-AG-1.jpg 2048w\" sizes=\"auto, (max-width: 300px) 100vw, 300px\" \/> <br \/>Wir arbeiten dabei immer im Team, so dass wir uns gegenseitig auch mal beim Einf\u00e4deln oder Spulen von neuem Garn helfen, uns gegenseitig Tipps zur richtigen N\u00e4htechnik geben oder auch mal beim Glattb\u00fcgeln vom Stoff zur Seite stehen. <br \/>Diese AG ist f\u00fcr alle Kinder genau das Richtige die Spa\u00df am kreativen Arbeiten haben, konzentriert aber spielerisch arbeiten wollen und sich ein Basiswissen am N\u00e4hen aneignen m\u00f6chten.<\/p>\n","protected":false},"excerpt":{"rendered":"<p>Wer immer noch meint N\u00e4hen w\u00e4re was f\u00fcr Omas, der war noch nicht in der N\u00e4h AG an der Uplandschule.Hier erfahrt ihr alles andere als die verstaubte Vorstellung von Handarbeit, Knopf ann\u00e4hen und Stopfen.Mit modernen N\u00e4hmaschinen begeben wir uns nach einer Einf\u00fchrung in die Technik direkt an trendige N\u00e4hprojekte.In einem [&hellip;]<\/p>\n","protected":false},"author":15,"featured_media":22178,"parent":0,"menu_order":0,"comment_status":"closed","ping_status":"closed","template":"","meta":{"footnotes":""},"class_list":["post-22173","page","type-page","status-publish","has-post-thumbnail","hentry"],"_links":{"self":[{"href":"https:\/\/uplandschule.de\/index.php?rest_route=\/wp\/v2\/pages\/22173","targetHints":{"allow":["GET"]}}],"collection":[{"href":"https:\/\/uplandschule.de\/index.php?rest_route=\/wp\/v2\/pages"}],"about":[{"href":"https:\/\/uplandschule.de\/index.php?rest_route=\/wp\/v2\/types\/page"}],"author":[{"embeddable":true,"href":"https:\/\/uplandschule.de\/index.php?rest_route=\/wp\/v2\/users\/15"}],"replies":[{"embeddable":true,"href":"https:\/\/uplandschule.de\/index.php?rest_route=%2Fwp%2Fv2%2Fcomments&post=22173"}],"version-history":[{"count":3,"href":"https:\/\/uplandschule.de\/index.php?rest_route=\/wp\/v2\/pages\/22173\/revisions"}],"predecessor-version":[{"id":22181,"href":"https:\/\/uplandschule.de\/index.php?rest_route=\/wp\/v2\/pages\/22173\/revisions\/22181"}],"wp:featuredmedia":[{"embeddable":true,"href":"https:\/\/uplandschule.de\/index.php?rest_route=\/wp\/v2\/media\/22178"}],"wp:attachment":[{"href":"https:\/\/uplandschule.de\/index.php?rest_route=%2Fwp%2Fv2%2Fmedia&parent=22173"}],"curies":[{"name":"wp","href":"https:\/\/api.w.org\/{rel}","templated":true}]}}