{"id":21715,"date":"2023-09-06T09:00:00","date_gmt":"2023-09-06T07:00:00","guid":{"rendered":"https:\/\/uplandschule.de\/?page_id=21715"},"modified":"2025-10-21T18:01:05","modified_gmt":"2025-10-21T16:01:05","slug":"wir-suchen-zum-neuen-schuljahr","status":"publish","type":"page","link":"https:\/\/uplandschule.de\/?page_id=21715","title":{"rendered":"Wir suchen&#8230;"},"content":{"rendered":"\n<p><\/p>\n<p>&#8230;. Lehrkraft im gymnasialen Lehramt mit dem Fach Physik\u00a0<\/p>\n<p>\u2026. p\u00e4dagogisch geschulte Kr\u00e4fte f\u00fcr das Ganztagsangebot von 14:00 bis 15:30\u00a0\u00a0<\/p>\n<p>\u2026 Lehramtsstudenten oder p\u00e4d. geschultes Personal f\u00fcr die Vertretungsreserve<\/p>\n<p>Wir freuen uns auf Ihre Kurzbewerbung gerne per Email an\u00a0<\/p>\n<p>poststelle7576@schule.hessen.de<\/p>\n","protected":false},"excerpt":{"rendered":"<p>&#8230;. Lehrkraft im gymnasialen Lehramt mit dem Fach Physik\u00a0 \u2026. p\u00e4dagogisch geschulte Kr\u00e4fte f\u00fcr das Ganztagsangebot von 14:00 bis 15:30\u00a0\u00a0 \u2026 Lehramtsstudenten oder p\u00e4d. geschultes Personal f\u00fcr die Vertretungsreserve Wir freuen uns auf Ihre Kurzbewerbung gerne per Email an\u00a0 poststelle7576@schule.hessen.de<\/p>\n","protected":false},"author":15,"featured_media":20337,"parent":0,"menu_order":0,"comment_status":"closed","ping_status":"closed","template":"","meta":{"footnotes":""},"class_list":["post-21715","page","type-page","status-publish","has-post-thumbnail","hentry"],"_links":{"self":[{"href":"https:\/\/uplandschule.de\/index.php?rest_route=\/wp\/v2\/pages\/21715","targetHints":{"allow":["GET"]}}],"collection":[{"href":"https:\/\/uplandschule.de\/index.php?rest_route=\/wp\/v2\/pages"}],"about":[{"href":"https:\/\/uplandschule.de\/index.php?rest_route=\/wp\/v2\/types\/page"}],"author":[{"embeddable":true,"href":"https:\/\/uplandschule.de\/index.php?rest_route=\/wp\/v2\/users\/15"}],"replies":[{"embeddable":true,"href":"https:\/\/uplandschule.de\/index.php?rest_route=%2Fwp%2Fv2%2Fcomments&post=21715"}],"version-history":[{"count":5,"href":"https:\/\/uplandschule.de\/index.php?rest_route=\/wp\/v2\/pages\/21715\/revisions"}],"predecessor-version":[{"id":25370,"href":"https:\/\/uplandschule.de\/index.php?rest_route=\/wp\/v2\/pages\/21715\/revisions\/25370"}],"wp:featuredmedia":[{"embeddable":true,"href":"https:\/\/uplandschule.de\/index.php?rest_route=\/wp\/v2\/media\/20337"}],"wp:attachment":[{"href":"https:\/\/uplandschule.de\/index.php?rest_route=%2Fwp%2Fv2%2Fmedia&parent=21715"}],"curies":[{"name":"wp","href":"https:\/\/api.w.org\/{rel}","templated":true}]}}