{"id":21282,"date":"2023-01-25T11:08:42","date_gmt":"2023-01-25T10:08:42","guid":{"rendered":"https:\/\/uplandschule.de\/?page_id=21282"},"modified":"2023-01-25T11:26:52","modified_gmt":"2023-01-25T10:26:52","slug":"ubus-an-der-uplandschule-2","status":"publish","type":"page","link":"https:\/\/uplandschule.de\/?page_id=21282","title":{"rendered":"UBUS an der Uplandschule"},"content":{"rendered":"\n<p><span style=\"text-decoration: underline;\"><strong>Meine Aufgaben an der Uplandschule:<\/strong><\/span><\/p>\n<ul>\n<li>Schwerpunkt der sozialp\u00e4dagogischen Begleitung w\u00e4hrend des Unterrichts in den Klassen 5-7 HR<\/li>\n<li>Beratung von Sch\u00fclerinnen und Sch\u00fclern, Lehrkr\u00e4ften und Eltern in der offenen Sprechstunde oder nach Absprache<\/li>\n<li>Elterngespr\u00e4che mit den Lehrerinnen und Lehrern gemeinsam zu f\u00fchren<\/li>\n<li>Bei Bedarf Sch\u00fclerinnen und Sch\u00fcler, Lehrerinnen und Lehrer im Unterricht sozialp\u00e4dagogisch zu unterst\u00fctzen<\/li>\n<li>Teilnahme an Konferenzen, Klassenkonferenzen, Klassenrat<\/li>\n<li>Teilnahme am Beratungs- und Krisenteam der Uplandschule<\/li>\n<li>Kontakt und Vernetzung mit dem Jugendamt, therapeutischen Einrichtungen etc.<\/li>\n<li>Projekte und Gruppenarbeit anzubieten<\/li>\n<\/ul>\n","protected":false},"excerpt":{"rendered":"<p>Meine Aufgaben an der Uplandschule: Schwerpunkt der sozialp\u00e4dagogischen Begleitung w\u00e4hrend des Unterrichts in den Klassen 5-7 HR Beratung von Sch\u00fclerinnen und Sch\u00fclern, Lehrkr\u00e4ften und Eltern in der offenen Sprechstunde oder nach Absprache Elterngespr\u00e4che mit den Lehrerinnen und Lehrern gemeinsam zu f\u00fchren Bei Bedarf Sch\u00fclerinnen und Sch\u00fcler, Lehrerinnen und Lehrer im [&hellip;]<\/p>\n","protected":false},"author":15,"featured_media":0,"parent":0,"menu_order":0,"comment_status":"closed","ping_status":"closed","template":"","meta":{"footnotes":""},"class_list":["post-21282","page","type-page","status-publish","hentry"],"_links":{"self":[{"href":"https:\/\/uplandschule.de\/index.php?rest_route=\/wp\/v2\/pages\/21282","targetHints":{"allow":["GET"]}}],"collection":[{"href":"https:\/\/uplandschule.de\/index.php?rest_route=\/wp\/v2\/pages"}],"about":[{"href":"https:\/\/uplandschule.de\/index.php?rest_route=\/wp\/v2\/types\/page"}],"author":[{"embeddable":true,"href":"https:\/\/uplandschule.de\/index.php?rest_route=\/wp\/v2\/users\/15"}],"replies":[{"embeddable":true,"href":"https:\/\/uplandschule.de\/index.php?rest_route=%2Fwp%2Fv2%2Fcomments&post=21282"}],"version-history":[{"count":6,"href":"https:\/\/uplandschule.de\/index.php?rest_route=\/wp\/v2\/pages\/21282\/revisions"}],"predecessor-version":[{"id":21298,"href":"https:\/\/uplandschule.de\/index.php?rest_route=\/wp\/v2\/pages\/21282\/revisions\/21298"}],"wp:attachment":[{"href":"https:\/\/uplandschule.de\/index.php?rest_route=%2Fwp%2Fv2%2Fmedia&parent=21282"}],"curies":[{"name":"wp","href":"https:\/\/api.w.org\/{rel}","templated":true}]}}