{"id":21270,"date":"2023-01-24T13:04:49","date_gmt":"2023-01-24T12:04:49","guid":{"rendered":"https:\/\/uplandschule.de\/?page_id=21270"},"modified":"2023-02-07T11:07:02","modified_gmt":"2023-02-07T10:07:02","slug":"ubus-an-der-uplandschule","status":"publish","type":"page","link":"https:\/\/uplandschule.de\/?page_id=21270","title":{"rendered":"UBUS an der Uplandschule"},"content":{"rendered":"\n<h2><em>UBUS &#8211; Was ist das eigentlich?<\/em><\/h2>\n\n\n\n<figure class=\"wp-block-image size-full is-resized\"><img loading=\"lazy\" decoding=\"async\" src=\"https:\/\/uplandschule.de\/wp-content\/uploads\/2023\/01\/IMG-20230125-WA0002-1.jpg\" alt=\"\" class=\"wp-image-21280\" width=\"192\" height=\"211\" srcset=\"https:\/\/uplandschule.de\/wp-content\/uploads\/2023\/01\/IMG-20230125-WA0002-1.jpg 800w, https:\/\/uplandschule.de\/wp-content\/uploads\/2023\/01\/IMG-20230125-WA0002-1-274x300.jpg 274w, https:\/\/uplandschule.de\/wp-content\/uploads\/2023\/01\/IMG-20230125-WA0002-1-137x150.jpg 137w, https:\/\/uplandschule.de\/wp-content\/uploads\/2023\/01\/IMG-20230125-WA0002-1-768x842.jpg 768w\" sizes=\"auto, (max-width: 192px) 100vw, 192px\" \/><\/figure>\n\n\n\n<p>Mein Name ist Kathrin Kopinski, ich bin Dipl. Sozialp\u00e4dagogin\/Sozialarbeiterin und seit diesem Schuljahr als &#8222;<strong>U<\/strong>nterrichts<strong>B<\/strong>egleitende <strong>U<\/strong>nterst\u00fctzung durch <strong>S<\/strong>ozialp\u00e4dagogische Fachkr\u00e4fte&#8220; an der Uplandschule t\u00e4tig. Nachdem ich zuletzt \u00fcber 10 Jahre in einer Erziehungs- und Familienberatungsstelle gearbeitet habe, freue ich mich, Sch\u00fclerInnen, Eltern und Lehrkr\u00e4fte im Schulalltag begleiten zu d\u00fcrfen. Unterricht kann manchmal ganz sch\u00f6n fordernd und anstrengend sein und auch neben dem Unterricht gibt es Dinge, die Sch\u00fclerInnen bewegen und den Schulalltag beeinflussen k\u00f6nnen.<\/p>\n<p>Bei Fragen zu schulischen Themen, wird <a href=\"https:\/\/uplandschule.de\/?page_id=21282\">Unterst\u00fctzung oder Beratung<\/a> ben\u00f6tigt, dann haben Sie die M\u00f6glichkeit, <strong>montags zwischen 8.45 Uhr und 10.30 Uhr <\/strong>und<strong> mittwochs zwischen 8.45 Uhr und 9.30 Uhr<\/strong> in meine <strong>Sprechstunde<\/strong> zu kommen. Ich bitte um kurze Terminabsprache per E-Mail. Gerne rufe ich Sie auch zur\u00fcck (Kontaktaufnahme \u00fcber das Sekretariat der Uplandschule: 05632\/6215 oder 05632\/6497)<\/p>\n<p>Ich freue mich die HR5-HR7 zu unterst\u00fctzen und auf eine gute Zusammenarbeit.<\/p>\n","protected":false},"excerpt":{"rendered":"<p>UBUS &#8211; Was ist das eigentlich? Mein Name ist Kathrin Kopinski, ich bin Dipl. Sozialp\u00e4dagogin\/Sozialarbeiterin und seit diesem Schuljahr als &#8222;UnterrichtsBegleitende Unterst\u00fctzung durch Sozialp\u00e4dagogische Fachkr\u00e4fte&#8220; an der Uplandschule t\u00e4tig. Nachdem ich zuletzt \u00fcber 10 Jahre in einer Erziehungs- und Familienberatungsstelle gearbeitet habe, freue ich mich, Sch\u00fclerInnen, Eltern und Lehrkr\u00e4fte im [&hellip;]<\/p>\n","protected":false},"author":15,"featured_media":0,"parent":0,"menu_order":0,"comment_status":"closed","ping_status":"closed","template":"","meta":{"footnotes":""},"class_list":["post-21270","page","type-page","status-publish","hentry"],"_links":{"self":[{"href":"https:\/\/uplandschule.de\/index.php?rest_route=\/wp\/v2\/pages\/21270","targetHints":{"allow":["GET"]}}],"collection":[{"href":"https:\/\/uplandschule.de\/index.php?rest_route=\/wp\/v2\/pages"}],"about":[{"href":"https:\/\/uplandschule.de\/index.php?rest_route=\/wp\/v2\/types\/page"}],"author":[{"embeddable":true,"href":"https:\/\/uplandschule.de\/index.php?rest_route=\/wp\/v2\/users\/15"}],"replies":[{"embeddable":true,"href":"https:\/\/uplandschule.de\/index.php?rest_route=%2Fwp%2Fv2%2Fcomments&post=21270"}],"version-history":[{"count":5,"href":"https:\/\/uplandschule.de\/index.php?rest_route=\/wp\/v2\/pages\/21270\/revisions"}],"predecessor-version":[{"id":21417,"href":"https:\/\/uplandschule.de\/index.php?rest_route=\/wp\/v2\/pages\/21270\/revisions\/21417"}],"wp:attachment":[{"href":"https:\/\/uplandschule.de\/index.php?rest_route=%2Fwp%2Fv2%2Fmedia&parent=21270"}],"curies":[{"name":"wp","href":"https:\/\/api.w.org\/{rel}","templated":true}]}}