{"id":20,"date":"2016-07-11T11:36:49","date_gmt":"2016-07-11T09:36:49","guid":{"rendered":"http:\/\/uplandschule.de\/?page_id=20"},"modified":"2026-02-19T10:32:43","modified_gmt":"2026-02-19T09:32:43","slug":"unsere-schule","status":"publish","type":"page","link":"https:\/\/uplandschule.de\/?page_id=20","title":{"rendered":"Die Uplandschule und ihr Profil"},"content":{"rendered":"\n<figure class=\"wp-block-embed is-type-video is-provider-youtube wp-block-embed-youtube wp-embed-aspect-4-3 wp-has-aspect-ratio wp-embed-aspect-16-9\"><div class=\"wp-block-embed__wrapper\">\nhttps:\/\/youtu.be\/AIlLJ58BbfI\n<\/div><\/figure>\n\n\n<p><strong><a href=\"https:\/\/360.marxram.de\/UPS1\/\" target=\"_blank\" rel=\"noreferrer noopener\" aria-label=\"360\u00b0-Ansicht der Uplandschule (\u00f6ffnet in neuem Tab)\">360\u00b0-Ansicht der Uplandschule<\/a><\/strong>\u00a0(Bildrechte: Erich Marx)<br \/>Um die 360\u00b0-Ansicht mit Geb\u00e4udebeschriftungen anzuzeigen, oben links auf die drei Striche und dann auf Geb\u00e4ude A-F klicken.<\/p>\n<p><a href=\"https:\/\/uplandschule.de\/wp-content\/uploads\/2021\/06\/3.I.2-Leitgedanken-der-Uplandschule.pdf\">Leitgedanken der Uplandschule<\/a><\/p>\n<p><\/p>\n<p><em>Klasse 1 bis 13 &#8211; alle Schulformen unter einem Dach<\/em><\/p>\n<p>Die Uplandschule Willingen (kurz UPS) ist eine kooperative Gesamtschule des Landkreises Waldeck-Frankenberg und vereint Grund-, Haupt- und Realschule sowie einen gymnasialen Zweig bis zur Klasse\u00a010\u00a0(G9-Modell) und den Bildungsgang der gymnasialen Oberstufe bis zum Abitur. Damit ist die UPS im Kreisgebiet einmalig. Das Einzugsgebiet umfasst die Gro\u00dfgemeinden Willingen und Diemelsee, die Umgebung von Brilon, Olsberg sowie den Raum Korbach.<\/p>\n<p>In der\u00a0 Sekundarstufe I gibt es pro Jahrgang in der Regel drei Klassen, Haupt- und Realsch\u00fcler werden in den Jahrg\u00e4ngen 5 und 6 gemeinsam mit innerer Differenzierung, ab Klasse 7 in den F\u00e4chern Englisch, Deutsch und Mathematik\u00a0 bzw. in den F\u00e4chern getrennt unterrichtet, in denen sich die Stundentafeln schulformbezogen unterscheiden. Kleine Klassen und Kurse erm\u00f6glichen ein individuelles Arbeiten.<\/p>\n<p>Neben Englisch werden als Fremdsprachen Franz\u00f6sisch (Realschule &amp; Gymnasium) und Latein (Gymnasialzweig) angeboten. Sch\u00fclerinnen und Sch\u00fcler k\u00f6nnen an der UPS den Hauptschul- bzw. den Mittleren Abschluss,\u00a0den schulischen Teil der\u00a0Fachhochschulreife oder das Abitur erwerben. In der gymnasialen Oberstufe haben sie\u00a0in der Regel\u00a0die Wahl zwischen Leistungskursen in den F\u00e4chern Deutsch, Mathematik, Englisch, Biologie, PoWi und Sport. Der Wahlpflicht- bzw. Wahlunterricht der Sekundarstufe I umfasst Angebote aus dem sprachlichen, k\u00fcnstlerischen, musischen, sportlichen und naturwissenschaftlichen Bereich. Dies umfasst auch Informatik und Arbeitslehre. Im Jahrgang 9 und 12 findet regelm\u00e4\u00dfig ein Betriebspraktikum statt. Das kulturelle Leben der Schule wird bereichert durch die Schulpartnerschaft mit einer Schule in Ch\u00e2teaudun (Frankreich) sowie durch regelm\u00e4\u00dfig stattfindende Theaterbesuche in Kassel bzw. Marburg.<\/p>\n<p>Die Uplandschule bietet f\u00fcr Grundsch\u00fcler eine Betreuung ab 7.30 Uhr an. F\u00fcr alle Sch\u00fcler*innen besteht von Montag bis Freitag in der Schule die M\u00f6glichkeit zum Mittagessen sowie zur Teilnahme an einem umfangreichen Programm mit Arbeitsgemeinschaften im Rahmen der p\u00e4dagogischen Mittagsbetreuung bis 15.30 Uhr.<\/p>\n<p>Bereits in den 80-er Jahren f\u00f6rderten die Vorg\u00e4ngerschulen der UPS in Verbindung mit dem damals gegr\u00fcndeten Skiinternat Nachwuchstalente in wintersportlichen Disziplinen, zun\u00e4chst im Langlauf und Biathlon. Sp\u00e4ter kamen Skisprung und Nordische Kombination hinzu. Heute ist die Uplandschule Eliteschule des nordischen Skisports und hat ein umfangreiches Unterst\u00fctzungsangebot f\u00fcr (angehende) Leistungssportler.<\/p>\n<p>F\u00fcr Anf\u00e4nger und Fortgeschrittene besteht die M\u00f6glichkeit, im Rahmen von Arbeitsgemeinschaften in der Grundschule und in der weiterf\u00fchrenden Schule jeweils zum Halbjahreswechsel ins Training einzusteigen.<\/p>\n<p><em>B. Pavlu, Schulleiterin<\/em><\/p>","protected":false},"excerpt":{"rendered":"<p>360\u00b0-Ansicht der Uplandschule\u00a0(Bildrechte: Erich Marx)Um die 360\u00b0-Ansicht mit Geb\u00e4udebeschriftungen anzuzeigen, oben links auf die drei Striche und dann auf Geb\u00e4ude A-F klicken. Leitgedanken der Uplandschule Klasse 1 bis 13 &#8211; alle Schulformen unter einem Dach Die Uplandschule Willingen (kurz UPS) ist eine kooperative Gesamtschule des Landkreises Waldeck-Frankenberg und vereint Grund-, [&hellip;]<\/p>\n","protected":false},"author":11,"featured_media":16915,"parent":0,"menu_order":0,"comment_status":"closed","ping_status":"closed","template":"","meta":{"footnotes":""},"class_list":["post-20","page","type-page","status-publish","has-post-thumbnail","hentry"],"_links":{"self":[{"href":"https:\/\/uplandschule.de\/index.php?rest_route=\/wp\/v2\/pages\/20","targetHints":{"allow":["GET"]}}],"collection":[{"href":"https:\/\/uplandschule.de\/index.php?rest_route=\/wp\/v2\/pages"}],"about":[{"href":"https:\/\/uplandschule.de\/index.php?rest_route=\/wp\/v2\/types\/page"}],"author":[{"embeddable":true,"href":"https:\/\/uplandschule.de\/index.php?rest_route=\/wp\/v2\/users\/11"}],"replies":[{"embeddable":true,"href":"https:\/\/uplandschule.de\/index.php?rest_route=%2Fwp%2Fv2%2Fcomments&post=20"}],"version-history":[{"count":19,"href":"https:\/\/uplandschule.de\/index.php?rest_route=\/wp\/v2\/pages\/20\/revisions"}],"predecessor-version":[{"id":25681,"href":"https:\/\/uplandschule.de\/index.php?rest_route=\/wp\/v2\/pages\/20\/revisions\/25681"}],"wp:featuredmedia":[{"embeddable":true,"href":"https:\/\/uplandschule.de\/index.php?rest_route=\/wp\/v2\/media\/16915"}],"wp:attachment":[{"href":"https:\/\/uplandschule.de\/index.php?rest_route=%2Fwp%2Fv2%2Fmedia&parent=20"}],"curies":[{"name":"wp","href":"https:\/\/api.w.org\/{rel}","templated":true}]}}