{"id":193,"date":"2016-07-12T10:10:09","date_gmt":"2016-07-12T08:10:09","guid":{"rendered":"http:\/\/uplandschule.de\/?page_id=193"},"modified":"2016-12-11T09:59:33","modified_gmt":"2016-12-11T08:59:33","slug":"mathematik","status":"publish","type":"page","link":"https:\/\/uplandschule.de\/?page_id=193","title":{"rendered":"Mathematik"},"content":{"rendered":"<div id=\"c1860\" class=\"csc-default\">\n<div class=\"csc-header csc-header-n1\">\n<h2 class=\"csc-firstHeader\">Silber bei internationaler Mathematik-Meisterschaft<\/h2>\n<\/div>\n<p class=\"bodytext\">In der bulgarischen Hauptstadt Sofia waren elf Mannschaften aus acht L\u00e4ndern am Start (je zwei Teams aus Frankreich, Rum\u00e4nien und Deutschland sowie jeweils ein Team aus Russland, Wei\u00dfrussland, Bulgarien, Georgien und Brasilien). Uplandsch\u00fcler Benjamin Lieser wurde erneut seinem Ruf als Mathe-Genie gerecht: Gemeinsam mit Maik, Malte, Noemi und Colin aus Bremen sowie Felix aus Niedersachsen sicherte er sich eine Silbermedaille. Das Team teilte sich den zweiten Platz mit Frankreich II und Wei\u00dfrussland.<\/p>\n<\/div>\n<div id=\"c1523\" class=\"csc-default\">\n<div class=\"csc-header csc-header-n2\">\n<h2>Ergebnisse der mathematischen Wettbewerbe<\/h2>\n<\/div>\n<p class=\"bodytext\"><b><\/b><b>Mathematik-Olympiade Landesrunde<\/b><\/p>\n<p class=\"bodytext\">Teilnehmer:<br \/>\nBenjamin Lieser (Klasse E2, Oberstufe): 4. Platz, hat die Teilnahme an der Bundesrunde in diesem Jahr leider knapp verpasst. Benjamin ist weiterhin Teilnehmer in der nationalen F\u00f6rderma\u00dfnahme JUMA- Jugend trainiert Mathematik. Hier werden Themen und Aufgaben der Hochschulmathematik bearbeitet. Er bereitet sich momentan auch auf einen Europ\u00e4ischen Team-Wettbewerb vor.<\/p>\n<p class=\"bodytext\">Tristan Emde (Klasse 6): 1. Teilnahme f\u00fcr ihn an der Landesrunde. Tristan hat sich achtbar geschlagen, aber leider keine vordere Platzierung erreicht.<\/p>\n<p class=\"bodytext\"><b>Mathematik-Wettbewerb der Oberstufe &#8211; Klasse E2:<\/b><\/p>\n<p class=\"bodytext\">Eine landesweite &#8222;Vergleichsklausur&#8220;, die an einem festgelegtem Tag in ganz Hessen zeitgleich geschrieben wird; die Teilnahme daran ist freiwillig.<br \/>\nBenjamin Lieser erreichte volle Punktzahl (60 von 60 Punkten), daf\u00fcr Auszeichnung und Preis des Kultusministeriums.<br \/>\nViktoria B\u00fcttner erreichte eine mittlere Punktzahl.<\/p>\n<p class=\"bodytext\"><b>K\u00e4nguru-Wettbewerb:<\/b><\/p>\n<p class=\"bodytext\">Internationaler Wettbewerb, der an einem bestimmten Tag zeitgleich durchgef\u00fchrt wird.<br \/>\n&#8211; 30-40 Aufgaben als Fragen mit 5 Antwortm\u00f6glichkeiten, jede Klassenstufe von der 3. bis zur 12. Klasse bekommt international gleiche oder gleichwertige Aufgaben<br \/>\n&#8211; sehr gro\u00dfe, stetig wachsende Teilnehmerzahl in Deutschland<br \/>\n&#8211; jeder erh\u00e4lt einen kleinen Preis f\u00fcr die Teilnahme<br \/>\n&#8211; an der UPS haben in diesem Jahr 135 Sch\u00fcler teilgenommen<br \/>\n&#8211; nach der nationalen Auswertung in Berlin werden pro Klassenstufe bestimmte Punktgrenzen festgelegt, f\u00fcr die Preise vergeben werden.<\/p>\n<p class=\"bodytext\">Preistr\u00e4ger der UPS in diesem Jahr:<\/p>\n<p class=\"bodytext\">Benjamin Lieser (E2):\u00a0 2. Preis<br \/>\nAlina Lamm (E2):\u00a0 3. Preis<br \/>\nLeon Sippel (G9a):\u00a0 3. Preis<br \/>\nTristan Emde (G6b):\u00a0 3. Preis und Schulsieger beim weitesten K\u00e4ngurusprung (l\u00e4ngste Folge richtig beantworteter Aufgaben (Preis T-Shirt)<br \/>\nLinus Kesper (G5):\u00a0 3. Preis<\/p>\n<p class=\"bodytext\">Mathematikwettbewerb der Klassen 8 im Schuljahr 2013\/14<\/p>\n<p class=\"bodytext\">Carolin Jung (Realschule, Klasse 8a) belegte beim Kreisentscheid den 2. Platz und auf Landesebene den 16. Platz von 64 Teilnehmern.<\/p>\n<\/div>\n","protected":false},"excerpt":{"rendered":"<p>Silber bei internationaler Mathematik-Meisterschaft In der bulgarischen Hauptstadt Sofia waren elf Mannschaften aus acht L\u00e4ndern am Start (je zwei Teams aus Frankreich, Rum\u00e4nien und Deutschland sowie jeweils ein Team aus Russland, Wei\u00dfrussland, Bulgarien, Georgien und Brasilien). Uplandsch\u00fcler Benjamin Lieser wurde erneut seinem Ruf als Mathe-Genie gerecht: Gemeinsam mit Maik, Malte, [&hellip;]<\/p>\n","protected":false},"author":11,"featured_media":0,"parent":16,"menu_order":0,"comment_status":"closed","ping_status":"closed","template":"page-templates\/child-menu.php","meta":{"footnotes":""},"class_list":["post-193","page","type-page","status-publish","hentry"],"_links":{"self":[{"href":"https:\/\/uplandschule.de\/index.php?rest_route=\/wp\/v2\/pages\/193","targetHints":{"allow":["GET"]}}],"collection":[{"href":"https:\/\/uplandschule.de\/index.php?rest_route=\/wp\/v2\/pages"}],"about":[{"href":"https:\/\/uplandschule.de\/index.php?rest_route=\/wp\/v2\/types\/page"}],"author":[{"embeddable":true,"href":"https:\/\/uplandschule.de\/index.php?rest_route=\/wp\/v2\/users\/11"}],"replies":[{"embeddable":true,"href":"https:\/\/uplandschule.de\/index.php?rest_route=%2Fwp%2Fv2%2Fcomments&post=193"}],"version-history":[{"count":1,"href":"https:\/\/uplandschule.de\/index.php?rest_route=\/wp\/v2\/pages\/193\/revisions"}],"predecessor-version":[{"id":195,"href":"https:\/\/uplandschule.de\/index.php?rest_route=\/wp\/v2\/pages\/193\/revisions\/195"}],"up":[{"embeddable":true,"href":"https:\/\/uplandschule.de\/index.php?rest_route=\/wp\/v2\/pages\/16"}],"wp:attachment":[{"href":"https:\/\/uplandschule.de\/index.php?rest_route=%2Fwp%2Fv2%2Fmedia&parent=193"}],"curies":[{"name":"wp","href":"https:\/\/api.w.org\/{rel}","templated":true}]}}