{"id":17860,"date":"2021-07-07T08:27:41","date_gmt":"2021-07-07T06:27:41","guid":{"rendered":"https:\/\/uplandschule.de\/?page_id=17860"},"modified":"2023-01-25T15:19:36","modified_gmt":"2023-01-25T14:19:36","slug":"beratung","status":"publish","type":"page","link":"https:\/\/uplandschule.de\/?page_id=17860","title":{"rendered":"Beratungslehrer und Schulberatungsteam"},"content":{"rendered":"\n<p>An der Uplandschule gibt es neben der Schulsozialarbeit, die seit 2008 an unserer Schule t\u00e4tig ist, ein Beratungslehrerteam f\u00fcr Gewalt- und Suchtpr\u00e4vention, welches seit vielen Jahren Pr\u00e4ventionsarbeit leistet, sich regelm\u00e4\u00dfig fortbildet und das Kollegium auf Gesamtkonferenzen \u00fcber neue Entwicklungen informiert. Diese Aufgabe \u00fcbernehmen zur Zeit Frau Breyer und Herr Reibis.<\/p>\n\n\n\n<p>Die Uplandschule Willingen verf\u00fcgt zudem \u00fcber ein <strong>Schulberatungsteam<\/strong>,\ndas sich im Abstand von 4-6 Wochen trifft. In diesem multiprofessionellen Team\narbeiten die Beratungs- und Vertrauenslehrer*innen, die Schulsozialarbeit,\nRektor*innen der Grund-, Haupt- und Realschule, die Oberstufenleiter*in und\nBeratungskr\u00e4fte des BFZ mit.<\/p>\n\n\n\n<p>Im Schulberatungsteam werden unter Einhaltung der Schweigepflicht alle\nBeratungsf\u00e4lle der Schule besprochen, Pl\u00e4ne zur Wiedereingliederung von\nSch\u00fcler*innen gemacht und Kontakte zu au\u00dferschulischen Beratungsstellen\n(Schulpsychologie, Suchthilfe, Jugendamt, Kliniken etc.) hergestellt. <\/p>\n\n\n\n<p>Zur Zeit im Schulberatungsteam t\u00e4tig: Frau Stade, Frau Keindl, Frau Wilke, Herr Fuchs, Frau Breyer, Frau Manoury, Herr Reibis, Frau Kopinski, Herr Kern und Frau Scharping. <\/p>\n","protected":false},"excerpt":{"rendered":"<p>An der Uplandschule gibt es neben der Schulsozialarbeit, die seit 2008 an unserer Schule t\u00e4tig ist, ein Beratungslehrerteam f\u00fcr Gewalt- und Suchtpr\u00e4vention, welches seit vielen Jahren Pr\u00e4ventionsarbeit leistet, sich regelm\u00e4\u00dfig fortbildet und das Kollegium auf Gesamtkonferenzen \u00fcber neue Entwicklungen informiert. Diese Aufgabe \u00fcbernehmen zur Zeit Frau Breyer und Herr Reibis. [&hellip;]<\/p>\n","protected":false},"author":11,"featured_media":0,"parent":0,"menu_order":0,"comment_status":"closed","ping_status":"closed","template":"","meta":{"footnotes":""},"class_list":["post-17860","page","type-page","status-publish","hentry"],"_links":{"self":[{"href":"https:\/\/uplandschule.de\/index.php?rest_route=\/wp\/v2\/pages\/17860","targetHints":{"allow":["GET"]}}],"collection":[{"href":"https:\/\/uplandschule.de\/index.php?rest_route=\/wp\/v2\/pages"}],"about":[{"href":"https:\/\/uplandschule.de\/index.php?rest_route=\/wp\/v2\/types\/page"}],"author":[{"embeddable":true,"href":"https:\/\/uplandschule.de\/index.php?rest_route=\/wp\/v2\/users\/11"}],"replies":[{"embeddable":true,"href":"https:\/\/uplandschule.de\/index.php?rest_route=%2Fwp%2Fv2%2Fcomments&post=17860"}],"version-history":[{"count":3,"href":"https:\/\/uplandschule.de\/index.php?rest_route=\/wp\/v2\/pages\/17860\/revisions"}],"predecessor-version":[{"id":21304,"href":"https:\/\/uplandschule.de\/index.php?rest_route=\/wp\/v2\/pages\/17860\/revisions\/21304"}],"wp:attachment":[{"href":"https:\/\/uplandschule.de\/index.php?rest_route=%2Fwp%2Fv2%2Fmedia&parent=17860"}],"curies":[{"name":"wp","href":"https:\/\/api.w.org\/{rel}","templated":true}]}}