{"id":17099,"date":"2021-03-01T20:17:43","date_gmt":"2021-03-01T19:17:43","guid":{"rendered":"https:\/\/uplandschule.de\/?page_id=17099"},"modified":"2021-03-01T20:26:23","modified_gmt":"2021-03-01T19:26:23","slug":"ag-angebot-wintersport","status":"publish","type":"page","link":"https:\/\/uplandschule.de\/?page_id=17099","title":{"rendered":"AG-Angebot Wintersport"},"content":{"rendered":"\n<div class=\"wp-block-image\"><figure class=\"alignleft\"><img loading=\"lazy\" decoding=\"async\" width=\"262\" height=\"193\" src=\"https:\/\/uplandschule.de\/wp-content\/uploads\/2021\/03\/schuelenberg-1.jpg\" alt=\"\" class=\"wp-image-17101\" srcset=\"https:\/\/uplandschule.de\/wp-content\/uploads\/2021\/03\/schuelenberg-1.jpg 262w, https:\/\/uplandschule.de\/wp-content\/uploads\/2021\/03\/schuelenberg-1-150x110.jpg 150w\" sizes=\"auto, (max-width: 262px) 100vw, 262px\" \/><figcaption><strong>Michael Schulenberg<\/strong><br>Beruf: Lehrertrainer<br>Ausbildung: Trainer A-Lizenz Langlauf  <br><\/figcaption><\/figure><\/div>\n\n\n\n<figure class=\"wp-block-image is-resized\"><img loading=\"lazy\" decoding=\"async\" src=\"https:\/\/uplandschule.de\/wp-content\/uploads\/2021\/03\/gerstengarbe.jpg\" alt=\"\" class=\"wp-image-17102\" width=\"262\" height=\"194\" srcset=\"https:\/\/uplandschule.de\/wp-content\/uploads\/2021\/03\/gerstengarbe.jpg 269w, https:\/\/uplandschule.de\/wp-content\/uploads\/2021\/03\/gerstengarbe-150x111.jpg 150w\" sizes=\"auto, (max-width: 262px) 100vw, 262px\" \/><figcaption><strong>Monica Gerstengarbe-Lazarut<\/strong><br>Beruf: Lehrertrainerin <br>Ausbildung: Trainerin C-Lizenz Langlauf <br><\/figcaption><\/figure>\n\n\n\n<p><strong>Ski-AG, Snow-Ice-Fun-AG&nbsp;und Talentf\u00f6rdergruppe<\/strong><\/p>\n\n\n\n<p>Seit 2019 haben wir an der Uplandschule die Ski-AG. Wir freuen uns \u00fcber jedes sportinteressierte Kind, dass sich in der freien Natur bewegen will. Wir trainieren jeden Montag und Freitag in je 2 Gruppen von 14.00 bis 15.30 Uhr und 15.30 Uhr bis 17.00 Uhr.<br>Im Sommer beginnt das Training mit Leichtathletik, kleinen Spielen, Eislaufen, Mountainbiken, Schwimmen, Inlineskaten und Skirollerlaufen.<br>Nach dem Herbst geht es auf die Langlaufski, bei guten Bedingungen auf den Skipisten fahren wir auch Alpin.<br>Zus\u00e4tzlich bietet Monica die Snow-Ice-Fun-AG an. Dort wird immer mittwochs 14.00-15.30 Uhr trainiert. Das Programm ist \u00e4hnlich der Ski-AG. Hier steht aber mehr der Spa\u00df im Vordergrund. Vorkenntnisse sind nicht erforderlich. Eislaufen, Skaten und Alpinski sind das Hauptprogramm der AG.<\/p>\n\n\n\n<p>Wir freuen uns auf Euch! Eure Lehrer-Trainer Monica und Michael<\/p>\n\n\n\n<figure class=\"wp-block-image\"><img loading=\"lazy\" decoding=\"async\" width=\"538\" height=\"404\" src=\"https:\/\/uplandschule.de\/wp-content\/uploads\/2021\/03\/skifahrer-7.jpg\" alt=\"\" class=\"wp-image-17117\" srcset=\"https:\/\/uplandschule.de\/wp-content\/uploads\/2021\/03\/skifahrer-7.jpg 538w, https:\/\/uplandschule.de\/wp-content\/uploads\/2021\/03\/skifahrer-7-150x113.jpg 150w, https:\/\/uplandschule.de\/wp-content\/uploads\/2021\/03\/skifahrer-7-300x225.jpg 300w\" sizes=\"auto, (max-width: 538px) 100vw, 538px\" \/><\/figure>\n","protected":false},"excerpt":{"rendered":"<p>Ski-AG, Snow-Ice-Fun-AG&nbsp;und Talentf\u00f6rdergruppe Seit 2019 haben wir an der Uplandschule die Ski-AG. Wir freuen uns \u00fcber jedes sportinteressierte Kind, dass sich in der freien Natur bewegen will. Wir trainieren jeden Montag und Freitag in je 2 Gruppen von 14.00 bis 15.30 Uhr und 15.30 Uhr bis 17.00 Uhr.Im Sommer beginnt [&hellip;]<\/p>\n","protected":false},"author":11,"featured_media":0,"parent":0,"menu_order":0,"comment_status":"closed","ping_status":"closed","template":"","meta":{"footnotes":""},"class_list":["post-17099","page","type-page","status-publish","hentry"],"_links":{"self":[{"href":"https:\/\/uplandschule.de\/index.php?rest_route=\/wp\/v2\/pages\/17099","targetHints":{"allow":["GET"]}}],"collection":[{"href":"https:\/\/uplandschule.de\/index.php?rest_route=\/wp\/v2\/pages"}],"about":[{"href":"https:\/\/uplandschule.de\/index.php?rest_route=\/wp\/v2\/types\/page"}],"author":[{"embeddable":true,"href":"https:\/\/uplandschule.de\/index.php?rest_route=\/wp\/v2\/users\/11"}],"replies":[{"embeddable":true,"href":"https:\/\/uplandschule.de\/index.php?rest_route=%2Fwp%2Fv2%2Fcomments&post=17099"}],"version-history":[{"count":3,"href":"https:\/\/uplandschule.de\/index.php?rest_route=\/wp\/v2\/pages\/17099\/revisions"}],"predecessor-version":[{"id":17118,"href":"https:\/\/uplandschule.de\/index.php?rest_route=\/wp\/v2\/pages\/17099\/revisions\/17118"}],"wp:attachment":[{"href":"https:\/\/uplandschule.de\/index.php?rest_route=%2Fwp%2Fv2%2Fmedia&parent=17099"}],"curies":[{"name":"wp","href":"https:\/\/api.w.org\/{rel}","templated":true}]}}