{"id":16115,"date":"2020-10-26T20:26:49","date_gmt":"2020-10-26T19:26:49","guid":{"rendered":"https:\/\/uplandschule.de\/?page_id=16115"},"modified":"2026-01-24T10:35:13","modified_gmt":"2026-01-24T09:35:13","slug":"mittagstisch","status":"publish","type":"page","link":"https:\/\/uplandschule.de\/?page_id=16115","title":{"rendered":"Mittagstisch"},"content":{"rendered":"\n<p><strong><u><img loading=\"lazy\" decoding=\"async\" src=\"https:\/\/uplandschule.de\/wp-content\/uploads\/2025\/11\/IMG_7922-300x169.jpg\" alt=\"\" width=\"300\" height=\"169\" class=\"size-medium wp-image-25411 alignleft\" srcset=\"https:\/\/uplandschule.de\/wp-content\/uploads\/2025\/11\/IMG_7922-300x169.jpg 300w, https:\/\/uplandschule.de\/wp-content\/uploads\/2025\/11\/IMG_7922-1024x576.jpg 1024w, https:\/\/uplandschule.de\/wp-content\/uploads\/2025\/11\/IMG_7922-150x84.jpg 150w, https:\/\/uplandschule.de\/wp-content\/uploads\/2025\/11\/IMG_7922-768x432.jpg 768w, https:\/\/uplandschule.de\/wp-content\/uploads\/2025\/11\/IMG_7922-1536x864.jpg 1536w, https:\/\/uplandschule.de\/wp-content\/uploads\/2025\/11\/IMG_7922-2048x1152.jpg 2048w\" sizes=\"auto, (max-width: 300px) 100vw, 300px\" \/><\/u><\/strong><\/p>\n<p><strong><u>Mittagstisch an der Uplandschule<\/u><\/strong><\/p>\n<p>Seit dem Schuljahr 2020\/21 arbeitet unsere Schule mit der Landfleischerei Knorr aus Eppe zusammen. Der Caterer versorgt uns montags bis freitags zuverl\u00e4ssig mit frisch gekochten und abwechslungsreichen Mahlzeiten.<\/p>\n<p>Den aktuellen Speiseplan finden Sie jederzeit auf unserer Bestellseite unter <a href=\"https:\/\/uplandschule.meal-o.com\"><em>https:\/\/uplandschule.meal-o.com<\/em><\/a> oder als Aushang in der Cafeteria.<\/p>\n<p>Ein Mittagessen kostet 4 \u20ac und wird bequem \u00fcber das meal-o-Bestellsystem gebucht.<\/p>\n<p><a href=\"https:\/\/uplandschule.de\/wp-content\/uploads\/2025\/11\/Kurzanleitung-meal-o.pdf\">Kurzanleitung meal-o<\/a><br \/>Unsere Sch\u00fclerinnen und Sch\u00fcler nehmen ihr Essen t\u00e4glich zwischen 12:30 Uhr und 14:00 Uhr in der Cafeteria ein.<\/p>\n<p><strong>Wichtige \u00c4nderungen zum Mittagstisch<\/strong><\/p>\n<p>Ab dem <strong>01. Februar 2026<\/strong> gilt eine <strong>neue Bankverbindung<\/strong> f\u00fcr \u00dcberweisungen zum Mittagstisch.<br \/>Zum Aufladen der meal-o-Karten ist ausschlie\u00dflich folgende Bankverbindung zu verwenden:<\/p>\n<p>Kontoinhaber: Landkreis Waldeck-Frankenberg<\/p>\n<p>IBAN: DE37 5235 0005 0000 1587 82<\/p>\n<p>Bank: Sparkasse Waldeck-Frankenberg<\/p>\n<p>Bitte stellen Sie sicher, dass ab diesem Datum nur noch diese IBAN genutzt wird. Zahlungen auf fr\u00fchere Kontoverbindungen k\u00f6nnen nicht mehr korrekt zugeordnet werden. Achten Sie au\u00dferdem unbedingt auf den korrekten Verwendungszweck: U-XXXX Nachname Vorname<\/p>\n<p><strong>meal-o-Karte beim Mittagessen<\/strong><\/p>\n<p>Ab dem kommenden Halbjahr ist es zwingend erforderlich, dass die meal-o-Karte beim Mittagessen vorgezeigt wird. Wird die Karte vergessen, kann kein Mittagessen ausgegeben werden. Bitte achten Sie darauf, dass Ihr Kind die Karte t\u00e4glich dabeihat.<\/p>\n<p><strong>Abmeldung vom Mittagessen<\/strong><\/p>\n<p>Kann ein Essen aus gesundheitlichen oder organisatorischen Gr\u00fcnden (z. B. Krankheit, Klassenfahrt, Veranstaltung) nicht wahrgenommen werden, muss es online bis sp\u00e4testens 8:00 Uhr am gleichen Tag \u00fcber das meal-o-System abbestellt werden. Bitte beachten Sie, dass nach 8:00 Uhr keine \u00c4nderungen mehr m\u00f6glich sind.<\/p>\n<p><strong>Wichtiger Hinweis zum Verlassen des Schulgel\u00e4ndes<\/strong><\/p>\n<p>Entsprechend unserer Schulordnung gilt w\u00e4hrend der Mittagspause:<\/p>\n<ul>\n<li>F\u00fcr Sch\u00fclerinnen und Sch\u00fcler der Klassen 1 bis 7, die am Nachmittagsunterricht oder einem Ganztagsangebot teilnehmen, ist das Verlassen des Schulgel\u00e4ndes zwischen 13:10 Uhr und 14:00 Uhr nicht erlaubt.<\/li>\n<li>Ab Klasse 8 d\u00fcrfen Sch\u00fclerinnen und Sch\u00fcler das Schulgel\u00e4nde in der Mittagspause verlassen, wenn eine schriftliche Erlaubnis der Eltern bei der Klassenleitung vorliegt.<\/li>\n<\/ul>\n<p><\/p>\n\n\n\n\n\n<figure class=\"wp-block-image\"><img loading=\"lazy\" decoding=\"async\" width=\"800\" height=\"600\" src=\"https:\/\/uplandschule.de\/wp-content\/uploads\/2020\/10\/cafeteria_2020_0002.jpg\" alt=\"\" class=\"wp-image-16119\" srcset=\"https:\/\/uplandschule.de\/wp-content\/uploads\/2020\/10\/cafeteria_2020_0002.jpg 800w, https:\/\/uplandschule.de\/wp-content\/uploads\/2020\/10\/cafeteria_2020_0002-150x113.jpg 150w, https:\/\/uplandschule.de\/wp-content\/uploads\/2020\/10\/cafeteria_2020_0002-300x225.jpg 300w, https:\/\/uplandschule.de\/wp-content\/uploads\/2020\/10\/cafeteria_2020_0002-768x576.jpg 768w\" sizes=\"auto, (max-width: 800px) 100vw, 800px\" \/><\/figure>\n\n\n\n<p><\/p>\n","protected":false},"excerpt":{"rendered":"<p>Mittagstisch an der Uplandschule Seit dem Schuljahr 2020\/21 arbeitet unsere Schule mit der Landfleischerei Knorr aus Eppe zusammen. Der Caterer versorgt uns montags bis freitags zuverl\u00e4ssig mit frisch gekochten und abwechslungsreichen Mahlzeiten. Den aktuellen Speiseplan finden Sie jederzeit auf unserer Bestellseite unter https:\/\/uplandschule.meal-o.com oder als Aushang in der Cafeteria. Ein [&hellip;]<\/p>\n","protected":false},"author":11,"featured_media":0,"parent":0,"menu_order":0,"comment_status":"closed","ping_status":"closed","template":"","meta":{"footnotes":""},"class_list":["post-16115","page","type-page","status-publish","hentry"],"_links":{"self":[{"href":"https:\/\/uplandschule.de\/index.php?rest_route=\/wp\/v2\/pages\/16115","targetHints":{"allow":["GET"]}}],"collection":[{"href":"https:\/\/uplandschule.de\/index.php?rest_route=\/wp\/v2\/pages"}],"about":[{"href":"https:\/\/uplandschule.de\/index.php?rest_route=\/wp\/v2\/types\/page"}],"author":[{"embeddable":true,"href":"https:\/\/uplandschule.de\/index.php?rest_route=\/wp\/v2\/users\/11"}],"replies":[{"embeddable":true,"href":"https:\/\/uplandschule.de\/index.php?rest_route=%2Fwp%2Fv2%2Fcomments&post=16115"}],"version-history":[{"count":17,"href":"https:\/\/uplandschule.de\/index.php?rest_route=\/wp\/v2\/pages\/16115\/revisions"}],"predecessor-version":[{"id":25545,"href":"https:\/\/uplandschule.de\/index.php?rest_route=\/wp\/v2\/pages\/16115\/revisions\/25545"}],"wp:attachment":[{"href":"https:\/\/uplandschule.de\/index.php?rest_route=%2Fwp%2Fv2%2Fmedia&parent=16115"}],"curies":[{"name":"wp","href":"https:\/\/api.w.org\/{rel}","templated":true}]}}