{"id":16,"date":"2016-07-11T11:35:56","date_gmt":"2016-07-11T09:35:56","guid":{"rendered":"http:\/\/uplandschule.de\/?page_id=16"},"modified":"2022-09-21T15:07:42","modified_gmt":"2022-09-21T13:07:42","slug":"erfolge","status":"publish","type":"page","link":"https:\/\/uplandschule.de\/?page_id=16","title":{"rendered":"Erfolge"},"content":{"rendered":"<h2 class=\"bodytext\">Skisport<\/h2>\n<p class=\"bodytext\">Aktuelle Ergebnisse unserer Skisportler\/-innen finden Sie unter <a href=\"http:\/\/www.skiclub-usseln.de\" target=\"_blank\" rel=\"noopener\">www.skiclub-usseln.de<\/a><\/p>\n<p class=\"bodytext\">\u00dcbersicht der Erfolge unserer Sch\u00fcler\/-innen und Ehemaligen aus den letzten Jahren*<\/p>\n<p class=\"bodytext\"><strong>Schulwettbewerb\u00a0 \u201eJugend trainiert f\u00fcr Olympia\u201c Skilanglauf<\/strong><\/p>\n<p>2015: Silber, Mix-Team WK IV<br \/>\n2012: Bronze, Jungen WK III<br \/>\n2011: Silber, Jungen\/M\u00e4dchen-Team<br \/>\n2005: Bronze, M\u00e4dchen-Team<br \/>\n1997: Bronze, Jungen-Team<br \/>\n1996: Silber und Bronze f\u00fcr je ein Jungen-Team<br \/>\n1983\/\u201984\/\u201985\/\u201891: jeweils Gold f\u00fcr das M\u00e4dchen-Team<br \/>\n1978: Silber f\u00fcr das M\u00e4dchen-Team<br \/>\nseit 1975 fast jedes Jahr Siege beim Landesentscheid und Teilnahme am Bundesfinale<\/p>\n<p><strong>Deutscher Sch\u00fclercup Skilanglauf<\/strong><\/p>\n<p>2014\/2015: 5. und 6. Platz Lieke Peters<br \/>\n2013\/2014: 4. Platz Sophia Schrenk<br \/>\n2012\/2013: 1. und 4. Platz Sophia Schrenk<br \/>\n2011\/2012: 3. Platz Celina Virnich<\/p>\n<p class=\"bodytext\"><strong>Deutschlandpokal Skilanglauf<\/strong><\/p>\n<p>2014\/15: 2. Platz Sophia Schrenk, 4. Platz Maxemilian B\u00f6hler<br \/>\n2013\/2014: 3. Platz Maxemilian B\u00f6hler<\/p>\n<p class=\"bodytext\"><strong>Deutsche Meisterschaft<\/strong><\/p>\n<p>2014\/2015: 2. Platz Sophia Schrenk, 7. Platz Maxemilian B\u00f6hler<br \/>\n&#8212;&#8212;&#8212;&#8212;&#8212;&#8212;&#8212;&#8212;&#8212;&#8212;&#8212;&#8212;&#8212;&#8212;&#8212;&#8212;&#8212;&#8212;&#8212;&#8212;&#8212;&#8212;&#8212;&#8212;&#8212;&#8212;&#8212;&#8212;<br \/>\n<strong>Deutscher Sch\u00fclercup Skisprung<\/strong><\/p>\n<p class=\"bodytext\">2013\/2014: 2. Platz Corvin K\u00fchnel<br \/>\n2011\/2012: Gesamtsieger Paul Winter, S15<\/p>\n<p class=\"bodytext\"><strong>Deutsche Meisterschaften Skisprung Sch\u00fcler<\/strong><\/p>\n<p>2012: Gold, Paul Winter<\/p>\n<p><strong>Deutsche Meisterschaften Skisprung Jugend<\/strong><\/p>\n<p class=\"bodytext\">2014\/2015: 7. Platz Einzel Lennart Weigel, 11. Platz Einzel C. K\u00fchnel<br \/>\n2013\/2014: 1. Platz Paul Winter<br \/>\n2011\/2012: 4. Platz Stephan Leyhe<br \/>\n2010: Gold, Stephan Leyhe, Einzel J17<br \/>\n2008: Gold, Stephan Leyhe, Einzel J16<\/p>\n<p><strong>Deutsche Meisterschaften Junioren<\/strong><\/p>\n<p class=\"bodytext\">2014\/2015: 3.Platz Einzel Paul Winter<\/p>\n<p class=\"bodytext\"><strong>Deutschlandpokal Skisprung<\/strong><\/p>\n<p class=\"bodytext\">2014\/2015: 1. Platz Anna H\u00e4fele<br \/>\n2013\/2014: Gesamtsieger Paul Winter, 3. Platz Corvin K\u00fchnel<br \/>\n2011\/2012: 2. Platz Gesamtwertung Paul Winter<\/p>\n<p class=\"bodytext\"><strong>Juniorenweltmeisterschaft Skisprung (m)<\/strong><\/p>\n<p class=\"bodytext\">2014\/2015: 10. Platz, Paul Winter, Einzel, 2. Platz Team<br \/>\n2013\/2014: 5. Platz Paul Winter Team<br \/>\n2011\/12: 5. Platz Team<br \/>\n2010: Silber, Stephan Leyhe, Mannschaft<\/p>\n<p class=\"bodytext\"><strong>Alpencup Skisprung<\/strong><\/p>\n<p class=\"bodytext\">2014: 1. Platz, Paul Winter<\/p>\n<p class=\"bodytext\"><strong>Continentalcup Skisprung<\/strong><\/p>\n<p class=\"bodytext\">2014\/2015: 1. und 3. Platz Stephan Leyhe, 9. Platz Paul Winter<br \/>\n2013\/2014: 1.-2. Platz Anna H\u00e4fele und 3. Platz Stefan Leyhe<br \/>\n2011\/2012: 4. Platz Anna H\u00e4fele<\/p>\n<p class=\"bodytext\"><strong>OPA-Skispiele<\/strong><\/p>\n<p class=\"bodytext\">2014\/15: 7. Platz Einzel und Team Lennart Weigel<br \/>\n2013\/2014: 1. Platz Einzel und Team Paul Winter<br \/>\n2011\/2012: 1. und 2. Platz Einzel und Team Paul Winter<\/p>\n<p class=\"bodytext\"><strong>FIS Youth-Cup Skisprung<\/strong><\/p>\n<p class=\"bodytext\">2011: 2. Platz\u00a0 Paul Winter<\/p>\n<p class=\"bodytext\"><strong>FIS-Sommercup<\/strong><\/p>\n<p class=\"bodytext\">2014\/2015: Stephan Leyhe 3. Platz<br \/>\n2013\/2014: Stephan Leyhe 2. Platz<\/p>\n<p class=\"bodytext\"><strong>Weltcup Skisprung<\/strong><\/p>\n<p class=\"bodytext\">2014\/2015: 13. und 15. Platz Stephan Leyhe<\/p>\n<p class=\"bodytext\"><strong>Weltmeisterschaften Skifliegen<\/strong><\/p>\n<p class=\"bodytext\">2016: Silber, Stephan Leyhe, Mannschaft<\/p>\n<p class=\"bodytext\">&#8212;&#8212;&#8212;&#8212;&#8212;&#8212;&#8212;&#8212;&#8212;&#8212;&#8212;&#8212;&#8212;&#8212;&#8212;&#8212;&#8212;&#8212;&#8212;&#8212;&#8212;&#8212;&#8212;&#8211;<\/p>\n<p class=\"bodytext\"><strong>Deutscher Sch\u00fclercup Biathlon<\/strong><\/p>\n<p class=\"bodytext\">2014\/2015: 4. Platz Jan Lohschmidt und Luca Enners<br \/>\n2013\/2014: 4. Platz Gesamtwertung Jan Lohschmidt<br \/>\n2012\/2013: 6. Platz Gesamtwertung\u00a0 Sophie Leipold<br \/>\n2012\/2013: 3. Platz Luca Enners<br \/>\n2011\/12: Gesamtsiegerin Sophie Leipold, S14<br \/>\n2010\/2011: Gesamtsiegerin Sophie Leipold, S 13<\/p>\n<p class=\"bodytext\"><strong>Deutschlandpokal Biathlon Jugend<\/strong><\/p>\n<p class=\"bodytext\">2013\/2014: 1. und 3. Platz Tom Gombert, 1.,2. und 3. Platz Sven Lohschmidt<br \/>\n2011: Silber, Janine Becker, Sprint J16<br \/>\n2012: Bronze, Janine Becker, Einzel J17<\/p>\n<p class=\"bodytext\"><strong>Deutschlandpokal Biathlon<\/strong><\/p>\n<p class=\"bodytext\">2014\/2015: 3. Platz Tom Gombert, 4. Platz Sophie Leipold<br \/>\n2003\/2004: Gold, Stephanie M\u00fcller, Massenstart<br \/>\n2002\/2003: Gold, Stephanie M\u00fcller<br \/>\n2001\/2002: Gold, Stephanie M\u00fcller<\/p>\n<p class=\"bodytext\"><strong>Deutsche Meisterschaften Biathlon Jugend\/Junioren<\/strong><\/p>\n<p class=\"bodytext\">2014\/2015: Tom Gombert 4. Platz<br \/>\n2013\/2014: Silber, Sven Lohschmidt, Sprint J17<br \/>\n2013\/2014: Bronze, Tom Gombert, Einzel J17<br \/>\n2012\/2013: Deutsche Meisterin Nadine Horchler, 2. Platz Caroline Hennecke<br \/>\n2008: Gold, Maximilian Saure, Einzel J16<br \/>\n2008: Gold, Patrick Wandel, Maximilian Saure, Dominik Sch\u00fc\u00dfler, Staffel J16\/J17<br \/>\n2007: Gold, Patrick Wandel, Einzel J16<br \/>\n2005: Gold, Stephanie M\u00fcller, Einzel Juniorinnen<\/p>\n<p class=\"bodytext\"><strong>Deutsche Meisterschaften Biathlon<\/strong><\/p>\n<p class=\"bodytext\">2014\/2015: Gold, Silber und Bronze Nadine Horchler<\/p>\n<p class=\"bodytext\"><strong>Weltmeisterschaften Biathlon<\/strong><\/p>\n<p class=\"bodytext\">1995\/\u201996\/\u201997: jeweils Gold, Petra Behle, Staffel<br \/>\n1993: Gold, Petra Behle, Einzel<br \/>\n1992: Gold, Petra Behle und Inga Schneider, Staffel<br \/>\n1991: Gold, Petra Behle, Einzel<br \/>\n1990: Silber, Petra Behle und Inga Schneider, Staffel<br \/>\n1989: Gold, Petra Behle; Bronze: Petra Behle und Inga Schneider, Staffel<br \/>\n1988: Gold, Petra Behle, Sprint<\/p>\n<p class=\"bodytext\"><strong>Weltcup Biathlon<\/strong><\/p>\n<p class=\"bodytext\">2012\/2013: 3. Platz Staffel Nadine Horchler<br \/>\n1989: Weltcupsieg, Martina G\u00f6bel<\/p>\n<p class=\"bodytext\"><strong>Juniorenweltmeisterschaft Biathlon<\/strong><\/p>\n<p class=\"bodytext\">2006: Gold, Stephanie M\u00fcller, Carolin Hennecke, Staffel<br \/>\n2006: Bronze, Carolin Hennecke, Sprint und Einzel<br \/>\n2007: Silber und Gold, Carolin Hennecke, Einzel und Staffel<\/p>\n<p class=\"bodytext\"><strong>Europameisterschaften Biathlon<\/strong><\/p>\n<p class=\"bodytext\">2007: Silber, Stephanie M\u00fcller, Staffel<br \/>\n2011\/2012: 3. Platz Carolin Hennecke und Nadine Horchler<\/p>\n<p class=\"bodytext\"><strong>Europ\u00e4ische Jugendspiele<\/strong><\/p>\n<p class=\"bodytext\">2002\/2003: Gold, Stephanie M\u00fcller, Team<\/p>\n<p class=\"bodytext\"><strong>Europacup Biathlon<\/strong><\/p>\n<p class=\"bodytext\">2005\/2006: Gold, Stephanie M\u00fcller, Einzel und Staffel<br \/>\n2005\/2006: Silber, Stephanie M\u00fcller, Sprint und Vefolgung<br \/>\n2004\/2005: Silber, Stephanie M\u00fcller, Sprint<\/p>\n<p class=\"bodytext\"><strong>IBU-Cup<\/strong><\/p>\n<p class=\"bodytext\">2014\/2015: 3. Platz Nadine Horchler<br \/>\n2013\/2014: Gesamtsiegerin Nadine Horchler<br \/>\n2011\/2012: 2. und 3. Platz Nadine Horchler, 2. Platz Carolin Hennecke<\/p>\n<p class=\"bodytext\"><strong>Olympische Winterspiele<\/strong><\/p>\n<p class=\"bodytext\">1992 und 1994: Silber, Petra Behle, Biathlon Staffel<br \/>\n1998: Gold, Petra Behle, Biathlon Staffel<\/p>\n<p class=\"bodytext\"><strong>Olympische Winterspiele Jugend<\/strong><\/p>\n<p class=\"bodytext\">2013: Silber, Paul Winter (Skisprung Mannschaft)<\/p>\n<p class=\"bodytext\">* Gerne nehmen wir Erg\u00e4nzungen vor, sollte uns eine Platzierung entgangen sein.<\/p>\n<h2 class=\"bodytext\">Leichtathletik<\/h2>\n<div id=\"c1974\" class=\"csc-default\">\n<div class=\"csc-textpic csc-textpic-intext-right\">\n<div class=\"csc-textpic-imagewrap\">\n<dl class=\"csc-textpic-image csc-textpic-firstcol csc-textpic-lastcol\">\n<dt>\n<p><div style=\"width: 210px\" class=\"wp-caption alignright\"><img loading=\"lazy\" decoding=\"async\" src=\"http:\/\/uplandschule.de\/wp-content\/uploads\/2016\/pics\/temp\/pics\/15dc655fd6.jpg\" width=\"200\" height=\"150\" border=\"0\" \/><p class=\"wp-caption-text\">(v.l.) Tabea Biedermann, Michelle G\u00f6bel, Kim H\u00f6hle, Leni Faustmann. Tom Schmitz, Jannik Sommerfeld, Lotta Kesper, Johannes Keudel, Linus Kesper, Ilva Kesper, Johanna Kleine, Lennox Anders, Justin Kesper, Marvin Rudas<\/p><\/div><\/dt>\n<\/dl>\n<\/div>\n<div class=\"csc-textpic-caption\">Landesentscheid Leichtathletik<\/div>\n<div class=\"csc-textpic-text\">\n<p class=\"bodytext\">Korbach\/Willingen.\u00a0 Die Sch\u00fcler der Uplandschule reisten am 18.Mai 2016 unter der Leitung des Lehrer\u2013Trainers Michael Wiatr zum Regionalentscheid der Leichtathletik (Wettkampfklasse IV) nach Korbach. Hierf\u00fcr hatten sich 6 Mannschaften aus der Region nach den Ergebnissen der vorangegangen Kreisentscheide qualifiziert. In der Sportart Leichtathletik geht es bei den Schulwettk\u00e4mpfen \u201eJugend trainiert f\u00fcr Olympia\u201c darum, als Mannschaft verschiedene Disziplinen im Bereich Lauf, Sprung und Wurf zu absolvieren. In jeder Disziplin d\u00fcrfen aber nur max. 6 Sch\u00fcler\/innen starten und die 5 besten Ergebnisse gehen in die Wertung ein. Nach den beeindruckenden und spannenden Wettk\u00e4mpfen fieberten alle Sch\u00fcler der Siegerehrung entgegen. Bis zur Siegerehrung war nicht klar, welche Schulen sich f\u00fcr den Landesentscheid qualifiziert hatten. Umso gr\u00f6\u00dfer war die Freude, dass die Uplandschule mit Platz 2 (hinter der ALS aus Korbach) den Landesentscheid erreichte. Beeindruckend ist diese Leistung vor allem, da die meisten Sch\u00fcler aus anderen Sportarten stammen und nun auch ihr sportliches Talent in den leichtathletischen Disziplinen unter Beweis stellen konnten. Mit Vorfreude schauen alle Sportler in Richtung Landesentscheid, der am 06.07. in Wetzlar ausgetragen werden soll.<\/p>\n<p class=\"bodytext\">Text: Michael Wiatr<\/p>\n<\/div>\n<\/div>\n<div class=\"csc-textpic-clear\"><!-- --><\/div>\n<\/div>\n<div id=\"c1975\" class=\"csc-default\"><\/div>\n<div id=\"c1542\" class=\"csc-default\">\n<p class=\"bodytext\"><strong>Kreismeisterschaften Waldeck-Frankenberg (TV Jahn Willingen)<\/strong><\/p>\n<p class=\"bodytext\">Nicholas Lohmann (Klasse G 7a) belegte den 1. Platz im Kugelsto\u00dfen und Diskus und qualifizierte sich f\u00fcr die Hessischen Meisterschaften.<\/p>\n<p class=\"bodytext\">Sofia Pl\u00fcmpe (Klasse G 8b) belegte den 1. Platz im Speerwerfen und den 3. Platz im Kugelsto\u00dfen.<br \/>\nLara Wilke (Klasse G 8b) belegte de 1. Platz im Speerwerfern und de 2. Platz \u00a0im Kugelsto\u00dfen.<br \/>\nLuisa Pl\u00fcmpe (Klasse G 8b) belegte den 2. Platz im Speerwerfen.<br \/>\nPerny Schmitt (Klasse HR 6A) belegte den 3. Platz im Speerwerfen.<br \/>\nNils Schmidt (Klasse HR 7A) belegte den 2. Platz im Kugelsto\u00dfen, den 2. Platz in Diskuswerfen und den 2. Platz im Speerwerfen.<br \/>\nLouis B\u00f6hle (Klasse HR 7A) belegte den 2. Platz im Kugelsto\u00dfen und den 2. Platz im Speerwerfen.<\/p>\n<\/div>\n","protected":false},"excerpt":{"rendered":"<p>Skisport Aktuelle Ergebnisse unserer Skisportler\/-innen finden Sie unter www.skiclub-usseln.de \u00dcbersicht der Erfolge unserer Sch\u00fcler\/-innen und Ehemaligen aus den letzten Jahren* Schulwettbewerb\u00a0 \u201eJugend trainiert f\u00fcr Olympia\u201c Skilanglauf 2015: Silber, Mix-Team WK IV 2012: Bronze, Jungen WK III 2011: Silber, Jungen\/M\u00e4dchen-Team 2005: Bronze, M\u00e4dchen-Team 1997: Bronze, Jungen-Team 1996: Silber und Bronze f\u00fcr [&hellip;]<\/p>\n","protected":false},"author":11,"featured_media":0,"parent":0,"menu_order":0,"comment_status":"closed","ping_status":"closed","template":"","meta":{"footnotes":""},"class_list":["post-16","page","type-page","status-publish","hentry"],"_links":{"self":[{"href":"https:\/\/uplandschule.de\/index.php?rest_route=\/wp\/v2\/pages\/16","targetHints":{"allow":["GET"]}}],"collection":[{"href":"https:\/\/uplandschule.de\/index.php?rest_route=\/wp\/v2\/pages"}],"about":[{"href":"https:\/\/uplandschule.de\/index.php?rest_route=\/wp\/v2\/types\/page"}],"author":[{"embeddable":true,"href":"https:\/\/uplandschule.de\/index.php?rest_route=\/wp\/v2\/users\/11"}],"replies":[{"embeddable":true,"href":"https:\/\/uplandschule.de\/index.php?rest_route=%2Fwp%2Fv2%2Fcomments&post=16"}],"version-history":[{"count":5,"href":"https:\/\/uplandschule.de\/index.php?rest_route=\/wp\/v2\/pages\/16\/revisions"}],"predecessor-version":[{"id":20382,"href":"https:\/\/uplandschule.de\/index.php?rest_route=\/wp\/v2\/pages\/16\/revisions\/20382"}],"wp:attachment":[{"href":"https:\/\/uplandschule.de\/index.php?rest_route=%2Fwp%2Fv2%2Fmedia&parent=16"}],"curies":[{"name":"wp","href":"https:\/\/api.w.org\/{rel}","templated":true}]}}