{"id":15935,"date":"2020-09-29T11:13:39","date_gmt":"2020-09-29T09:13:39","guid":{"rendered":"https:\/\/uplandschule.de\/?page_id=15935"},"modified":"2020-09-29T11:55:26","modified_gmt":"2020-09-29T09:55:26","slug":"schauspiel-ag","status":"publish","type":"page","link":"https:\/\/uplandschule.de\/?page_id=15935","title":{"rendered":"Schauspiel-AG"},"content":{"rendered":"\n<figure class=\"wp-block-image\"><img loading=\"lazy\" decoding=\"async\" width=\"800\" height=\"600\" src=\"https:\/\/uplandschule.de\/wp-content\/uploads\/2020\/09\/schauspiel-ag_2020.jpg\" alt=\"\" class=\"wp-image-15936\" srcset=\"https:\/\/uplandschule.de\/wp-content\/uploads\/2020\/09\/schauspiel-ag_2020.jpg 800w, https:\/\/uplandschule.de\/wp-content\/uploads\/2020\/09\/schauspiel-ag_2020-150x113.jpg 150w, https:\/\/uplandschule.de\/wp-content\/uploads\/2020\/09\/schauspiel-ag_2020-300x225.jpg 300w, https:\/\/uplandschule.de\/wp-content\/uploads\/2020\/09\/schauspiel-ag_2020-768x576.jpg 768w\" sizes=\"auto, (max-width: 800px) 100vw, 800px\" \/><figcaption> <br>An den Gesichtern der jungen Schauspieler l\u00e4sst sich sofort erkennen, mit welchem Eifer und Spa\u00df sie bei der Sache sind. <\/figcaption><\/figure>\n\n\n\n<p>Diese AG richtet sich an SuS der Jahrgangsstufen 4 und 5, die mit ihrer ganzen Pers\u00f6nlichkeit die Themen ihrer jugendlichen Welt im darstellendem Schauspiel zum Ausdruck bringen wollen. Die heranwachsende Generation soll innovativ, kreativ, sprachf\u00e4hig und sicher in der Gesellschaft auftreten k\u00f6nnen. Diese Schl\u00fcsselkompetenzen k\u00f6nnen hier mit theaterp\u00e4dagogischen Methoden ausprobiert und mit viel Freude am Tun gest\u00e4rkt werden. Ein gemeinsames Gruppenziel (kann eine Auff\u00fchrung eines eigenen Theaterst\u00fcckes sein oder eine choreographische Darbietung o. a.) f\u00f6rdert zudem die sozialen Umgangsformen und die \u00e4sthetische Bildung.<br>Die AG trifft sich jeden Mittwoch zu Beginn der 7. Std. f\u00fcr 90 Minuten vor dem Eingang des A-Geb\u00e4udes.<\/p>\n\n\n\n<figure class=\"wp-block-image\"><img loading=\"lazy\" decoding=\"async\" width=\"407\" height=\"600\" src=\"https:\/\/uplandschule.de\/wp-content\/uploads\/2020\/09\/schauspiel-ag_spiegel.jpg\" alt=\"\" class=\"wp-image-15937\" srcset=\"https:\/\/uplandschule.de\/wp-content\/uploads\/2020\/09\/schauspiel-ag_spiegel.jpg 407w, https:\/\/uplandschule.de\/wp-content\/uploads\/2020\/09\/schauspiel-ag_spiegel-102x150.jpg 102w, https:\/\/uplandschule.de\/wp-content\/uploads\/2020\/09\/schauspiel-ag_spiegel-204x300.jpg 204w\" sizes=\"auto, (max-width: 407px) 100vw, 407px\" \/><\/figure>\n","protected":false},"excerpt":{"rendered":"<p>Diese AG richtet sich an SuS der Jahrgangsstufen 4 und 5, die mit ihrer ganzen Pers\u00f6nlichkeit die Themen ihrer jugendlichen Welt im darstellendem Schauspiel zum Ausdruck bringen wollen. Die heranwachsende Generation soll innovativ, kreativ, sprachf\u00e4hig und sicher in der Gesellschaft auftreten k\u00f6nnen. Diese Schl\u00fcsselkompetenzen k\u00f6nnen hier mit theaterp\u00e4dagogischen Methoden ausprobiert [&hellip;]<\/p>\n","protected":false},"author":11,"featured_media":0,"parent":0,"menu_order":0,"comment_status":"closed","ping_status":"closed","template":"","meta":{"footnotes":""},"class_list":["post-15935","page","type-page","status-publish","hentry"],"_links":{"self":[{"href":"https:\/\/uplandschule.de\/index.php?rest_route=\/wp\/v2\/pages\/15935","targetHints":{"allow":["GET"]}}],"collection":[{"href":"https:\/\/uplandschule.de\/index.php?rest_route=\/wp\/v2\/pages"}],"about":[{"href":"https:\/\/uplandschule.de\/index.php?rest_route=\/wp\/v2\/types\/page"}],"author":[{"embeddable":true,"href":"https:\/\/uplandschule.de\/index.php?rest_route=\/wp\/v2\/users\/11"}],"replies":[{"embeddable":true,"href":"https:\/\/uplandschule.de\/index.php?rest_route=%2Fwp%2Fv2%2Fcomments&post=15935"}],"version-history":[{"count":2,"href":"https:\/\/uplandschule.de\/index.php?rest_route=\/wp\/v2\/pages\/15935\/revisions"}],"predecessor-version":[{"id":15942,"href":"https:\/\/uplandschule.de\/index.php?rest_route=\/wp\/v2\/pages\/15935\/revisions\/15942"}],"wp:attachment":[{"href":"https:\/\/uplandschule.de\/index.php?rest_route=%2Fwp%2Fv2%2Fmedia&parent=15935"}],"curies":[{"name":"wp","href":"https:\/\/api.w.org\/{rel}","templated":true}]}}