{"id":14638,"date":"2019-11-23T18:26:32","date_gmt":"2019-11-23T17:26:32","guid":{"rendered":"http:\/\/uplandschule.de\/?page_id=14638"},"modified":"2021-09-03T06:17:11","modified_gmt":"2021-09-03T04:17:11","slug":"materialien-zum-praktikum","status":"publish","type":"page","link":"https:\/\/uplandschule.de\/?page_id=14638","title":{"rendered":"Materialien zum Praktikum"},"content":{"rendered":"\n<p>&#8211; <a href=\"http:\/\/uplandschule.de\/wp-content\/uploads\/2019\/11\/BO-Praktikum-Lage.pdf\" target=\"_blank\" rel=\"noreferrer noopener\" aria-label=\" (\u00f6ffnet in neuem Tab)\">Lage der Praktika<\/a> [Auszug aus BSO-Curriculum]&nbsp;<\/p>\n\n\n\n<p>&#8211; <a href=\"https:\/\/uplandschule.de\/wp-content\/uploads\/2021\/09\/BO-Praktikum-Merkblatt.pdf\" target=\"_blank\" rel=\"noreferrer noopener\" aria-label=\" (\u00f6ffnet in neuem Tab)\">Merkblatt f\u00fcr Sch\u00fcler, Eltern und Betriebe<\/a><\/p>\n\n\n\n<p>&#8211; <a href=\"https:\/\/uplandschule.de\/wp-content\/uploads\/2020\/09\/BO-Praktikum-Praktikumsbest\u00e4tigungPraktikumsstelle.pdf\" target=\"_blank\" rel=\"noreferrer noopener\" aria-label=\" (\u00f6ffnet in neuem Tab)\">Praktikumsbest\u00e4tigung durch Praktikumsstelle<\/a> (geht an die betreuende Lehrkraft) <\/p>\n\n\n\n<p>&#8211; <a href=\"https:\/\/uplandschule.de\/wp-content\/uploads\/2020\/09\/BO-Praktikum-Datenschutz.pdf\" target=\"_blank\" rel=\"noreferrer noopener\" aria-label=\" (\u00f6ffnet in neuem Tab)\">Erkl\u00e4rung zum Datenschutz<\/a> (verbleibt im Praktikumsbetrieb) <\/p>\n","protected":false},"excerpt":{"rendered":"<p>&#8211; Lage der Praktika [Auszug aus BSO-Curriculum]&nbsp; &#8211; Merkblatt f\u00fcr Sch\u00fcler, Eltern und Betriebe &#8211; Praktikumsbest\u00e4tigung durch Praktikumsstelle (geht an die betreuende Lehrkraft) &#8211; Erkl\u00e4rung zum Datenschutz (verbleibt im Praktikumsbetrieb)<\/p>\n","protected":false},"author":7,"featured_media":0,"parent":14630,"menu_order":3,"comment_status":"closed","ping_status":"closed","template":"","meta":{"footnotes":""},"class_list":["post-14638","page","type-page","status-publish","hentry"],"_links":{"self":[{"href":"https:\/\/uplandschule.de\/index.php?rest_route=\/wp\/v2\/pages\/14638","targetHints":{"allow":["GET"]}}],"collection":[{"href":"https:\/\/uplandschule.de\/index.php?rest_route=\/wp\/v2\/pages"}],"about":[{"href":"https:\/\/uplandschule.de\/index.php?rest_route=\/wp\/v2\/types\/page"}],"author":[{"embeddable":true,"href":"https:\/\/uplandschule.de\/index.php?rest_route=\/wp\/v2\/users\/7"}],"replies":[{"embeddable":true,"href":"https:\/\/uplandschule.de\/index.php?rest_route=%2Fwp%2Fv2%2Fcomments&post=14638"}],"version-history":[{"count":9,"href":"https:\/\/uplandschule.de\/index.php?rest_route=\/wp\/v2\/pages\/14638\/revisions"}],"predecessor-version":[{"id":18142,"href":"https:\/\/uplandschule.de\/index.php?rest_route=\/wp\/v2\/pages\/14638\/revisions\/18142"}],"up":[{"embeddable":true,"href":"https:\/\/uplandschule.de\/index.php?rest_route=\/wp\/v2\/pages\/14630"}],"wp:attachment":[{"href":"https:\/\/uplandschule.de\/index.php?rest_route=%2Fwp%2Fv2%2Fmedia&parent=14638"}],"curies":[{"name":"wp","href":"https:\/\/api.w.org\/{rel}","templated":true}]}}