{"id":14630,"date":"2019-11-23T18:08:30","date_gmt":"2019-11-23T17:08:30","guid":{"rendered":"http:\/\/uplandschule.de\/?page_id=14630"},"modified":"2020-09-06T17:38:06","modified_gmt":"2020-09-06T15:38:06","slug":"berufs-und-studienorientierung-an-der-uplandschule","status":"publish","type":"page","link":"https:\/\/uplandschule.de\/?page_id=14630","title":{"rendered":"Berufs- und Studienorientierung an der Uplandschule"},"content":{"rendered":"\n<p>Ab Klasse 5 bietet die Uplandschule erste Angebote, die zu einer durchdachten Entscheidung \u00fcber das Leben nach der Schule beitragen sollen. Die Schwerpunkte liegen in den Vorabgangsklassen im Haupt- und Realschulzweig und in der Klasse 9 und der Q1\/2 im Gymnasium. Neben Besuchen von Studien- und Berufsmessen, Bewerbungstrainings und Informationsveranstaltungen und Beratungen durch die <a rel=\"noreferrer noopener\" aria-label=\"Bundesagentur f\u00fcr Arbeit (\u00f6ffnet in neuem Tab)\" href=\"https:\/\/arbeitsagentur.de\/bildung\/berufsberatung\" target=\"_blank\">Bundesagentur f\u00fcr Arbeit<\/a> bieten wir ein breites Angebot, um die eigenen Kompetenzen erkennen und weiterentwickeln zu k\u00f6nnen (siehe: <a rel=\"noreferrer noopener\" aria-label=\" (\u00f6ffnet in neuem Tab)\" href=\"http:\/\/uplandschule.de\/wp-content\/uploads\/2019\/11\/BO-Curriculum.pdf\" target=\"_blank\">BO-Curriculum<\/a>).<\/p>\n\n\n\n<p>Dabei bieten gerade die Praktika \u2013 als Einblicke in das Betriebs-, Berufs- und Arbeitsleben \u2013 den Rahmen, um sich mit der eigenen Zukunft auseinanderzusetzen (siehe: <a rel=\"noreferrer noopener\" aria-label=\" (\u00f6ffnet in neuem Tab)\" href=\"https:\/\/uplandschule.de\/?page_id=14638\" target=\"_blank\">Materialien zum Praktikum<\/a>). <\/p>\n\n\n\n<p>Bei der Berufs- und Studienorientierung kooperiert die Uplandschule mit einem breiten Spektrum an Institutionen (siehe: <a rel=\"noreferrer noopener\" aria-label=\"Kooperationspartner (\u00f6ffnet in neuem Tab)\" href=\"https:\/\/uplandschule.de\/?page_id=14640\" target=\"_blank\">Kooperationspartner<\/a>). F\u00fcr weitere Ausk\u00fcnfte und Hilfestellungen stehen die Ansprechpersonen an der Schule gerne zur Verf\u00fcgung (siehe: <a href=\"https:\/\/uplandschule.de\/?page_id=14632\" target=\"_blank\" rel=\"noreferrer noopener\" aria-label=\"Ansprechpersonen (\u00f6ffnet in neuem Tab)\">Ansprechpersonen<\/a>).  <\/p>\n","protected":false},"excerpt":{"rendered":"<p>Ab Klasse 5 bietet die Uplandschule erste Angebote, die zu einer durchdachten Entscheidung \u00fcber das Leben nach der Schule beitragen sollen. Die Schwerpunkte liegen in den Vorabgangsklassen im Haupt- und Realschulzweig und in der Klasse 9 und der Q1\/2 im Gymnasium. Neben Besuchen von Studien- und Berufsmessen, Bewerbungstrainings und Informationsveranstaltungen [&hellip;]<\/p>\n","protected":false},"author":7,"featured_media":0,"parent":20,"menu_order":0,"comment_status":"closed","ping_status":"closed","template":"","meta":{"footnotes":""},"class_list":["post-14630","page","type-page","status-publish","hentry"],"_links":{"self":[{"href":"https:\/\/uplandschule.de\/index.php?rest_route=\/wp\/v2\/pages\/14630","targetHints":{"allow":["GET"]}}],"collection":[{"href":"https:\/\/uplandschule.de\/index.php?rest_route=\/wp\/v2\/pages"}],"about":[{"href":"https:\/\/uplandschule.de\/index.php?rest_route=\/wp\/v2\/types\/page"}],"author":[{"embeddable":true,"href":"https:\/\/uplandschule.de\/index.php?rest_route=\/wp\/v2\/users\/7"}],"replies":[{"embeddable":true,"href":"https:\/\/uplandschule.de\/index.php?rest_route=%2Fwp%2Fv2%2Fcomments&post=14630"}],"version-history":[{"count":22,"href":"https:\/\/uplandschule.de\/index.php?rest_route=\/wp\/v2\/pages\/14630\/revisions"}],"predecessor-version":[{"id":15593,"href":"https:\/\/uplandschule.de\/index.php?rest_route=\/wp\/v2\/pages\/14630\/revisions\/15593"}],"up":[{"embeddable":true,"href":"https:\/\/uplandschule.de\/index.php?rest_route=\/wp\/v2\/pages\/20"}],"wp:attachment":[{"href":"https:\/\/uplandschule.de\/index.php?rest_route=%2Fwp%2Fv2%2Fmedia&parent=14630"}],"curies":[{"name":"wp","href":"https:\/\/api.w.org\/{rel}","templated":true}]}}