{"id":13267,"date":"2017-07-02T14:20:01","date_gmt":"2017-07-02T12:20:01","guid":{"rendered":"http:\/\/uplandschule.de\/?page_id=13267"},"modified":"2017-07-02T14:20:01","modified_gmt":"2017-07-02T12:20:01","slug":"gelesen-9","status":"publish","type":"page","link":"https:\/\/uplandschule.de\/?page_id=13267","title":{"rendered":"Gelesen"},"content":{"rendered":"<p><span style=\"font-size: 14pt;\"><strong>Gelesen<\/strong><\/span><\/p>\n<div id=\"c2062\" class=\"csc-default\">\n<ul class=\"csc-menu csc-menu-1\">\n<li><a title=\"Cambridge-Sprachdiplom\" href=\"http:\/\/uplandschule.de\/?p=13268\">Cambridge-Sprachdiplom<\/a><\/li>\n<li><a title=\"Junge Upl\u00e4nder Sprachtalente\" href=\"http:\/\/uplandschule.de\/?p=13270\">Junge Upl\u00e4nder Sprachtalente<\/a><\/li>\n<li><a title=\"Gegen das Vergessen\" href=\"http:\/\/uplandschule.de\/?p=13272\">Gegen das Vergessen<\/a><\/li>\n<li><a title=\"Neue R\u00e4ume f\u00fcr UPS\" href=\"http:\/\/uplandschule.de\/?p=13274\">Neue R\u00e4ume f\u00fcr UPS<\/a><\/li>\n<li><a title=\"Neue Schulleiterin\" href=\"http:\/\/uplandschule.de\/?p=13276\">Neue Schulleiterin<\/a><\/li>\n<li><a title=\"Vorweihnachtliche Bescherung\" href=\"http:\/\/uplandschule.de\/?p=13278\">Vorweihnachtliche Bescherung<\/a><\/li>\n<li><a title=\"Verst\u00e4rkung f\u00fcrs Kollegium\" href=\"http:\/\/uplandschule.de\/?p=13280\">Verst\u00e4rkung f\u00fcrs Kollegium<\/a><\/li>\n<li><a title=\"Erfolgreiche Uplandsch\u00fcler\" href=\"http:\/\/uplandschule.de\/?p=13282\">Erfolgreiche Uplandsch\u00fcler<\/a><\/li>\n<li><a href=\"http:\/\/uplandschule.de\/?p=13284\">Vorlesewettbewerb<\/a><\/li>\n<li><a title=\"AusdrucksStark\" href=\"http:\/\/uplandschule.de\/?p=13286\">AusdrucksStark<\/a><\/li>\n<li><a title=\"&quot;Tolle Ergebnisse&quot;\" href=\"http:\/\/uplandschule.de\/?p=13288\">&#8222;Tolle Ergebnisse&#8220;<\/a><\/li>\n<li><a title=\"Wieder 13 Jahrg\u00e4nge\" href=\"http:\/\/uplandschule.de\/?p=13290\">Wieder 13 Jahrg\u00e4nge<\/a><\/li>\n<li><a title=\"Vortrag \u201eDas Lernen lernen\u201c\" href=\"http:\/\/uplandschule.de\/?p=13292\">Vortrag \u201eDas Lernen lernen\u201c<\/a><\/li>\n<li><a title=\"Willkommen an der UPS\" href=\"http:\/\/uplandschule.de\/?p=13294\">Willkommen an der UPS<\/a><\/li>\n<li><a title=\"Ein Herz bewiesen\" href=\"http:\/\/uplandschule.de\/?p=13296\">Ein Herz bewiesen<\/a><\/li>\n<li><a title=\"Mit Trecker zur Schule\" href=\"http:\/\/uplandschule.de\/?p=13298\">Mit Trecker zur Schule<\/a><\/li>\n<li><a title=\"Cambridge-Pr\u00fcfungen bestanden\" href=\"http:\/\/uplandschule.de\/?p=13300\">Cambridge-Pr\u00fcfungen bestanden<\/a><\/li>\n<li><a title=\"Schnuppertag an der UPS\" href=\"http:\/\/uplandschule.de\/?p=13302\">Schnuppertag an der UPS<\/a><\/li>\n<li><a title=\"Ausflug in die 50er-Jahre\" href=\"http:\/\/uplandschule.de\/?p=13304\">Ausflug in die 50er-Jahre<\/a><\/li>\n<li><a title=\"Sanierung f\u00fcr 4,4 Millionen Euro\" href=\"http:\/\/uplandschule.de\/?p=13306\">Sanierung f\u00fcr 4,4 Millionen Euro<\/a><\/li>\n<li><a title=\"In sch\u00f6nen neuen R\u00e4umen\" href=\"http:\/\/uplandschule.de\/?p=13308\">In sch\u00f6nen neuen R\u00e4umen<\/a><\/li>\n<li><a title=\"Lars Kahrig Schulsieger\" href=\"http:\/\/uplandschule.de\/?p=13310\">Lars Kahrig Schulsieger<\/a><\/li>\n<li><a title=\"Vor 45 Jahren\" href=\"http:\/\/uplandschule.de\/?p=13312\">Vor 45 Jahren<\/a><\/li>\n<li><a title=\"Aufbruch zu neuen Ufern\" href=\"http:\/\/uplandschule.de\/?p=13314\">Aufbruch zu neuen Ufern<\/a><\/li>\n<li><a title=\"Exzellente Leistungen\" href=\"http:\/\/uplandschule.de\/?p=13316\">Exzellente Leistungen<\/a><\/li>\n<li><a title=\"Mit viel Temperament\" href=\"http:\/\/uplandschule.de\/?p=13318\">Mit viel Temperament<\/a><\/li>\n<li><a title=\"Bei Projektwoche f\u00fcrs Leben lernen\" href=\"http:\/\/uplandschule.de\/?p=13320\">Bei Projektwoche f\u00fcrs Leben lernen<\/a><\/li>\n<li><a title=\"Pr\u00e4sent f\u00fcr die besten Vorleser\" href=\"http:\/\/uplandschule.de\/?p=13322\">Pr\u00e4sent f\u00fcr die besten Vorleser<\/a><\/li>\n<\/ul>\n<\/div>\n","protected":false},"excerpt":{"rendered":"<p>Gelesen Cambridge-Sprachdiplom Junge Upl\u00e4nder Sprachtalente Gegen das Vergessen Neue R\u00e4ume f\u00fcr UPS Neue Schulleiterin Vorweihnachtliche Bescherung Verst\u00e4rkung f\u00fcrs Kollegium Erfolgreiche Uplandsch\u00fcler Vorlesewettbewerb AusdrucksStark &#8222;Tolle Ergebnisse&#8220; Wieder 13 Jahrg\u00e4nge Vortrag \u201eDas Lernen lernen\u201c Willkommen an der UPS Ein Herz bewiesen Mit Trecker zur Schule Cambridge-Pr\u00fcfungen bestanden Schnuppertag an der UPS Ausflug [&hellip;]<\/p>\n","protected":false},"author":11,"featured_media":0,"parent":0,"menu_order":0,"comment_status":"closed","ping_status":"closed","template":"","meta":{"footnotes":""},"class_list":["post-13267","page","type-page","status-publish","hentry"],"_links":{"self":[{"href":"https:\/\/uplandschule.de\/index.php?rest_route=\/wp\/v2\/pages\/13267","targetHints":{"allow":["GET"]}}],"collection":[{"href":"https:\/\/uplandschule.de\/index.php?rest_route=\/wp\/v2\/pages"}],"about":[{"href":"https:\/\/uplandschule.de\/index.php?rest_route=\/wp\/v2\/types\/page"}],"author":[{"embeddable":true,"href":"https:\/\/uplandschule.de\/index.php?rest_route=\/wp\/v2\/users\/11"}],"replies":[{"embeddable":true,"href":"https:\/\/uplandschule.de\/index.php?rest_route=%2Fwp%2Fv2%2Fcomments&post=13267"}],"version-history":[{"count":1,"href":"https:\/\/uplandschule.de\/index.php?rest_route=\/wp\/v2\/pages\/13267\/revisions"}],"predecessor-version":[{"id":13324,"href":"https:\/\/uplandschule.de\/index.php?rest_route=\/wp\/v2\/pages\/13267\/revisions\/13324"}],"wp:attachment":[{"href":"https:\/\/uplandschule.de\/index.php?rest_route=%2Fwp%2Fv2%2Fmedia&parent=13267"}],"curies":[{"name":"wp","href":"https:\/\/api.w.org\/{rel}","templated":true}]}}