{"id":12275,"date":"2017-06-28T12:20:22","date_gmt":"2017-06-28T10:20:22","guid":{"rendered":"http:\/\/uplandschule.de\/?page_id=12275"},"modified":"2017-06-28T12:38:54","modified_gmt":"2017-06-28T10:38:54","slug":"schuljahr-20072008","status":"publish","type":"page","link":"https:\/\/uplandschule.de\/?page_id=12275","title":{"rendered":"Schuljahr 2007\/2008"},"content":{"rendered":"<p><span style=\"font-size: 14pt;\"><strong>Nachrichten<\/strong><\/span><\/p>\n<ul class=\"csc-menu csc-menu-1\">\n<li><a href=\"http:\/\/uplandschule.de\/?p=12277\">Baubeginn Campus<\/a><\/li>\n<li><a title=\"Theaterabend\" href=\"http:\/\/uplandschule.de\/?p=12280\">Theaterabend<\/a><\/li>\n<li><a title=\"Abschluss Haupt- und Realschule\" href=\"http:\/\/uplandschule.de\/?p=12282\">Abschluss Haupt- und Realschule<\/a><\/li>\n<li><a title=\"Grundsch\u00fcler zeigen Musical\" href=\"http:\/\/uplandschule.de\/?p=12284\">Grundsch\u00fcler zeigen Musical<\/a><\/li>\n<li><a title=\"Die Abiturienten der Uplandschule 2008\" href=\"http:\/\/uplandschule.de\/?p=12286\">Die Abiturienten der Uplandschule 2008<\/a><\/li>\n<li><a title=\"Schulkonzert\" href=\"http:\/\/uplandschule.de\/?p=12288\">Schulkonzert<\/a><\/li>\n<li><a title=\"Erstkl\u00e4ssler zu Gast im Kino\" href=\"http:\/\/uplandschule.de\/?p=12290\">Erstkl\u00e4ssler zu Gast im Kino<\/a><\/li>\n<li><a title=\"Lesewettbewerb an der Grundschule\" href=\"http:\/\/uplandschule.de\/?p=12292\">Lesewettbewerb an der Grundschule<\/a><\/li>\n<li><a title=\"Mathewettbewerb der 11. Klassen\" href=\"http:\/\/uplandschule.de\/?p=12294\">Mathewettbewerb der 11. Klassen<\/a><\/li>\n<li><a title=\"Fahrt nach Flavigny\" href=\"http:\/\/uplandschule.de\/?p=12296\">Fahrt nach Flavigny<\/a><\/li>\n<li><a title=\"Saisonfinale im Deutschen Sch\u00fcler-Cup\" href=\"http:\/\/uplandschule.de\/?p=12298\">Saisonfinale im Deutschen Sch\u00fcler-Cup<\/a><\/li>\n<li><a title=\"Bundesfinale Jugend trainiert f\u00fcr Olympia\" href=\"http:\/\/uplandschule.de\/?p=12300\">Bundesfinale Jugend trainiert f\u00fcr Olympia<\/a><\/li>\n<li><a title=\"Gedr\u00e4nge beim Schnuppertag\" href=\"http:\/\/uplandschule.de\/?p=12302\">Gedr\u00e4nge beim Schnuppertag<\/a><\/li>\n<li><a title=\"Landesentscheid &quot;Jugend trainiert f\u00fcr Olympia&quot;\" href=\"http:\/\/uplandschule.de\/?p=12304\">Landesentscheid &#8222;Jugend trainiert f\u00fcr Olympia&#8220;<\/a><\/li>\n<li><a title=\"Sch\u00fclercup in Oberstaufen\" href=\"http:\/\/uplandschule.de\/?p=12306\">Sch\u00fclercup in Oberstaufen<\/a><\/li>\n<li><a title=\"Unsere neue Bl\u00e4sergruppe\" href=\"http:\/\/uplandschule.de\/?p=12308\">Unsere neue Bl\u00e4sergruppe<\/a><\/li>\n<li><a title=\"Schulpraktikanten 2008\" href=\"http:\/\/uplandschule.de\/?p=12310\">Schulpraktikanten 2008<\/a><\/li>\n<li><a title=\"Tischtennisturnier\" href=\"http:\/\/uplandschule.de\/?p=12312\">Tischtennisturnier<\/a><\/li>\n<li><a title=\"Mathewettbewerb\" href=\"http:\/\/uplandschule.de\/?p=12314\">Mathewettbewerb<\/a><\/li>\n<li><a title=\"Zum Tod von Dr. Egon Kauder\" href=\"http:\/\/uplandschule.de\/?p=12316\">Zum Tod von Dr. Egon Kauder<\/a><\/li>\n<li><a title=\"Biathleten Spitze\" href=\"http:\/\/uplandschule.de\/?p=12318\">Biathleten Spitze<\/a><\/li>\n<li><a title=\"Vorlesewettbewerb\" href=\"http:\/\/uplandschule.de\/?p=12320\">Vorlesewettbewerb<\/a><\/li>\n<li><a title=\"Basketballer in Topform\" href=\"http:\/\/uplandschule.de\/?p=12322\">Basketballer in Topform<\/a><\/li>\n<li><a title=\"Adventskonzert\" href=\"http:\/\/uplandschule.de\/?p=12324\">Adventskonzert<\/a><\/li>\n<li><a title=\"Eliteschule des Sports\" href=\"http:\/\/uplandschule.de\/?p=12326\">Eliteschule des Sports<\/a><\/li>\n<li><a title=\"Bauma\u00dfnahmen\" href=\"http:\/\/uplandschule.de\/?p=12328\">Bauma\u00dfnahmen<\/a><\/li>\n<li><a title=\"Neue Cafeteria\" href=\"http:\/\/uplandschule.de\/?p=12330\">Neue Cafeteria<\/a><\/li>\n<\/ul>\n","protected":false},"excerpt":{"rendered":"<p>Nachrichten Baubeginn Campus Theaterabend Abschluss Haupt- und Realschule Grundsch\u00fcler zeigen Musical Die Abiturienten der Uplandschule 2008 Schulkonzert Erstkl\u00e4ssler zu Gast im Kino Lesewettbewerb an der Grundschule Mathewettbewerb der 11. Klassen Fahrt nach Flavigny Saisonfinale im Deutschen Sch\u00fcler-Cup Bundesfinale Jugend trainiert f\u00fcr Olympia Gedr\u00e4nge beim Schnuppertag Landesentscheid &#8222;Jugend trainiert f\u00fcr Olympia&#8220; [&hellip;]<\/p>\n","protected":false},"author":11,"featured_media":0,"parent":0,"menu_order":0,"comment_status":"closed","ping_status":"closed","template":"","meta":{"footnotes":""},"class_list":["post-12275","page","type-page","status-publish","hentry"],"_links":{"self":[{"href":"https:\/\/uplandschule.de\/index.php?rest_route=\/wp\/v2\/pages\/12275","targetHints":{"allow":["GET"]}}],"collection":[{"href":"https:\/\/uplandschule.de\/index.php?rest_route=\/wp\/v2\/pages"}],"about":[{"href":"https:\/\/uplandschule.de\/index.php?rest_route=\/wp\/v2\/types\/page"}],"author":[{"embeddable":true,"href":"https:\/\/uplandschule.de\/index.php?rest_route=\/wp\/v2\/users\/11"}],"replies":[{"embeddable":true,"href":"https:\/\/uplandschule.de\/index.php?rest_route=%2Fwp%2Fv2%2Fcomments&post=12275"}],"version-history":[{"count":3,"href":"https:\/\/uplandschule.de\/index.php?rest_route=\/wp\/v2\/pages\/12275\/revisions"}],"predecessor-version":[{"id":12332,"href":"https:\/\/uplandschule.de\/index.php?rest_route=\/wp\/v2\/pages\/12275\/revisions\/12332"}],"wp:attachment":[{"href":"https:\/\/uplandschule.de\/index.php?rest_route=%2Fwp%2Fv2%2Fmedia&parent=12275"}],"curies":[{"name":"wp","href":"https:\/\/api.w.org\/{rel}","templated":true}]}}