{"id":11722,"date":"2016-10-06T18:41:22","date_gmt":"2016-10-06T16:41:22","guid":{"rendered":"http:\/\/uplandschule.de\/?page_id=11722"},"modified":"2021-05-22T11:14:02","modified_gmt":"2021-05-22T09:14:02","slug":"talentpflege","status":"publish","type":"page","link":"https:\/\/uplandschule.de\/?page_id=11722","title":{"rendered":"Talentf\u00f6rderung"},"content":{"rendered":"<p>Als Eliteschule des Sports nimmt die Uplandschule Willingen am landesweiten Programm der Talentsichtung und -f\u00f6rderung teil.<br>In der Grundschule erhalten alle Grundschulkinder die M\u00f6glichkeit, Skitage auf Langlaufski zu erleben. In der weiterf\u00fchrenden Schule beginnt eine Ausbildung im alpinen Skifahren.<br>Im jedem Schuljahr werden jeweils zwei Talentaufbaugruppen (TAGs) sowie zwei Talentf\u00f6rdergruppen (TFGs) eingerichtet. In den zwei Talentaufbaugruppen, die der Talentsicherung dienen, werden Sch\u00fcler der ersten und zweiten Klasse bzw. der dritten und vierten Klasse nach Sichtung der SportlehrerInnen aufgenommen. Hier wird eine sport\u00fcbergreifende Grundausbildung angeboten. In Form von Spielen, Turnen und Geschicklichkeitsparcours wird den Kindern Spa\u00df am Sport vermittelt, Schnelligkeit, Kraft, Ausdauer und Beweglichkeit werden trainiert.<br>Die \u00dcbernahme von TAG zu TFG erfolgt nur bei ersichtlichem Talent der Kinder. In den beiden Talentf\u00f6rdergruppen mit Sch\u00fclern aus der f\u00fcnften und sechsten Klasse werden sportspezifisch Langlauf\/Biathlon und Skispringen\/Nordische Kombination angeboten. TAGs wie TFGs aus den Schulen dienen der auf Landesebene gef\u00f6rderten Talentsichtung und -f\u00f6rderung. Die weitere sportliche&nbsp; Ausbildung der Sportler erfolgt dann in entsprechenden Kadertrainingsma\u00dfnahmen.<br>In Willingen wird dieses Programm sehr erfolgreich umgesetzt, da mit Schule, Internat und einem leistungsstarken Vereinen (Ski-Club Willingen und SC Usseln) sehr gute Rahmenbedingungen vorhanden sind.<br>Verantwortlich f\u00fcr TAGs an der Uplandschule ist Herr Ulrich Rehbein. Die Talentf\u00f6rdergruppen leiten die beiden Lehrertrainerinnen.<br>Die Uplandschule bietet auch f\u00fcr benachbarte Grundschulen Talentsichtungsma\u00dfnahmen und Unterst\u00fctzung bei schulsportlichen Skiwettbewerben oder Skitagen an.<\/p>\n\n\n<div class=\"wp-block-file alignleft\"><a href=\"https:\/\/uplandschule.de\/wp-content\/uploads\/2020\/10\/\u00dcbersicht_Sichtung_Skisport_Uplandschule.pdf\">\u00dcbersicht zur Talentsichtung im Skisport der UPS:<\/a><a href=\"https:\/\/uplandschule.de\/wp-content\/uploads\/2020\/10\/\u00dcbersicht_Sichtung_Skisport_Uplandschule.pdf\" class=\"wp-block-file__button\" download>Herunterladen<\/a><\/div>\n\n\n\n<p><\/p>\n\n\n\n<figure class=\"wp-block-image\"><img loading=\"lazy\" decoding=\"async\" width=\"600\" height=\"827\" src=\"https:\/\/uplandschule.de\/wp-content\/uploads\/2021\/05\/sportflyer.jpg\" alt=\"\" class=\"wp-image-17466\" srcset=\"https:\/\/uplandschule.de\/wp-content\/uploads\/2021\/05\/sportflyer.jpg 600w, https:\/\/uplandschule.de\/wp-content\/uploads\/2021\/05\/sportflyer-109x150.jpg 109w, https:\/\/uplandschule.de\/wp-content\/uploads\/2021\/05\/sportflyer-218x300.jpg 218w\" sizes=\"auto, (max-width: 600px) 100vw, 600px\" \/><\/figure>\n","protected":false},"excerpt":{"rendered":"<p>Als Eliteschule des Sports nimmt die Uplandschule Willingen am landesweiten Programm der Talentsichtung und -f\u00f6rderung teil.In der Grundschule erhalten alle Grundschulkinder die M\u00f6glichkeit, Skitage auf Langlaufski zu erleben. In der weiterf\u00fchrenden Schule beginnt eine Ausbildung im alpinen Skifahren.Im jedem Schuljahr werden jeweils zwei Talentaufbaugruppen (TAGs) sowie zwei Talentf\u00f6rdergruppen (TFGs) eingerichtet. [&hellip;]<\/p>\n","protected":false},"author":7,"featured_media":11742,"parent":11707,"menu_order":0,"comment_status":"closed","ping_status":"closed","template":"","meta":{"footnotes":""},"class_list":["post-11722","page","type-page","status-publish","has-post-thumbnail","hentry"],"_links":{"self":[{"href":"https:\/\/uplandschule.de\/index.php?rest_route=\/wp\/v2\/pages\/11722","targetHints":{"allow":["GET"]}}],"collection":[{"href":"https:\/\/uplandschule.de\/index.php?rest_route=\/wp\/v2\/pages"}],"about":[{"href":"https:\/\/uplandschule.de\/index.php?rest_route=\/wp\/v2\/types\/page"}],"author":[{"embeddable":true,"href":"https:\/\/uplandschule.de\/index.php?rest_route=\/wp\/v2\/users\/7"}],"replies":[{"embeddable":true,"href":"https:\/\/uplandschule.de\/index.php?rest_route=%2Fwp%2Fv2%2Fcomments&post=11722"}],"version-history":[{"count":10,"href":"https:\/\/uplandschule.de\/index.php?rest_route=\/wp\/v2\/pages\/11722\/revisions"}],"predecessor-version":[{"id":17583,"href":"https:\/\/uplandschule.de\/index.php?rest_route=\/wp\/v2\/pages\/11722\/revisions\/17583"}],"up":[{"embeddable":true,"href":"https:\/\/uplandschule.de\/index.php?rest_route=\/wp\/v2\/pages\/11707"}],"wp:featuredmedia":[{"embeddable":true,"href":"https:\/\/uplandschule.de\/index.php?rest_route=\/wp\/v2\/media\/11742"}],"wp:attachment":[{"href":"https:\/\/uplandschule.de\/index.php?rest_route=%2Fwp%2Fv2%2Fmedia&parent=11722"}],"curies":[{"name":"wp","href":"https:\/\/api.w.org\/{rel}","templated":true}]}}