{"id":11716,"date":"2016-10-06T18:40:17","date_gmt":"2016-10-06T16:40:17","guid":{"rendered":"http:\/\/uplandschule.de\/?page_id=11716"},"modified":"2022-09-21T15:31:15","modified_gmt":"2022-09-21T13:31:15","slug":"ski-langlauf","status":"publish","type":"page","link":"https:\/\/uplandschule.de\/?page_id=11716","title":{"rendered":"Ski-Langlauf"},"content":{"rendered":"<p>Der Bereich ist in 4 Trainingsgruppen untergliedert. In der ersten Gruppe werden Kinder im Alter zwischen f\u00fcnf und 9 Jahren spielerisch an den Nordischen Skisport herangef\u00fchrt. Die Kinder nehmen in diesem Alter bereits an ersten Wettk\u00e4mpfen auf regionaler und Landesebene teil und erzielen dort stets beachtliche Erfolge.<br \/>\nIn der zweiten Gruppe trainieren M\u00e4dchen und Jungen im Alter zwischen zehn und f\u00fcnfzehn Jahren bereits leistungs-orientierter. Ziel ist die Teilnahme und ein erfolgreiches Abschneiden bei Wettk\u00e4mpfen auf nationaler Ebene\u00a0 ab der Altersklasse 13 bis 15 (Deutscher Sch\u00fclercup). Die Jugendlichen (16 \u2013 19 Jahre) werden vom hessischen Landestrainer Konstantin Zakhvatkin betreut.<br \/>\nSie streben die Teilnahme und ein erfolgreiches Abschneiden bei nationalen Wettk\u00e4mpfen (Deutschland-Pokal\/Deutsche Meisterschaft) an; auch erste internationale Eins\u00e4tze sind m\u00f6glich.<br \/>\nDer Kader wird auf der <a href=\"https:\/\/www.leistungssport-wsv-hsv.de\/langlauf\/\" target=\"_blank\" rel=\"noopener\">Webseite des Hessischen Skiverbandes<\/a> vorgestellt.<\/p>\n<p><strong>Informationen zum Training der Nordischen Kombination im Olympia-St\u00fctzpunkt, Willingen\/Winterberg<\/strong><\/p>\n<p>Die Nordische Kombination \u2013 also Ski-Langlauf und Skispringen \u2013 ist die j\u00fcngste Disziplin, die in Winterberg trainiert wird.<\/p>\n","protected":false},"excerpt":{"rendered":"<p>Der Bereich ist in 4 Trainingsgruppen untergliedert. In der ersten Gruppe werden Kinder im Alter zwischen f\u00fcnf und 9 Jahren spielerisch an den Nordischen Skisport herangef\u00fchrt. Die Kinder nehmen in diesem Alter bereits an ersten Wettk\u00e4mpfen auf regionaler und Landesebene teil und erzielen dort stets beachtliche Erfolge. In der zweiten [&hellip;]<\/p>\n","protected":false},"author":7,"featured_media":11775,"parent":11714,"menu_order":0,"comment_status":"closed","ping_status":"closed","template":"","meta":{"footnotes":""},"class_list":["post-11716","page","type-page","status-publish","has-post-thumbnail","hentry"],"_links":{"self":[{"href":"https:\/\/uplandschule.de\/index.php?rest_route=\/wp\/v2\/pages\/11716","targetHints":{"allow":["GET"]}}],"collection":[{"href":"https:\/\/uplandschule.de\/index.php?rest_route=\/wp\/v2\/pages"}],"about":[{"href":"https:\/\/uplandschule.de\/index.php?rest_route=\/wp\/v2\/types\/page"}],"author":[{"embeddable":true,"href":"https:\/\/uplandschule.de\/index.php?rest_route=\/wp\/v2\/users\/7"}],"replies":[{"embeddable":true,"href":"https:\/\/uplandschule.de\/index.php?rest_route=%2Fwp%2Fv2%2Fcomments&post=11716"}],"version-history":[{"count":5,"href":"https:\/\/uplandschule.de\/index.php?rest_route=\/wp\/v2\/pages\/11716\/revisions"}],"predecessor-version":[{"id":20392,"href":"https:\/\/uplandschule.de\/index.php?rest_route=\/wp\/v2\/pages\/11716\/revisions\/20392"}],"up":[{"embeddable":true,"href":"https:\/\/uplandschule.de\/index.php?rest_route=\/wp\/v2\/pages\/11714"}],"wp:featuredmedia":[{"embeddable":true,"href":"https:\/\/uplandschule.de\/index.php?rest_route=\/wp\/v2\/media\/11775"}],"wp:attachment":[{"href":"https:\/\/uplandschule.de\/index.php?rest_route=%2Fwp%2Fv2%2Fmedia&parent=11716"}],"curies":[{"name":"wp","href":"https:\/\/api.w.org\/{rel}","templated":true}]}}