{"id":11710,"date":"2016-10-06T18:39:18","date_gmt":"2016-10-06T16:39:18","guid":{"rendered":"http:\/\/uplandschule.de\/?page_id=11710"},"modified":"2021-03-01T20:29:04","modified_gmt":"2021-03-01T19:29:04","slug":"olympia-stuetzpunkt","status":"publish","type":"page","link":"https:\/\/uplandschule.de\/?page_id=11710","title":{"rendered":"Olympia-St\u00fctzpunkt"},"content":{"rendered":"<p class=\"Textbody\">An der Uplandschule arbeiten zwei Lehrertrainer*innen, Monica Gerstengarbe-Lazarut und Michael Schulenberg, die gemeinsam mit den Vereins- und Landestrainern das Training und die schulische F\u00f6rderung der Sportler begleiten.<br \/>\nBesonders talentierte Sch\u00fclerinnen und Sch\u00fcler erhalten eine umfassende sportartspezifische Ausbildung, mit dem Ziel, in enger Verbindung mit den Talentaufbau-und Talentf\u00f6rdergruppen und dem Vereinstraining die Qualit\u00e4t der Ausbildung zu verbessern und m\u00f6glichst viele dieser gef\u00f6rderten Kinder und Jugendlichen in p\u00e4dagogischer Verantwortung in den Landeskader des Hessischen Skiverbandes zu \u00fcberf\u00fchren.<br \/>\nDie Lehrer-Trainer leiten die Ski-AG sowie die Trainingsgruppe 1. In diesen Gruppen trainieren sowohl Anf\u00e4nger als auch Fortgeschrittene. Ziel ist die Grundausbildung im Skilanglauf sowie eine breitgef\u00e4cherte allgemeine sportliche Ausbildung. Ab der Klasse 5 beginnt das Training in den Talentf\u00f6rdergruppen Skilanglauf und Skisprung um talentierte Sportlerinnnen und Sportler auf regionaler und nationaler Ebene zu sportlichen Erfolgen zu f\u00fchren. Einmal w\u00f6chentlich wird beim Skiclub Willingen auch ein Schie\u00dftraining f\u00fcr den Einstieg in die Sportart Biathlon angeboten.<br \/>\nIn Zusammenarbeit mit den Vereins- und Landestrainern werden Trainingsinhalte, Lehrgangs- und Wettkampfma\u00dfnahmen\u00a0 abgesprochen.<\/p>\n","protected":false},"excerpt":{"rendered":"<p>An der Uplandschule arbeiten zwei Lehrertrainer*innen, Monica Gerstengarbe-Lazarut und Michael Schulenberg, die gemeinsam mit den Vereins- und Landestrainern das Training und die schulische F\u00f6rderung der Sportler begleiten. Besonders talentierte Sch\u00fclerinnen und Sch\u00fcler erhalten eine umfassende sportartspezifische Ausbildung, mit dem Ziel, in enger Verbindung mit den Talentaufbau-und Talentf\u00f6rdergruppen und dem Vereinstraining [&hellip;]<\/p>\n","protected":false},"author":7,"featured_media":0,"parent":100,"menu_order":0,"comment_status":"closed","ping_status":"closed","template":"","meta":{"footnotes":""},"class_list":["post-11710","page","type-page","status-publish","hentry"],"_links":{"self":[{"href":"https:\/\/uplandschule.de\/index.php?rest_route=\/wp\/v2\/pages\/11710","targetHints":{"allow":["GET"]}}],"collection":[{"href":"https:\/\/uplandschule.de\/index.php?rest_route=\/wp\/v2\/pages"}],"about":[{"href":"https:\/\/uplandschule.de\/index.php?rest_route=\/wp\/v2\/types\/page"}],"author":[{"embeddable":true,"href":"https:\/\/uplandschule.de\/index.php?rest_route=\/wp\/v2\/users\/7"}],"replies":[{"embeddable":true,"href":"https:\/\/uplandschule.de\/index.php?rest_route=%2Fwp%2Fv2%2Fcomments&post=11710"}],"version-history":[{"count":3,"href":"https:\/\/uplandschule.de\/index.php?rest_route=\/wp\/v2\/pages\/11710\/revisions"}],"predecessor-version":[{"id":17121,"href":"https:\/\/uplandschule.de\/index.php?rest_route=\/wp\/v2\/pages\/11710\/revisions\/17121"}],"up":[{"embeddable":true,"href":"https:\/\/uplandschule.de\/index.php?rest_route=\/wp\/v2\/pages\/100"}],"wp:attachment":[{"href":"https:\/\/uplandschule.de\/index.php?rest_route=%2Fwp%2Fv2%2Fmedia&parent=11710"}],"curies":[{"name":"wp","href":"https:\/\/api.w.org\/{rel}","templated":true}]}}