{"id":11707,"date":"2016-10-06T18:38:15","date_gmt":"2016-10-06T16:38:15","guid":{"rendered":"http:\/\/uplandschule.de\/?page_id=11707"},"modified":"2022-09-21T15:24:28","modified_gmt":"2022-09-21T13:24:28","slug":"eliteschule-des-sports","status":"publish","type":"page","link":"https:\/\/uplandschule.de\/?page_id=11707","title":{"rendered":"Eliteschule des Sports"},"content":{"rendered":"<h3>Uplandschule &#8211; Eliteschule des Sports<\/h3>\n<p>Die Uplandschule ist seit 2007 \u201eEliteschule des nordischen Skisports\u201c, ein Verbundsystem von Schule, Internat und Verein bzw. Verband.<\/p>\n<p>\u201eWeltmeister werden und die Schule schaffen\u201c (Richartz &amp; Brettschneider, 1996) ist eine treffende Beschreibung des Ziels der Einrichtungen f\u00fcr sportlich talentierte Nachwuchsathleten &#8211; die Koordination schulischer Bildung und sportlicher Ausbildung,\u00a0ohne einen der beiden Bereiche auf Kosten des anderen zu vernachl\u00e4ssigen.<\/p>\n<p>Der Deutsche Olympische Sportbund stellt unter dem folgenden Link unseren Standort vor.<\/p>\n<p><a href=\"https:\/\/eliteschulen.dosb.de\/standorte\/hessen#akkordeon-13637\" target=\"_blank\" rel=\"noopener\"><img loading=\"lazy\" decoding=\"async\" class=\"alignnone wp-image-11756 size-full\" src=\"https:\/\/uplandschule.de\/wp-content\/uploads\/2016\/10\/DOSB-Logo.jpg\" alt=\"dosb-logo\" width=\"100\" height=\"78\" \/><\/a><\/p>\n<p><strong>Stimmen zu unserer Schule<\/strong><\/p>\n<p>Das haben Schwarzw\u00e4lder und Oberbayern inzwischen gelernt: Untersch\u00e4tze das Sauerland nicht. Aus ihrer Sicht ist das Grenzgebiet zwischen Hessen und Nordrhein-Westfalen zwar flach, dennoch sind den traditionellen deutschen Wintersportorten hier Konkurrenten auf Augenh\u00f6he erwachsen.<\/p>\n<p>Willingen und Winterberg haben sich unter anderem als Weltcup-Veranstalter (im Skispringen respektive Bob, Rennrodeln und Skeleton) durchgesetzt, einen gemeinsamen l\u00e4nder\u00fcbergreifenden Nachwuchs-Bundesst\u00fctzpunkt des Deutschen Ski-Verbandes etabliert, und sie organisieren die einzige l\u00e4nder\u00fcbergreifende Eliteschule des Sports.<\/p>\n<p>Talente in Skisprung, Nordischer Kombination, Langlauf, Bob, Rennrodeln und Skeleton werden in Winterberg an die nationale und internationale Spitze herangef\u00fchrt, die kooperative Gesamtschule von Willingen f\u00f6rdert ebenfalls Nordische Skisportler in Skisprung und im Langlauf sowie die Biathleten.<\/p>\n<p>Nicht immer werden die Absolventen zu pr\u00e4genden Figuren der Wintersportszene wie die fr\u00fchere Biathletin Petra Behle und der Langl\u00e4ufer Jochen Behle aus Willingen. Aber Abg\u00e4nger der vergangenen Jahre wie die Zwillinge Maren und Janin Hammerschmidt, Christoph Knie (Biathlon), Steffen Tepel, Stefan Tuss (beide Nordische Kombination) und Sandro Stielicke (Skeleton), die Schwestern Nadine und Karoline Horchler (Biathlon), der Skispringer Paul Winter und\u00a0 Stephan Leyhe z\u00e4hlen mindestens zur erweiterten Spitze ihres Sports.<\/p>\n<p>Stephan ist seit 2015 an unserer Schule Pate im Projekt \u201eSchule ohne Rassismus\u201c.<\/p>\n","protected":false},"excerpt":{"rendered":"<p>Uplandschule &#8211; Eliteschule des Sports Die Uplandschule ist seit 2007 \u201eEliteschule des nordischen Skisports\u201c, ein Verbundsystem von Schule, Internat und Verein bzw. Verband. \u201eWeltmeister werden und die Schule schaffen\u201c (Richartz &amp; Brettschneider, 1996) ist eine treffende Beschreibung des Ziels der Einrichtungen f\u00fcr sportlich talentierte Nachwuchsathleten &#8211; die Koordination schulischer Bildung [&hellip;]<\/p>\n","protected":false},"author":7,"featured_media":0,"parent":100,"menu_order":0,"comment_status":"closed","ping_status":"closed","template":"","meta":{"footnotes":""},"class_list":["post-11707","page","type-page","status-publish","hentry"],"_links":{"self":[{"href":"https:\/\/uplandschule.de\/index.php?rest_route=\/wp\/v2\/pages\/11707","targetHints":{"allow":["GET"]}}],"collection":[{"href":"https:\/\/uplandschule.de\/index.php?rest_route=\/wp\/v2\/pages"}],"about":[{"href":"https:\/\/uplandschule.de\/index.php?rest_route=\/wp\/v2\/types\/page"}],"author":[{"embeddable":true,"href":"https:\/\/uplandschule.de\/index.php?rest_route=\/wp\/v2\/users\/7"}],"replies":[{"embeddable":true,"href":"https:\/\/uplandschule.de\/index.php?rest_route=%2Fwp%2Fv2%2Fcomments&post=11707"}],"version-history":[{"count":14,"href":"https:\/\/uplandschule.de\/index.php?rest_route=\/wp\/v2\/pages\/11707\/revisions"}],"predecessor-version":[{"id":20389,"href":"https:\/\/uplandschule.de\/index.php?rest_route=\/wp\/v2\/pages\/11707\/revisions\/20389"}],"up":[{"embeddable":true,"href":"https:\/\/uplandschule.de\/index.php?rest_route=\/wp\/v2\/pages\/100"}],"wp:attachment":[{"href":"https:\/\/uplandschule.de\/index.php?rest_route=%2Fwp%2Fv2%2Fmedia&parent=11707"}],"curies":[{"name":"wp","href":"https:\/\/api.w.org\/{rel}","templated":true}]}}