{"id":11683,"date":"2016-10-04T15:06:52","date_gmt":"2016-10-04T13:06:52","guid":{"rendered":"http:\/\/uplandschule.de\/?page_id=11683"},"modified":"2016-12-12T21:15:40","modified_gmt":"2016-12-12T20:15:40","slug":"profil-der-ups-2","status":"publish","type":"page","link":"https:\/\/uplandschule.de\/?page_id=11683","title":{"rendered":"Profil der UPS"},"content":{"rendered":"<p>Die Uplandschule Willingen (kurz UPS) ist seit dem Zusammenschluss des Gymnasiums Uplandschule und der GHR Willingen im Jahre 2005 eine kooperative Gesamtschule des Landkreises Waldeck-Frankenberg und vereint Grund-, Haupt- und Realschule sowie einen gymnasialen Zweig bis zur Klasse 9 (G8-Modell), ab Schuljahr 2013\/14 R\u00fcckkehr zu G9, und den Bildungsgang der gymnasialen Oberstufe bis zum Abitur. Das Einzugsgebiet umfasst die Gro\u00dfgemeinden Willingen und Diemelsee, die Umgebung von Brilon und Olsberg sowie den Raum Korbach. In der Grundschule und in der Sekundarstufe I gibt es pro Jahrgang in der Regel zwei Parallelklassen. Haupt- und Realsch\u00fcler werden in den Jahrg\u00e4ngen 5 und 6 gemeinsam mit innerer Differenzierung, ab Klasse 7 in den F\u00e4chern Englisch, Deutsch und Mathematik bzw. in den F\u00e4chern getrennt unterrichtet, in denen sich die Stundentafeln schulformbezogen unterscheiden. Neben Englisch werden als Fremdsprachen Franz\u00f6sisch und Latein (Gymnasialzweig) angeboten. Sch\u00fclerinnen und Sch\u00fcler k\u00f6nnen an der UPS den Hauptschul- bzw. den Mittleren Abschluss, die Fachhochschulreife oder das Abitur erwerben. In der gymnasialen Oberstufe haben sie die Wahl zwischen Leistungskursen in den F\u00e4chern Deutsch, Mathematik, Englisch, Biologie, PoWi und Sport. Der Wahlpflicht- bzw. Wahlunterricht der Sekundarstufe I umfasst Angebote aus dem sprachlichen, k\u00fcnstlerischen, musischen, sportlichen und naturwissenschaftlichen Bereich. Dies beinhaltet auch Informatik und Arbeitslehre. Im Jahrgang 9 findet regelm\u00e4\u00dfig ein Betriebspraktikum statt. Das kulturelle Leben der Schule wird bereichert durch die Schulpartnerschaft mit einer Schule in Frankreich sowie durch regelm\u00e4\u00dfig stattfindende Theaterbesuche in Kassel bzw. Marburg.<br \/>\nDie Uplandschule bietet f\u00fcr Grundsch\u00fcler eine Betreuung ab 7.30 Uhr an. Von Montag bis Donnerstag besteht die M\u00f6glichkeit zum Mittagessen in der Schule sowie zur Teilnahme an Arbeitsgemeinschaften im Rahmen der p\u00e4dagogischen Mittagsbetreuung bis 15.30 Uhr.<br \/>\nBereits in den 80-er Jahren f\u00f6rderten die Vorg\u00e4ngerschulen der UPS in Verbindung mit dem damals gegr\u00fcndeten Skiinternat Nachwuchstalente in wintersportlichen Disziplinen, zun\u00e4chst im Langlauf und Biathlon. Sp\u00e4ter kamen Skisprung und Nordische Kombination hinzu. Durch zus\u00e4tzlichen Unterricht wurden die aufgrund der Teilnahme an Lehrg\u00e4ngen und Wettk\u00e4mpfen entstehenden Fehlzeiten der Sch\u00fclerinnen und Sch\u00fcler kompensiert. Stunden- und Klausurenpl\u00e4ne passte man den Bed\u00fcrfnissen der Leistungssportler an und erm\u00f6glichte damit die erfolgreiche Verbindung von Schule und Leistungssport. Eine vollst\u00e4ndige Liste der sportlichen Erfolge -insbesondere der hessenweit erzielten- w\u00fcrde den Rahmen dieses Schulprogramms sprengen.<\/p>\n<p>Die wichtigsten nationalen und internationalen Erfolge finden Sie <a class=\"internal-link\" href=\"http:\/\/uplandschule.de\/?id=556\">hier<\/a>.<\/p>\n<p>Au\u00dferdem leisteten Uplandsch\u00fclerinnen Pionierarbeit beim Aufbau der ersten Nationalmannschaft im Damen-Biathlon bzw. der ersten Frauennationalmannschaft im Skispringen.<\/p>\n<p>Nach eingehender \u00dcberpr\u00fcfung der erforderlichen Kriterien (stundenplantechnische Voraussetzungen, F\u00f6rderunterricht, hervorragende Trainingsm\u00f6glichkeiten, qualifizierte Trainer, kurze Entfernungen zwischen Wohnen (Internat), Schule und Trainingsst\u00e4tten sowie erfolgreiche Schulabschl\u00fcsse f\u00fcr Leistungssportler und nationale bzw. internationale Erfolge) wurde der Uplandschule im l\u00e4nder-\u00fcbergreifenden Verbund mit dem Geschwister-Scholl-Gymnasium und der Hauptschule Winterberg sowie dem Berufskolleg Olsberg im Jahr 2007 vom Deutschen Olympischen Sportbund das Pr\u00e4dikat \u201eEliteschule des Sports\u201c verliehen. Deutschlandweit gibt es 40 solcher Schulen, hessenweit ist die UPS die zweite, die einzige allerdings mit wintersportlichem Schwerpunkt.<br \/>\nDie Uplandschule arbeitet als \u201eEliteschule des Sports\u201c eng mit dem Skiclub Willingen, dem Leiter des Olympiast\u00fctzpunktes Willingen\/Winterberg (Nachwuchs) und den hessischen Landestrainern in den Bereichen Langlauf, Biathlon und Skisprung zusammen.<br \/>\nAu\u00dferdem sind ihr im Rahmen des Programms der Hessischen Landesregierung zur F\u00f6rderung des Sports in Schule und Verein, dem die UPS seit 1980 angeh\u00f6rt, zwei Lehrertrainer und ein Koordinator zugewiesen, die sportlich talentierte Sch\u00fclerinnen und Sch\u00fcler bereits im Grundschulalter erkennen und f\u00fcr eine sportliche Laufbahn aktivieren sollen. Talentaufbau- und Talent\u00f6rdergruppen (TAG bzw. TFG) gibt es an der Uplandschule f\u00fcr die Jahrg\u00e4nge 1 und 2, 3 und 4 sowie 5 und 6. Ab Jahrgangsstufe 7 werden die besonderen Talente in Skileistungsgruppen trainiert.<\/p>\n<p>Neben dem sportlichen Schwerpunkt setzt die UPS aber auch in anderen Bereichen Akzente:<\/p>\n<p>Berufsorientierung<\/p>\n<ul>\n<li>Betriebspraktika der Klassen H\/R9 und G9<\/li>\n<li>Berufsberatung (Agentur f\u00fcr Arbeit, Korbach)<\/li>\n<li>Hochschulerkundungswoche (regelm\u00e4\u00dfige Teilnahme Jg. 12 )<\/li>\n<li>Bewerbungstraining<\/li>\n<li>Schullaufbahnberatung<\/li>\n<li>Projekt: Schule und Beruf (Haupt- und Realschule)<\/li>\n<\/ul>\n<p><b><br \/>\n\u00d6ffnung der Schule nach au\u00dfen\/kulturelle Praxis<\/b><\/p>\n<ul>\n<li>Unterrichtsg\u00e4nge (Betriebe, Verwaltung)<\/li>\n<li>Schulpartnerschaft mit Vend\u00f4me\/Frankreich<\/li>\n<li>Theater (Arbeitsgemeinschaften in allen Schulformen)<\/li>\n<li>Mediothek (B\u00fccherei, Zugang zum Internet)<\/li>\n<li>Chorprojekte (regelm\u00e4\u00dfige Sommer- und Weihnachtskonzerte)<\/li>\n<li>regelm. Theaterbesuche (Kassel\/Marburg)<\/li>\n<li>Schnuppertage f\u00fcr Klassen 5 bzw. Jg. E1<\/li>\n<li>Zusammenarbeit mit dem Seniorenwohnheim \u201eHaus am Kurpark\u201c Willingen (musikalische Auftritte, vorweihnachtliches Programm der Grundschule, Vorlesenachmittage etc.)<\/li>\n<li>Kooperation Grundschule-Kinderg\u00e4rten Willingen<\/li>\n<li>Schulfeste<\/li>\n<\/ul>\n<p><b><br \/>\nWeiterentwicklung des Unterrichts<\/b><\/p>\n<ul>\n<li>regelm. Methodentage zur F\u00f6rderung der Methoden- und Medienkompetenz (Klassen 5, Sek I, Sek II)<\/li>\n<li>Fortbildung der Schulleitung (Bildungsstandards, Kerncurricula)<\/li>\n<li>Fachschaft Englisch: Umsetzung der Bildungsstandards in<br \/>\nSchulcurricula (Teilnahme an hess. Pilotprojekt)<\/li>\n<li>Schwerpunkte im Wahlpflicht- bzw. Wahlunterricht: Franz\u00f6sisch,<br \/>\nInformatik, Arbeitslehre sowie weitere Angebote im k\u00fcnstlerischen, musischen, naturwissenschaftlichen und sportlichen Bereich<\/li>\n<\/ul>\n<p><b><br \/>\nBeratung und Betreuung<\/b><\/p>\n<ul>\n<li>F\u00f6rderpl\u00e4ne<\/li>\n<li>Verkehrserziehung<\/li>\n<li>Gewalt- und Suchtpr\u00e4vention (regelm. Veranstaltungen: \u201eCool sein &#8211; cool bleiben (Jg. 7), Polizeisprechstunde (Polizei Korbach), weitere, z.B. \u201eGeh mit keinem Fremden\u201c (Grundschule), Vortr\u00e4ge)<\/li>\n<li>Sprechstunde Schulsozialarbeit<\/li>\n<li>Betreuende Grundschule<\/li>\n<li>P\u00e4dagogische Mittagsbetreuung<\/li>\n<\/ul>\n<p><b><br \/>\nWettbewerbe<\/b><\/p>\n<ul>\n<li>Sport (\u201eJugend trainiert f\u00fcr Olympia\u201c, Fu\u00dfball- und Schwimmwettk\u00e4mpfe (Grundschule), Waldlaufmeisterschaften, Bundesjugendspiele, Tischtennis-Sportabzeichen)<\/li>\n<\/ul>\n<ul>\n<li>Vorlesewettbewerb (Grundschule regional &#8211; Sek I \u201eStiftung Lesen\u201c)<\/li>\n<li>weitere f\u00e4cherbezogene Wettbewerbe (z.B. PoWi: Planspiele \u201eB\u00f6rse\u201c, \u201e\u00d6koWi\u201c, Mathematikwettbewerbe (Klassen 8 bzw. E1), Mathematik-olympiade, \u201eK\u00e4nguru-Wettbewerb\u201c (alle Klassen), \u201eTag der Mathematik\u201c)<\/li>\n<li>Band-Contest (Rock-AG)<\/li>\n<li>Schul-Schachmeisterschaft<\/li>\n<\/ul>\n<p>&nbsp;<\/p>\n","protected":false},"excerpt":{"rendered":"<p>Die Uplandschule Willingen (kurz UPS) ist seit dem Zusammenschluss des Gymnasiums Uplandschule und der GHR Willingen im Jahre 2005 eine kooperative Gesamtschule des Landkreises Waldeck-Frankenberg und vereint Grund-, Haupt- und Realschule sowie einen gymnasialen Zweig bis zur Klasse 9 (G8-Modell), ab Schuljahr 2013\/14 R\u00fcckkehr zu G9, und den Bildungsgang der [&hellip;]<\/p>\n","protected":false},"author":7,"featured_media":0,"parent":11933,"menu_order":0,"comment_status":"closed","ping_status":"closed","template":"","meta":{"footnotes":""},"class_list":["post-11683","page","type-page","status-publish","hentry"],"_links":{"self":[{"href":"https:\/\/uplandschule.de\/index.php?rest_route=\/wp\/v2\/pages\/11683","targetHints":{"allow":["GET"]}}],"collection":[{"href":"https:\/\/uplandschule.de\/index.php?rest_route=\/wp\/v2\/pages"}],"about":[{"href":"https:\/\/uplandschule.de\/index.php?rest_route=\/wp\/v2\/types\/page"}],"author":[{"embeddable":true,"href":"https:\/\/uplandschule.de\/index.php?rest_route=\/wp\/v2\/users\/7"}],"replies":[{"embeddable":true,"href":"https:\/\/uplandschule.de\/index.php?rest_route=%2Fwp%2Fv2%2Fcomments&post=11683"}],"version-history":[{"count":1,"href":"https:\/\/uplandschule.de\/index.php?rest_route=\/wp\/v2\/pages\/11683\/revisions"}],"predecessor-version":[{"id":11684,"href":"https:\/\/uplandschule.de\/index.php?rest_route=\/wp\/v2\/pages\/11683\/revisions\/11684"}],"up":[{"embeddable":true,"href":"https:\/\/uplandschule.de\/index.php?rest_route=\/wp\/v2\/pages\/11933"}],"wp:attachment":[{"href":"https:\/\/uplandschule.de\/index.php?rest_route=%2Fwp%2Fv2%2Fmedia&parent=11683"}],"curies":[{"name":"wp","href":"https:\/\/api.w.org\/{rel}","templated":true}]}}