{"id":100,"date":"2016-07-11T12:15:15","date_gmt":"2016-07-11T10:15:15","guid":{"rendered":"http:\/\/uplandschule.de\/?page_id=100"},"modified":"2022-09-21T15:33:41","modified_gmt":"2022-09-21T13:33:41","slug":"leistungssport","status":"publish","type":"page","link":"https:\/\/uplandschule.de\/?page_id=100","title":{"rendered":"Leistungssport"},"content":{"rendered":"<table class=\"skeleton\" border=\"0\" cellspacing=\"0\" cellpadding=\"0\">\n<tbody>\n<tr>\n<td class=\"s_contentInner\">\n<div id=\"c702\" class=\"csc-default\">\n<div class=\"csc-header csc-header-n1\">\n<h1 class=\"csc-firstHeader\">Leitlinien f\u00fcr Ganztagsschule und Leistungssport<\/h1>\n<\/div>\n<\/div>\n<div id=\"c680\" class=\"csc-default\">\n<p class=\"bodytext\">1. Bestm\u00f6gliche Unterst\u00fctzung der <strong><em>LeistungssportlerInnen<\/em><\/strong>\u00a0 (LSP) durch Partnersch\u00fclerInnen und die <strong><em>FachkollegInnen<\/em><\/strong> und besonders vor und nach den Lehrg\u00e4ngen.<\/p>\n<p>2. Regelm\u00e4\u00dfige Kontaktaufnahme zwischen<\/p>\n<p class=\"bodytext\">LSP\u00a0\u00a0 &#8212;&#8212;&#8212;&#8212;-\u00a0 Koordinator &#8212;&#8212;&#8212;&#8212;- KollegInnen<\/p>\n<p class=\"bodytext\">\u00a0\u00a0 (Michael Schulenberg)<\/p>\n<p class=\"bodytext\">Zur Optimierung des Unterst\u00fctzungssystems wird ein LSP-Team gebildet, das f\u00fcr schulischen Erfolg der Leistungssportler in besonderer Weise Verantwortung \u00fcbernimmt. Das LSP-Team besteht aus<\/p>\n<ul>\n<li>dem Koordinator,<\/li>\n<li>den Lehrer-Trainern,<\/li>\n<li>den Spartentrainern des Ski-Sports.<\/li>\n<\/ul>\n<p class=\"bodytext\">Das LSP-Team ist unter Federf\u00fchrung des Koordinators dem Schulleiter rechenschaftspflichtig.<\/p>\n<p class=\"bodytext\">3. Stundenplan<br \/>\nSportunterricht von Klassen \/ Kursen mit LSP findet m\u00f6glichst nachmittags statt.<br \/>\nDie LSP k\u00f6nnen zeitweise vom regul\u00e4ren Sportunterricht befreit werden, sofern der Nachweis der erforderlichen Kurs- und Unterrichtsleistungen anderweitig erbracht wird. Springstunden sollten f\u00fcr F\u00f6rderunterricht bzw. Training genutzt werden.<br \/>\nEine Stundenreduktion in bestimmten Grundkursen bzw. Leistungskursen kann im Einzelfall \u00fcberdacht werden, wenn sichergestellt ist, dass der ausgefallene Unterricht durch individuelle F\u00f6rderung kompensiert werden kann.<br \/>\nLeistungskursstunden der LSP liegen \u00fcberwiegend montags, dienstags und mittwochs.<br \/>\nDie Anzahl der Leistungsnachweise k\u00f6nnte in Grundkursen reduziert werden (Ersatz z.B. durch Referate, Hausarbeiten).<br \/>\nKlassenarbeitspl\u00e4ne und Lehrgangstermine werden koordiniert.<br \/>\nBei der Planung von Arbeits- und Klausurterminen orientieren sich die KollegInnen an den an zentraler Stelle durch den Koordinator ver\u00f6ffentlichten Leistungssportterminen (Lehrgang oder Training bzw. Jugend trainiert f\u00fcr Olympia).<br \/>\nDer Koordinator ist f\u00fcr die Harmonisierung der u.U. verschiedenen Interessenlagen zust\u00e4ndig.<br \/>\nEs erfolgen keine Leistungs\u00fcberpr\u00fcfungen der LSP an Montagen, wenn diese an Wochenendlehrg\u00e4ngen bzw. -wettk\u00e4mpfen teilgenommen haben.<\/p>\n<p class=\"bodytext\">4. Schulleitung und die betreffenden Sportgremien tauschen sich in bestimmten Zeitabst\u00e4nden aus.<\/p>\n<p class=\"bodytext\"><span style=\"font-size: revert; font-family: inherit; font-weight: inherit; color: initial;\">Weiterf\u00fchrende Informationen finden Sie unter <\/span><a href=\"https:\/\/www.leistungssport-wsv-hsv.de\" target=\"_blank\" rel=\"noopener\" style=\"font-size: revert; font-family: inherit; font-weight: inherit;\">https:\/\/www.leistungssport-wsv-hsv.de<\/a><\/p>\n<\/div>\n<p>Die Fachschaft Sport<\/td>\n<\/tr>\n<\/tbody>\n<\/table>\n","protected":false},"excerpt":{"rendered":"<p>Leitlinien f\u00fcr Ganztagsschule und Leistungssport 1. Bestm\u00f6gliche Unterst\u00fctzung der LeistungssportlerInnen\u00a0 (LSP) durch Partnersch\u00fclerInnen und die FachkollegInnen und besonders vor und nach den Lehrg\u00e4ngen. 2. Regelm\u00e4\u00dfige Kontaktaufnahme zwischen LSP\u00a0\u00a0 &#8212;&#8212;&#8212;&#8212;-\u00a0 Koordinator &#8212;&#8212;&#8212;&#8212;- KollegInnen \u00a0\u00a0 (Michael Schulenberg) Zur Optimierung des Unterst\u00fctzungssystems wird ein LSP-Team gebildet, das f\u00fcr schulischen Erfolg der Leistungssportler in [&hellip;]<\/p>\n","protected":false},"author":11,"featured_media":0,"parent":0,"menu_order":0,"comment_status":"closed","ping_status":"closed","template":"","meta":{"footnotes":""},"class_list":["post-100","page","type-page","status-publish","hentry"],"_links":{"self":[{"href":"https:\/\/uplandschule.de\/index.php?rest_route=\/wp\/v2\/pages\/100","targetHints":{"allow":["GET"]}}],"collection":[{"href":"https:\/\/uplandschule.de\/index.php?rest_route=\/wp\/v2\/pages"}],"about":[{"href":"https:\/\/uplandschule.de\/index.php?rest_route=\/wp\/v2\/types\/page"}],"author":[{"embeddable":true,"href":"https:\/\/uplandschule.de\/index.php?rest_route=\/wp\/v2\/users\/11"}],"replies":[{"embeddable":true,"href":"https:\/\/uplandschule.de\/index.php?rest_route=%2Fwp%2Fv2%2Fcomments&post=100"}],"version-history":[{"count":5,"href":"https:\/\/uplandschule.de\/index.php?rest_route=\/wp\/v2\/pages\/100\/revisions"}],"predecessor-version":[{"id":20395,"href":"https:\/\/uplandschule.de\/index.php?rest_route=\/wp\/v2\/pages\/100\/revisions\/20395"}],"wp:attachment":[{"href":"https:\/\/uplandschule.de\/index.php?rest_route=%2Fwp%2Fv2%2Fmedia&parent=100"}],"curies":[{"name":"wp","href":"https:\/\/api.w.org\/{rel}","templated":true}]}}